{"id":24048,"date":"2022-11-09T13:36:43","date_gmt":"2022-11-09T13:36:43","guid":{"rendered":"http:\/\/www.sakababeauty.com\/?post_type=product&#038;p=24048"},"modified":"2022-11-09T13:36:44","modified_gmt":"2022-11-09T13:36:44","slug":"garnier-skinactive-micellar-makeup-removing-wipes500","status":"publish","type":"product","link":"https:\/\/sakaba.mghosteur.com\/en\/product\/garnier-skinactive-micellar-makeup-removing-wipes500\/","title":{"rendered":"Garnier SkinActive Micellar Makeup Removing WIPES500"},"content":{"rendered":"","protected":false},"excerpt":{"rendered":"","protected":false},"featured_media":0,"comment_status":"closed","ping_status":"closed","template":"","meta":[],"product_brand":[],"product_cat":[446],"product_tag":[],"class_list":{"0":"post-24048","1":"product","2":"type-product","3":"status-publish","5":"product_cat-nettoyant","7":"first","8":"instock","9":"shipping-taxable","10":"product-type-simple"},"jetpack-related-posts":[{"id":24078,"url":"https:\/\/sakaba.mghosteur.com\/en\/product\/garnier-skinactive-micellar-makeup-removing-wipes\/","url_meta":{"origin":24048,"position":0},"title":"Garnier SkinActive Micellar Makeup Removing WIPES","author":"admin","date":"November 9, 2022","format":false,"excerpt":"","rel":"","context":"Similar post","block_context":{"text":"Similar post","link":""},"img":{"alt_text":"","src":"","width":0,"height":0},"classes":[]},{"id":24054,"url":"https:\/\/sakaba.mghosteur.com\/en\/product\/garnier-skinactive-micellar-water-all-in-1-700ml\/","url_meta":{"origin":24048,"position":1},"title":"Garnier SkinActive Micellar Water All-In-1 700ML","author":"admin","date":"November 9, 2022","format":false,"excerpt":"","rel":"","context":"Similar post","block_context":{"text":"Similar post","link":""},"img":{"alt_text":"","src":"","width":0,"height":0},"classes":[]},{"id":33350,"url":"https:\/\/sakaba.mghosteur.com\/en\/product\/25-count-biore-charcoal-micellar-makeup-removing-cloths\/","url_meta":{"origin":24048,"position":2},"title":"25 Count Biore Charcoal Micellar Makeup Removing Cloths","author":"admin","date":"May 21, 2024","format":false,"excerpt":"Lingettes d\u00e9maquillantes au charbon Bior\u00e9, avec eau micellaire nettoyante, d\u00e9maquillantes et d\u00e9graissantes sans rin\u00e7age, pour peaux grasses, 25 unit\u00e9s","rel":"","context":"Similar post","block_context":{"text":"Similar post","link":""},"img":{"alt_text":"","src":"","width":0,"height":0},"classes":[]},{"id":23977,"url":"https:\/\/sakaba.mghosteur.com\/en\/product\/garnier-skinactive-clean-purifying-oil-free-cleansing-towelettes\/","url_meta":{"origin":24048,"position":3},"title":"Garnier SkinActive Clean+ Purifying Oil-Free Cleansing Towelettes","author":"admin","date":"November 9, 2022","format":false,"excerpt":"","rel":"","context":"Similar post","block_context":{"text":"Similar post","link":""},"img":{"alt_text":"","src":"","width":0,"height":0},"classes":[]},{"id":24051,"url":"https:\/\/sakaba.mghosteur.com\/en\/product\/garnier-micellar-cleanising-water-all-skin-types-23-7-oz\/","url_meta":{"origin":24048,"position":4},"title":"Garnier Micellar Cleanising Water &#8211; All Skin Types 23.7 OZ","author":"admin","date":"November 9, 2022","format":false,"excerpt":"","rel":"","context":"Similar post","block_context":{"text":"Similar post","link":""},"img":{"alt_text":"","src":"","width":0,"height":0},"classes":[]},{"id":24057,"url":"https:\/\/sakaba.mghosteur.com\/en\/product\/garnier-micellar-cleansing-water-all-skin-types-23-7-oz\/","url_meta":{"origin":24048,"position":5},"title":"Garnier Micellar Cleansing Water &#8211; All Skin Types 23.7 OZ","author":"admin","date":"November 9, 2022","format":false,"excerpt":"","rel":"","context":"Similar post","block_context":{"text":"Similar post","link":""},"img":{"alt_text":"","src":"","width":0,"height":0},"classes":[]}],"_links":{"self":[{"href":"https:\/\/sakaba.mghosteur.com\/en\/wp-json\/wp\/v2\/product\/24048","targetHints":{"allow":["GET"]}}],"collection":[{"href":"https:\/\/sakaba.mghosteur.com\/en\/wp-json\/wp\/v2\/product"}],"about":[{"href":"https:\/\/sakaba.mghosteur.com\/en\/wp-json\/wp\/v2\/types\/product"}],"replies":[{"embeddable":true,"href":"https:\/\/sakaba.mghosteur.com\/en\/wp-json\/wp\/v2\/comments?post=24048"}],"version-history":[{"count":0,"href":"https:\/\/sakaba.mghosteur.com\/en\/wp-json\/wp\/v2\/product\/24048\/revisions"}],"wp:attachment":[{"href":"https:\/\/sakaba.mghosteur.com\/en\/wp-json\/wp\/v2\/media?parent=24048"}],"wp:term":[{"taxonomy":"product_brand","embeddable":true,"href":"https:\/\/sakaba.mghosteur.com\/en\/wp-json\/wp\/v2\/product_brand?post=24048"},{"taxonomy":"product_cat","embeddable":true,"href":"https:\/\/sakaba.mghosteur.com\/en\/wp-json\/wp\/v2\/product_cat?post=24048"},{"taxonomy":"product_tag","embeddable":true,"href":"https:\/\/sakaba.mghosteur.com\/en\/wp-json\/wp\/v2\/product_tag?post=24048"}],"curies":[{"name":"wp","href":"https:\/\/api.w.org\/{rel}","templated":true}]}}