{"id":24066,"date":"2022-11-09T14:26:24","date_gmt":"2022-11-09T14:26:24","guid":{"rendered":"http:\/\/www.sakababeauty.com\/?post_type=product&#038;p=24066"},"modified":"2022-11-09T14:26:25","modified_gmt":"2022-11-09T14:26:25","slug":"thayers-facial-toner-witch-hazel","status":"publish","type":"product","link":"https:\/\/sakaba.mghosteur.com\/en\/product\/thayers-facial-toner-witch-hazel\/","title":{"rendered":"THAYERS Facial Toner Witch Hazel"},"content":{"rendered":"","protected":false},"excerpt":{"rendered":"","protected":false},"featured_media":0,"comment_status":"closed","ping_status":"closed","template":"","meta":[],"product_brand":[],"product_cat":[446],"product_tag":[],"class_list":{"0":"post-24066","1":"product","2":"type-product","3":"status-publish","5":"product_cat-nettoyant","7":"first","8":"instock","9":"shipping-taxable","10":"product-type-simple"},"jetpack-related-posts":[{"id":27002,"url":"https:\/\/sakaba.mghosteur.com\/en\/product\/witch-hazel-brightening-ph-balancing-toner\/","url_meta":{"origin":24066,"position":0},"title":"WITCH HAZEL BRIGHTENING &#038;PH BALANCING TONER","author":"admin","date":"November 28, 2022","format":false,"excerpt":"","rel":"","context":"Similar post","block_context":{"text":"Similar post","link":""},"img":{"alt_text":"","src":"","width":0,"height":0},"classes":[]},{"id":27205,"url":"https:\/\/sakaba.mghosteur.com\/en\/product\/olay-toner-with-witch-hazel\/","url_meta":{"origin":24066,"position":1},"title":"Olay Toner with Witch Hazel","author":"admin","date":"November 29, 2022","format":false,"excerpt":"\u00c9liminez les impuret\u00e9s pour rafra\u00eechir la peau avec le tonique nettoyant minimisant l'huile d'Olay. Id\u00e9al pour les peaux grasses \u00e0 mixtes, ce tonique aide \u00e0 \u00e9liminer l'exc\u00e8s de s\u00e9bum en l'\u00e9liminant, ainsi que la salet\u00e9 et le maquillage, sans priver votre peau de son hydratation essentielle. Le tonique pour le\u2026","rel":"","context":"Similar post","block_context":{"text":"Similar post","link":""},"img":{"alt_text":"","src":"","width":0,"height":0},"classes":[]},{"id":27044,"url":"https:\/\/sakaba.mghosteur.com\/en\/product\/fresh-rose-deep-hydration-facial-toner\/","url_meta":{"origin":24066,"position":2},"title":"FRESH ROSE DEEP HYDRATION FACIAL TONER","author":"admin","date":"November 28, 2022","format":false,"excerpt":"","rel":"","context":"Similar post","block_context":{"text":"Similar post","link":""},"img":{"alt_text":"","src":"","width":0,"height":0},"classes":[]},{"id":24276,"url":"https:\/\/sakaba.mghosteur.com\/en\/product\/simple-soothing-facial-toner-100-alcohol-free\/","url_meta":{"origin":24066,"position":3},"title":"SIMPLE SOOTHING FACIAL TONER 100% ALCOHOL FREE","author":"admin","date":"November 9, 2022","format":false,"excerpt":"","rel":"","context":"Similar post","block_context":{"text":"Similar post","link":""},"img":{"alt_text":"","src":"","width":0,"height":0},"classes":[]},{"id":26342,"url":"https:\/\/sakaba.mghosteur.com\/en\/product\/paulas-choice-pore-reducing-toner-with-niacinamid\/","url_meta":{"origin":24066,"position":4},"title":"PAULA&#8217;S CHOICE PORE REDUCING TONER with niacinamid","author":"admin","date":"November 25, 2022","format":false,"excerpt":"Le Tonique r\u00e9ducteur de pores de la marque Paula's Choice est un tonique facial quotidien qui peut aider \u00e0 \u00e9quilibrer la peau grasse tout en r\u00e9duisant l'apparence des pores dilat\u00e9s. Cette formule fluide l\u00e9g\u00e8re est facile \u00e0 utiliser et peut \u00eatre appliqu\u00e9e deux fois par jour apr\u00e8s avoir nettoy\u00e9 la\u2026","rel":"","context":"Similar post","block_context":{"text":"Similar post","link":""},"img":{"alt_text":"","src":"","width":0,"height":0},"classes":[]},{"id":26421,"url":"https:\/\/sakaba.mghosteur.com\/en\/product\/cosrx-toner-collection-find-your-go-to-toner\/","url_meta":{"origin":24066,"position":5},"title":"COSRX TONER COLLECTION FIND YOUR GO TO TONER","author":"admin","date":"November 25, 2022","format":false,"excerpt":"D\u00e9couvrez notre COLLECTION DE TONERS - TROUVEZ VOTRE TONER PARFAIT ! Ces toners de taille pratique de 1,01 fl.oz \/ 30ml sont parfaits pour essayer avant d'acheter en taille r\u00e9elle. Choisissez parmi 3 types de toners - jaune pour une peau \u00e9clatante, bleu pour une peau hydrat\u00e9e et rose, et\u2026","rel":"","context":"Similar post","block_context":{"text":"Similar post","link":""},"img":{"alt_text":"","src":"","width":0,"height":0},"classes":[]}],"_links":{"self":[{"href":"https:\/\/sakaba.mghosteur.com\/en\/wp-json\/wp\/v2\/product\/24066","targetHints":{"allow":["GET"]}}],"collection":[{"href":"https:\/\/sakaba.mghosteur.com\/en\/wp-json\/wp\/v2\/product"}],"about":[{"href":"https:\/\/sakaba.mghosteur.com\/en\/wp-json\/wp\/v2\/types\/product"}],"replies":[{"embeddable":true,"href":"https:\/\/sakaba.mghosteur.com\/en\/wp-json\/wp\/v2\/comments?post=24066"}],"version-history":[{"count":0,"href":"https:\/\/sakaba.mghosteur.com\/en\/wp-json\/wp\/v2\/product\/24066\/revisions"}],"wp:attachment":[{"href":"https:\/\/sakaba.mghosteur.com\/en\/wp-json\/wp\/v2\/media?parent=24066"}],"wp:term":[{"taxonomy":"product_brand","embeddable":true,"href":"https:\/\/sakaba.mghosteur.com\/en\/wp-json\/wp\/v2\/product_brand?post=24066"},{"taxonomy":"product_cat","embeddable":true,"href":"https:\/\/sakaba.mghosteur.com\/en\/wp-json\/wp\/v2\/product_cat?post=24066"},{"taxonomy":"product_tag","embeddable":true,"href":"https:\/\/sakaba.mghosteur.com\/en\/wp-json\/wp\/v2\/product_tag?post=24066"}],"curies":[{"name":"wp","href":"https:\/\/api.w.org\/{rel}","templated":true}]}}