{"id":24072,"date":"2022-11-09T14:30:33","date_gmt":"2022-11-09T14:30:33","guid":{"rendered":"http:\/\/www.sakababeauty.com\/?post_type=product&#038;p=24072"},"modified":"2024-08-07T02:47:01","modified_gmt":"2024-08-07T02:47:01","slug":"byphasse-solution-micellaire","status":"publish","type":"product","link":"https:\/\/sakaba.mghosteur.com\/en\/product\/byphasse-solution-micellaire\/","title":{"rendered":"BYPHASSE SOLUTION MICELLAIRE"},"content":{"rendered":"","protected":false},"excerpt":{"rendered":"","protected":false},"featured_media":0,"comment_status":"closed","ping_status":"closed","template":"","meta":[],"product_brand":[],"product_cat":[293,324,451],"product_tag":[],"class_list":{"0":"post-24072","1":"product","2":"type-product","3":"status-publish","5":"product_cat-anti-taches","6":"product_cat-demaquillant-nettoyant","7":"product_cat-aab-soin-du-visage","9":"first","10":"instock","11":"shipping-taxable","12":"product-type-simple"},"jetpack-related-posts":[{"id":33336,"url":"https:\/\/sakaba.mghosteur.com\/en\/product\/biore-blue-baking-soda-10-oz\/","url_meta":{"origin":24072,"position":0},"title":"BIORE BLUE + BAKING SODA CLEANSING MICELLAR WATER 296ml","author":"admin","date":"May 21, 2024","format":false,"excerpt":"Enl\u00e8ve tout! L'eau micellaire nettoyante Bior\u00e9 Blue Agave & Baking Soda est un doux rafra\u00eechissement pour le visage tout-en-un qui \u00e9limine le maquillage, la salet\u00e9 et les impuret\u00e9s. Aucun rin\u00e7age requis\u00a0! Cette eau micellaire nettoyante douce \u00e9limine la salet\u00e9 et le maquillage en profondeur en une seule \u00e9tape. NETTOYANT DOUX\u2026","rel":"","context":"Similar post","block_context":{"text":"Similar post","link":""},"img":{"alt_text":"","src":"","width":0,"height":0},"classes":[]},{"id":24060,"url":"https:\/\/sakaba.mghosteur.com\/en\/product\/evoluderm-eau-micellaire-demaquillante\/","url_meta":{"origin":24072,"position":1},"title":"EVOLUDERM EAU MICELLAIRE DEMAQUILLANTE","author":"admin","date":"November 9, 2022","format":false,"excerpt":"","rel":"","context":"Similar post","block_context":{"text":"Similar post","link":""},"img":{"alt_text":"","src":"","width":0,"height":0},"classes":[]},{"id":24069,"url":"https:\/\/sakaba.mghosteur.com\/en\/product\/evoluderm-eau-micellaire-demaquillante-2\/","url_meta":{"origin":24072,"position":2},"title":"EVOLUDERM EAU MICELLAIRE DEMAQUILLANTE","author":"admin","date":"November 9, 2022","format":false,"excerpt":"","rel":"","context":"Similar post","block_context":{"text":"Similar post","link":""},"img":{"alt_text":"","src":"","width":0,"height":0},"classes":[]},{"id":24081,"url":"https:\/\/sakaba.mghosteur.com\/en\/product\/evoluderm-eau-micellaire-demaquillante-3\/","url_meta":{"origin":24072,"position":3},"title":"EVOLUDERM EAU MICELLAIRE DEMAQUILLANTE","author":"admin","date":"November 9, 2022","format":false,"excerpt":"","rel":"","context":"Similar post","block_context":{"text":"Similar post","link":""},"img":{"alt_text":"","src":"","width":0,"height":0},"classes":[]},{"id":33982,"url":"https:\/\/sakaba.mghosteur.com\/en\/product\/carol-s-daughter-wash-day-delight\/","url_meta":{"origin":24072,"position":4},"title":"CAROL\u2019S DAUGHTER WASH DAY DELIGHT","author":"admin","date":"May 24, 2024","format":false,"excerpt":"Le shampooing micellaire d\u00e9lice du jour de lavage de Carol's daughter \u00e0 l'eau de rose se transforme d'une eau en une mousse douce pour un nettoyage en profondeur sans d\u00e9capage ni frottement agressif pour aider \u00e0 r\u00e9duire le temps le jour du lavage Nettoie les cheveux rapidement - parfait pour\u2026","rel":"","context":"Similar post","block_context":{"text":"Similar post","link":""},"img":{"alt_text":"","src":"","width":0,"height":0},"classes":[]},{"id":31351,"url":"https:\/\/sakaba.mghosteur.com\/en\/product\/beauty-of-joseon-ginseng-cleansing-oil\/","url_meta":{"origin":24072,"position":5},"title":"BEAUTY OF JOSEON &#8211; GINSENG CLEANSING OIL","author":"admin","date":"May 10, 2024","format":false,"excerpt":"Huile D\u00e9maquillante au Ginseng Description du produit : Chez Beauty of Joseon, le nettoyage est consid\u00e9r\u00e9 comme l'\u00e9tape primordiale des soins de la peau. En n\u00e9gliger l'importance peut entra\u00eener l'accumulation d'impuret\u00e9s cutan\u00e9es et de s\u00e9bum dans les pores, potentiellement susceptibles de causer une inflammation cutan\u00e9e. Notre huile d\u00e9maquillante \u00e9mulsionne et\u2026","rel":"","context":"Similar post","block_context":{"text":"Similar post","link":""},"img":{"alt_text":"","src":"","width":0,"height":0},"classes":[]}],"_links":{"self":[{"href":"https:\/\/sakaba.mghosteur.com\/en\/wp-json\/wp\/v2\/product\/24072","targetHints":{"allow":["GET"]}}],"collection":[{"href":"https:\/\/sakaba.mghosteur.com\/en\/wp-json\/wp\/v2\/product"}],"about":[{"href":"https:\/\/sakaba.mghosteur.com\/en\/wp-json\/wp\/v2\/types\/product"}],"replies":[{"embeddable":true,"href":"https:\/\/sakaba.mghosteur.com\/en\/wp-json\/wp\/v2\/comments?post=24072"}],"version-history":[{"count":0,"href":"https:\/\/sakaba.mghosteur.com\/en\/wp-json\/wp\/v2\/product\/24072\/revisions"}],"wp:attachment":[{"href":"https:\/\/sakaba.mghosteur.com\/en\/wp-json\/wp\/v2\/media?parent=24072"}],"wp:term":[{"taxonomy":"product_brand","embeddable":true,"href":"https:\/\/sakaba.mghosteur.com\/en\/wp-json\/wp\/v2\/product_brand?post=24072"},{"taxonomy":"product_cat","embeddable":true,"href":"https:\/\/sakaba.mghosteur.com\/en\/wp-json\/wp\/v2\/product_cat?post=24072"},{"taxonomy":"product_tag","embeddable":true,"href":"https:\/\/sakaba.mghosteur.com\/en\/wp-json\/wp\/v2\/product_tag?post=24072"}],"curies":[{"name":"wp","href":"https:\/\/api.w.org\/{rel}","templated":true}]}}