{"id":24081,"date":"2022-11-09T15:14:08","date_gmt":"2022-11-09T15:14:08","guid":{"rendered":"http:\/\/www.sakababeauty.com\/?post_type=product&#038;p=24081"},"modified":"2022-11-09T15:14:09","modified_gmt":"2022-11-09T15:14:09","slug":"evoluderm-eau-micellaire-demaquillante-3","status":"publish","type":"product","link":"https:\/\/sakaba.mghosteur.com\/en\/product\/evoluderm-eau-micellaire-demaquillante-3\/","title":{"rendered":"EVOLUDERM EAU MICELLAIRE DEMAQUILLANTE"},"content":{"rendered":"","protected":false},"excerpt":{"rendered":"","protected":false},"featured_media":0,"comment_status":"closed","ping_status":"closed","template":"","meta":[],"product_brand":[],"product_cat":[377],"product_tag":[],"class_list":{"0":"post-24081","1":"product","2":"type-product","3":"status-publish","5":"product_cat-bath-body-works","7":"first","8":"instock","9":"shipping-taxable","10":"product-type-simple"},"jetpack-related-posts":[{"id":24060,"url":"https:\/\/sakaba.mghosteur.com\/en\/product\/evoluderm-eau-micellaire-demaquillante\/","url_meta":{"origin":24081,"position":0},"title":"EVOLUDERM EAU MICELLAIRE DEMAQUILLANTE","author":"admin","date":"November 9, 2022","format":false,"excerpt":"","rel":"","context":"Similar post","block_context":{"text":"Similar post","link":""},"img":{"alt_text":"","src":"","width":0,"height":0},"classes":[]},{"id":24069,"url":"https:\/\/sakaba.mghosteur.com\/en\/product\/evoluderm-eau-micellaire-demaquillante-2\/","url_meta":{"origin":24081,"position":1},"title":"EVOLUDERM EAU MICELLAIRE DEMAQUILLANTE","author":"admin","date":"November 9, 2022","format":false,"excerpt":"","rel":"","context":"Similar post","block_context":{"text":"Similar post","link":""},"img":{"alt_text":"","src":"","width":0,"height":0},"classes":[]},{"id":33336,"url":"https:\/\/sakaba.mghosteur.com\/en\/product\/biore-blue-baking-soda-10-oz\/","url_meta":{"origin":24081,"position":2},"title":"BIORE BLUE + BAKING SODA CLEANSING MICELLAR WATER 296ml","author":"admin","date":"May 21, 2024","format":false,"excerpt":"Enl\u00e8ve tout! L'eau micellaire nettoyante Bior\u00e9 Blue Agave & Baking Soda est un doux rafra\u00eechissement pour le visage tout-en-un qui \u00e9limine le maquillage, la salet\u00e9 et les impuret\u00e9s. Aucun rin\u00e7age requis\u00a0! Cette eau micellaire nettoyante douce \u00e9limine la salet\u00e9 et le maquillage en profondeur en une seule \u00e9tape. NETTOYANT DOUX\u2026","rel":"","context":"Similar post","block_context":{"text":"Similar post","link":""},"img":{"alt_text":"","src":"","width":0,"height":0},"classes":[]},{"id":33350,"url":"https:\/\/sakaba.mghosteur.com\/en\/product\/25-count-biore-charcoal-micellar-makeup-removing-cloths\/","url_meta":{"origin":24081,"position":3},"title":"25 Count Biore Charcoal Micellar Makeup Removing Cloths","author":"admin","date":"May 21, 2024","format":false,"excerpt":"Lingettes d\u00e9maquillantes au charbon Bior\u00e9, avec eau micellaire nettoyante, d\u00e9maquillantes et d\u00e9graissantes sans rin\u00e7age, pour peaux grasses, 25 unit\u00e9s","rel":"","context":"Similar post","block_context":{"text":"Similar post","link":""},"img":{"alt_text":"","src":"","width":0,"height":0},"classes":[]},{"id":33358,"url":"https:\/\/sakaba.mghosteur.com\/en\/product\/biore-blu-agave-cleansinz-micellar-water\/","url_meta":{"origin":24081,"position":4},"title":"BIORE BLU AGAVE CLEANSINZ MICELLAR WATER","author":"admin","date":"May 21, 2024","format":false,"excerpt":"L'eau micellaire \u00e0 l'agave bleu de Biore est un d\u00e9maquillant et nettoyant con\u00e7u pour les peaux mixtes. Il \u00e9limine la salet\u00e9 et le s\u00e9bum des pores et \u00e9quilibre en douceur sans dess\u00e9cher la peau. Il est sans huile et peut \u00e9galement \u00eatre utilis\u00e9 comme tonique.","rel":"","context":"Similar post","block_context":{"text":"Similar post","link":""},"img":{"alt_text":"","src":"","width":0,"height":0},"classes":[]},{"id":24072,"url":"https:\/\/sakaba.mghosteur.com\/en\/product\/byphasse-solution-micellaire\/","url_meta":{"origin":24081,"position":5},"title":"BYPHASSE SOLUTION MICELLAIRE","author":"admin","date":"November 9, 2022","format":false,"excerpt":"","rel":"","context":"Similar post","block_context":{"text":"Similar post","link":""},"img":{"alt_text":"","src":"","width":0,"height":0},"classes":[]}],"_links":{"self":[{"href":"https:\/\/sakaba.mghosteur.com\/en\/wp-json\/wp\/v2\/product\/24081","targetHints":{"allow":["GET"]}}],"collection":[{"href":"https:\/\/sakaba.mghosteur.com\/en\/wp-json\/wp\/v2\/product"}],"about":[{"href":"https:\/\/sakaba.mghosteur.com\/en\/wp-json\/wp\/v2\/types\/product"}],"replies":[{"embeddable":true,"href":"https:\/\/sakaba.mghosteur.com\/en\/wp-json\/wp\/v2\/comments?post=24081"}],"version-history":[{"count":0,"href":"https:\/\/sakaba.mghosteur.com\/en\/wp-json\/wp\/v2\/product\/24081\/revisions"}],"wp:attachment":[{"href":"https:\/\/sakaba.mghosteur.com\/en\/wp-json\/wp\/v2\/media?parent=24081"}],"wp:term":[{"taxonomy":"product_brand","embeddable":true,"href":"https:\/\/sakaba.mghosteur.com\/en\/wp-json\/wp\/v2\/product_brand?post=24081"},{"taxonomy":"product_cat","embeddable":true,"href":"https:\/\/sakaba.mghosteur.com\/en\/wp-json\/wp\/v2\/product_cat?post=24081"},{"taxonomy":"product_tag","embeddable":true,"href":"https:\/\/sakaba.mghosteur.com\/en\/wp-json\/wp\/v2\/product_tag?post=24081"}],"curies":[{"name":"wp","href":"https:\/\/api.w.org\/{rel}","templated":true}]}}