{"id":24084,"date":"2022-11-09T15:19:58","date_gmt":"2022-11-09T15:19:58","guid":{"rendered":"http:\/\/www.sakababeauty.com\/?post_type=product&#038;p=24084"},"modified":"2022-11-09T15:19:58","modified_gmt":"2022-11-09T15:19:58","slug":"olivia-rose-remover-vacuum","status":"publish","type":"product","link":"https:\/\/sakaba.mghosteur.com\/en\/product\/olivia-rose-remover-vacuum\/","title":{"rendered":"OLIVIA ROSE REMOVER VACUUM"},"content":{"rendered":"","protected":false},"excerpt":{"rendered":"","protected":false},"featured_media":0,"comment_status":"closed","ping_status":"closed","template":"","meta":[],"product_brand":[],"product_cat":[377],"product_tag":[],"class_list":{"0":"post-24084","1":"product","2":"type-product","3":"status-publish","5":"product_cat-bath-body-works","7":"first","8":"instock","9":"shipping-taxable","10":"product-type-simple"},"jetpack-related-posts":[{"id":23386,"url":"https:\/\/sakaba.mghosteur.com\/en\/product\/olivia-care-pure\/","url_meta":{"origin":24084,"position":0},"title":"OLIVIA CARE PURE","author":"admin","date":"October 27, 2022","format":false,"excerpt":"","rel":"","context":"Similar post","block_context":{"text":"Similar post","link":""},"img":{"alt_text":"","src":"","width":0,"height":0},"classes":[]},{"id":24667,"url":"https:\/\/sakaba.mghosteur.com\/en\/product\/colgate-optic-white-renewal-removes-10years\/","url_meta":{"origin":24084,"position":1},"title":"COLGATE OPTIC WHITE RENEWAL REMOVES 10YEARS","author":"admin","date":"November 10, 2022","format":false,"excerpt":"","rel":"","context":"Similar post","block_context":{"text":"Similar post","link":""},"img":{"alt_text":"","src":"","width":0,"height":0},"classes":[]},{"id":26656,"url":"https:\/\/sakaba.mghosteur.com\/en\/product\/clinique-take-the-day-off-makeup-remover-for-lids-lashes-lips\/","url_meta":{"origin":24084,"position":2},"title":"Clinique Take The Day Off Makeup Remover For Lids, Lashes &#038; Lips","author":"admin","date":"November 28, 2022","format":false,"excerpt":"","rel":"","context":"Similar post","block_context":{"text":"Similar post","link":""},"img":{"alt_text":"","src":"","width":0,"height":0},"classes":[]},{"id":31980,"url":"https:\/\/sakaba.mghosteur.com\/en\/product\/cerave-comforting-eye-makeup-remove-2\/","url_meta":{"origin":24084,"position":3},"title":"CERAVE COMFORTING EYE MAKEUP REMOVER","author":"admin","date":"May 13, 2024","format":false,"excerpt":"Compl\u00e9tez votre routine de soins de la peau avec ce d\u00e9maquillant yeux r\u00e9confortant de CeraVe. L'acide hyaluronique et trois c\u00e9ramides essentiels hydratent durablement et nourrissent votre peau, laissant le contour des yeux doux et \u00e9clatant, tandis que la formule l\u00e9g\u00e8re \u00e9limine facilement le maquillage tenace sans laisser de r\u00e9sidus gras.","rel":"","context":"Similar post","block_context":{"text":"Similar post","link":""},"img":{"alt_text":"","src":"","width":0,"height":0},"classes":[]},{"id":29018,"url":"https:\/\/sakaba.mghosteur.com\/en\/product\/cerave-comforting-eye-makeup-remove\/","url_meta":{"origin":24084,"position":4},"title":"CERAVE COMFORTING EYE MAKEUP REMOVE","author":"admin","date":"March 9, 2023","format":false,"excerpt":"Le d\u00e9maquillant yeux r\u00e9confortant de CeraVe est un choix id\u00e9al pour enlever en douceur votre maquillage des yeux tenace tout en prenant soin de votre peau d\u00e9licate. Sa formule bi-phase \u00e0 la texture douce et laiteuse \u00e9limine rapidement et facilement le maquillage, y compris le mascara imperm\u00e9able et le maquillage\u2026","rel":"","context":"Similar post","block_context":{"text":"Similar post","link":""},"img":{"alt_text":"","src":"","width":0,"height":0},"classes":[]},{"id":26559,"url":"https:\/\/sakaba.mghosteur.com\/en\/product\/pixi-rose-tonic-rose-elderflower-nourishing-tone\/","url_meta":{"origin":24084,"position":5},"title":"PIXI ROSE TONIC ROSE &amp; ELDERFLOWER NOURISHING TONER","author":"admin","date":"November 25, 2022","format":false,"excerpt":"Le tonique nourrissant Pixi Rose Tonic \u00e0 la rose et \u00e0 la fleur de sureau est un tonique doux pour le visage, naturellement apaisant et riche en nutriments. Il tonifie, \u00e9quilibre le pH, apaise la peau et minimise les rougeurs. Il est sans alcool, sans parab\u00e8ne et n'a pas \u00e9t\u00e9\u2026","rel":"","context":"Similar post","block_context":{"text":"Similar post","link":""},"img":{"alt_text":"","src":"","width":0,"height":0},"classes":[]}],"_links":{"self":[{"href":"https:\/\/sakaba.mghosteur.com\/en\/wp-json\/wp\/v2\/product\/24084","targetHints":{"allow":["GET"]}}],"collection":[{"href":"https:\/\/sakaba.mghosteur.com\/en\/wp-json\/wp\/v2\/product"}],"about":[{"href":"https:\/\/sakaba.mghosteur.com\/en\/wp-json\/wp\/v2\/types\/product"}],"replies":[{"embeddable":true,"href":"https:\/\/sakaba.mghosteur.com\/en\/wp-json\/wp\/v2\/comments?post=24084"}],"version-history":[{"count":0,"href":"https:\/\/sakaba.mghosteur.com\/en\/wp-json\/wp\/v2\/product\/24084\/revisions"}],"wp:attachment":[{"href":"https:\/\/sakaba.mghosteur.com\/en\/wp-json\/wp\/v2\/media?parent=24084"}],"wp:term":[{"taxonomy":"product_brand","embeddable":true,"href":"https:\/\/sakaba.mghosteur.com\/en\/wp-json\/wp\/v2\/product_brand?post=24084"},{"taxonomy":"product_cat","embeddable":true,"href":"https:\/\/sakaba.mghosteur.com\/en\/wp-json\/wp\/v2\/product_cat?post=24084"},{"taxonomy":"product_tag","embeddable":true,"href":"https:\/\/sakaba.mghosteur.com\/en\/wp-json\/wp\/v2\/product_tag?post=24084"}],"curies":[{"name":"wp","href":"https:\/\/api.w.org\/{rel}","templated":true}]}}