{"id":24100,"date":"2022-11-09T15:45:48","date_gmt":"2022-11-09T15:45:48","guid":{"rendered":"http:\/\/www.sakababeauty.com\/?post_type=product&#038;p=24100"},"modified":"2022-11-09T15:45:49","modified_gmt":"2022-11-09T15:45:49","slug":"beauty-concept-spa-headband-blanc","status":"publish","type":"product","link":"https:\/\/sakaba.mghosteur.com\/en\/product\/beauty-concept-spa-headband-blanc\/","title":{"rendered":"Beauty Concept Spa Headband blanc"},"content":{"rendered":"","protected":false},"excerpt":{"rendered":"","protected":false},"featured_media":0,"comment_status":"closed","ping_status":"closed","template":"","meta":[],"product_brand":[],"product_cat":[322],"product_tag":[],"class_list":{"0":"post-24100","1":"product","2":"type-product","3":"status-publish","5":"product_cat-outils-pinceaux","7":"first","8":"instock","9":"shipping-taxable","10":"product-type-variable"},"jetpack-related-posts":[{"id":26479,"url":"https:\/\/sakaba.mghosteur.com\/en\/product\/sanctuary-spa-salt-scrub\/","url_meta":{"origin":24100,"position":0},"title":"SANCTUARY SPA SALT SCRUB","author":"admin","date":"November 25, 2022","format":false,"excerpt":"","rel":"","context":"Similar post","block_context":{"text":"Similar post","link":""},"img":{"alt_text":"","src":"","width":0,"height":0},"classes":[]},{"id":29470,"url":"https:\/\/sakaba.mghosteur.com\/en\/product\/cosrx-overnight-spa-mask\/","url_meta":{"origin":24100,"position":1},"title":"COSRX OVERNIGHT SPA MASK","author":"admin","date":"April 4, 2023","format":false,"excerpt":"Le masque spa de nuit au riz nourrissant ultime de la marque COSRX est un excellent produit de soin pour la peau. Avec plus de 68% d'extrait de riz, ce masque hydrate en profondeur pour aider \u00e0 rendre votre peau plus douce et plus claire. Vous pouvez vous r\u00e9veiller le\u2026","rel":"","context":"Similar post","block_context":{"text":"Similar post","link":""},"img":{"alt_text":"","src":"","width":0,"height":0},"classes":[]},{"id":25628,"url":"https:\/\/sakaba.mghosteur.com\/en\/product\/beauty-concepts-hand-cream-set\/","url_meta":{"origin":24100,"position":2},"title":"BEAUTY CONCEPTS HAND CREAM SET","author":"admin","date":"November 14, 2022","format":false,"excerpt":"","rel":"","context":"Similar post","block_context":{"text":"Similar post","link":""},"img":{"alt_text":"","src":"","width":0,"height":0},"classes":[]},{"id":25555,"url":"https:\/\/sakaba.mghosteur.com\/en\/product\/dove-white-blanc\/","url_meta":{"origin":24100,"position":3},"title":"DOVE WHITE \/ BLANC","author":"admin","date":"November 14, 2022","format":false,"excerpt":"","rel":"","context":"Similar post","block_context":{"text":"Similar post","link":""},"img":{"alt_text":"","src":"","width":0,"height":0},"classes":[]},{"id":27029,"url":"https:\/\/sakaba.mghosteur.com\/en\/product\/urban-skin-rx-cleansing-bar-blanc-100g\/","url_meta":{"origin":24100,"position":4},"title":"URBAN SKIN RX CLEANSING BAR BLANC 100G","author":"admin","date":"November 28, 2022","format":false,"excerpt":"","rel":"","context":"Similar post","block_context":{"text":"Similar post","link":""},"img":{"alt_text":"","src":"","width":0,"height":0},"classes":[]},{"id":30146,"url":"https:\/\/sakaba.mghosteur.com\/en\/product\/dr-teal-s-body-wash-glow-radiance\/","url_meta":{"origin":24100,"position":5},"title":"DR TEALS GLOW &amp; RADIANCE WITH VITAMIN C &amp; CITRUS","author":"admin","date":"May 3, 2023","format":false,"excerpt":"Gel douche \u00c9tancher la peau assoiff\u00e9e Le gel douche ultra-hydratant Dr Teal's hydrate et revitalise la peau, lui redonnant sa douceur d'origine.\u00a0L'aloe vera, le beurre de karit\u00e9 et la vitamine E nourrissent et hydratent, tandis que le sel d'Epsom pur (sulfate de magn\u00e9sium USP) aide \u00e0 soulager les muscles fatigu\u00e9s\u2026","rel":"","context":"Similar post","block_context":{"text":"Similar post","link":""},"img":{"alt_text":"","src":"","width":0,"height":0},"classes":[]}],"_links":{"self":[{"href":"https:\/\/sakaba.mghosteur.com\/en\/wp-json\/wp\/v2\/product\/24100","targetHints":{"allow":["GET"]}}],"collection":[{"href":"https:\/\/sakaba.mghosteur.com\/en\/wp-json\/wp\/v2\/product"}],"about":[{"href":"https:\/\/sakaba.mghosteur.com\/en\/wp-json\/wp\/v2\/types\/product"}],"replies":[{"embeddable":true,"href":"https:\/\/sakaba.mghosteur.com\/en\/wp-json\/wp\/v2\/comments?post=24100"}],"version-history":[{"count":0,"href":"https:\/\/sakaba.mghosteur.com\/en\/wp-json\/wp\/v2\/product\/24100\/revisions"}],"wp:attachment":[{"href":"https:\/\/sakaba.mghosteur.com\/en\/wp-json\/wp\/v2\/media?parent=24100"}],"wp:term":[{"taxonomy":"product_brand","embeddable":true,"href":"https:\/\/sakaba.mghosteur.com\/en\/wp-json\/wp\/v2\/product_brand?post=24100"},{"taxonomy":"product_cat","embeddable":true,"href":"https:\/\/sakaba.mghosteur.com\/en\/wp-json\/wp\/v2\/product_cat?post=24100"},{"taxonomy":"product_tag","embeddable":true,"href":"https:\/\/sakaba.mghosteur.com\/en\/wp-json\/wp\/v2\/product_tag?post=24100"}],"curies":[{"name":"wp","href":"https:\/\/api.w.org\/{rel}","templated":true}]}}