{"id":24114,"date":"2022-11-09T16:37:12","date_gmt":"2022-11-09T16:37:12","guid":{"rendered":"http:\/\/www.sakababeauty.com\/?post_type=product&#038;p=24114"},"modified":"2022-11-09T16:37:13","modified_gmt":"2022-11-09T16:37:13","slug":"kara-beauty-fabulashes-3-d-fauxminklashes","status":"publish","type":"product","link":"https:\/\/sakaba.mghosteur.com\/en\/product\/kara-beauty-fabulashes-3-d-fauxminklashes\/","title":{"rendered":"KARA BEAUTY FABULASHES 3 D FAUXMINKLASHES"},"content":{"rendered":"","protected":false},"excerpt":{"rendered":"","protected":false},"featured_media":0,"comment_status":"closed","ping_status":"closed","template":"","meta":[],"product_brand":[],"product_cat":[297],"product_tag":[],"class_list":{"0":"post-24114","1":"product","2":"type-product","3":"status-publish","5":"product_cat-yeux","7":"first","8":"instock","9":"shipping-taxable","10":"product-type-simple"},"jetpack-related-posts":[{"id":31393,"url":"https:\/\/sakaba.mghosteur.com\/en\/product\/beauty-of-joseon-revive-serum-ginseng-snail-mucin\/","url_meta":{"origin":24114,"position":0},"title":"BEAUTY OF JOSEON Revive Serum  Ginseng + Snail Mucin","author":"admin","date":"May 10, 2024","format":false,"excerpt":"D\u00e9couvrez le S\u00e9rum Revive : Ginseng + Mucus d'escargot Un s\u00e9rum con\u00e7u pour raviver les peaux en manque de vitalit\u00e9. Formul\u00e9 avec du ginseng, un ingr\u00e9dient v\u00e9g\u00e9tal r\u00e9put\u00e9 depuis des si\u00e8cles, et 3 % de filtrat de s\u00e9cr\u00e9tion d'escargot, cette combinaison offre une synergie optimale pour renforcer l'\u00e9lasticit\u00e9 de la\u2026","rel":"","context":"Similar post","block_context":{"text":"Similar post","link":""},"img":{"alt_text":"","src":"","width":0,"height":0},"classes":[]},{"id":27019,"url":"https:\/\/sakaba.mghosteur.com\/en\/product\/combination-skin-cleansing-bar-3-in-1-treatment\/","url_meta":{"origin":24114,"position":1},"title":"COMBINATION SKIN CLEANSING BAR 3 IN 1 TREATMENT","author":"admin","date":"November 28, 2022","format":false,"excerpt":"D\u00e9couvrez la barre nettoyante pour peaux mixtes de la marque Urban Skin, r\u00e9compens\u00e9e par le prestigieux prix Allure Best of Beauty Award. Con\u00e7ue sp\u00e9cialement pour les peaux mixtes, s\u00e8ches et vieillissantes, cette barre nettoyante offre une exp\u00e9rience de nettoyage ultime en lissant, hydratant et illuminant votre peau pour r\u00e9v\u00e9ler votre\u2026","rel":"","context":"Similar post","block_context":{"text":"Similar post","link":""},"img":{"alt_text":"","src":"","width":0,"height":0},"classes":[]},{"id":31367,"url":"https:\/\/sakaba.mghosteur.com\/en\/product\/beauty-of-joseon-glow-deep-serum-rice-alpha-arbutin\/","url_meta":{"origin":24114,"position":2},"title":"BEAUTY OF JOSEON GLOW DEEP SERUM RICE + ALPHA ARBUTIN","author":"admin","date":"May 10, 2024","format":false,"excerpt":"Glow Deep Serum : Rice + Alpha-Arbutin Description : Le S\u00e9rum Glow Deep : Rice + Alpha-Arbutin est sp\u00e9cialement formul\u00e9 pour les personnes souffrant de probl\u00e8mes de pigmentation et de teint irr\u00e9gulier. Enrichi avec 68 % d'eau de son de riz et 2 % d'alpha-arbutine, ce s\u00e9rum agit efficacement pour\u2026","rel":"","context":"Similar post","block_context":{"text":"Similar post","link":""},"img":{"alt_text":"","src":"","width":0,"height":0},"classes":[]},{"id":31384,"url":"https:\/\/sakaba.mghosteur.com\/en\/product\/beauty-of-joseon-matte-sun-stick-mugwort-camelia\/","url_meta":{"origin":24114,"position":3},"title":"BEAUTY OF JOSEON MATTE SUN STICK MUGWORT + CAMELIA","author":"admin","date":"May 10, 2024","format":false,"excerpt":"Matte Sun Stick : Mugwort+Camelia (SPF 50+ PA+++) Contrairement \u00e0 la plupart des sticks solaires con\u00e7us principalement pour les activit\u00e9s en ext\u00e9rieur, notre Matte Sun Stick est sp\u00e9cialement formul\u00e9 pour r\u00e9pondre aux besoins des environnements urbains quotidiens. Il est crucial de r\u00e9appliquer r\u00e9guli\u00e8rement une protection solaire toutes les 2 \u00e0\u2026","rel":"","context":"Similar post","block_context":{"text":"Similar post","link":""},"img":{"alt_text":"","src":"","width":0,"height":0},"classes":[]},{"id":29978,"url":"https:\/\/sakaba.mghosteur.com\/en\/product\/neocell-collagen-beauty-soft-chews\/","url_meta":{"origin":24114,"position":4},"title":"NEOCELL COLLAGEN BEAUTY SOFT CHEWS","author":"admin","date":"May 1, 2023","format":false,"excerpt":"D\u00e9couvrez les Collag\u00e8ne Beaut\u00e9 Soft Chews de NeoCell, une solution pratique pour prendre soin de votre beaut\u00e9 o\u00f9 que vous soyez. Ces p\u00e2tes \u00e0 m\u00e2cher d\u00e9licieuses au go\u00fbt de punch aux fruits contiennent des peptides de collag\u00e8ne de types 1 et 3 pour soutenir la sant\u00e9 de votre peau, ainsi\u2026","rel":"","context":"Similar post","block_context":{"text":"Similar post","link":""},"img":{"alt_text":"","src":"","width":0,"height":0},"classes":[]},{"id":30222,"url":"https:\/\/sakaba.mghosteur.com\/en\/product\/beauty-of-joseon-revive-serum-ginseng-snail-muci\/","url_meta":{"origin":24114,"position":5},"title":"BEAUTY OF JOSEON REVIVE SERUM GINSENG + SNAIL MUCI","author":"admin","date":"May 4, 2023","format":false,"excerpt":"D\u00e9couvrez le S\u00e9rum Revive de la marque Beauty of Joseon, sp\u00e9cialement con\u00e7u pour revitaliser les peaux en manque d'\u00e9nergie. Ce s\u00e9rum contient du ginseng, un ingr\u00e9dient v\u00e9g\u00e9tal utilis\u00e9 depuis des si\u00e8cles en phytoth\u00e9rapie orientale pour ses propri\u00e9t\u00e9s b\u00e9n\u00e9fiques. Avec une concentration de 63% en eau de racine de ginseng, ce\u2026","rel":"","context":"Similar post","block_context":{"text":"Similar post","link":""},"img":{"alt_text":"","src":"","width":0,"height":0},"classes":[]}],"_links":{"self":[{"href":"https:\/\/sakaba.mghosteur.com\/en\/wp-json\/wp\/v2\/product\/24114","targetHints":{"allow":["GET"]}}],"collection":[{"href":"https:\/\/sakaba.mghosteur.com\/en\/wp-json\/wp\/v2\/product"}],"about":[{"href":"https:\/\/sakaba.mghosteur.com\/en\/wp-json\/wp\/v2\/types\/product"}],"replies":[{"embeddable":true,"href":"https:\/\/sakaba.mghosteur.com\/en\/wp-json\/wp\/v2\/comments?post=24114"}],"version-history":[{"count":0,"href":"https:\/\/sakaba.mghosteur.com\/en\/wp-json\/wp\/v2\/product\/24114\/revisions"}],"wp:attachment":[{"href":"https:\/\/sakaba.mghosteur.com\/en\/wp-json\/wp\/v2\/media?parent=24114"}],"wp:term":[{"taxonomy":"product_brand","embeddable":true,"href":"https:\/\/sakaba.mghosteur.com\/en\/wp-json\/wp\/v2\/product_brand?post=24114"},{"taxonomy":"product_cat","embeddable":true,"href":"https:\/\/sakaba.mghosteur.com\/en\/wp-json\/wp\/v2\/product_cat?post=24114"},{"taxonomy":"product_tag","embeddable":true,"href":"https:\/\/sakaba.mghosteur.com\/en\/wp-json\/wp\/v2\/product_tag?post=24114"}],"curies":[{"name":"wp","href":"https:\/\/api.w.org\/{rel}","templated":true}]}}