{"id":24132,"date":"2022-11-09T16:01:23","date_gmt":"2022-11-09T16:01:23","guid":{"rendered":"http:\/\/www.sakababeauty.com\/?post_type=product&#038;p=24132"},"modified":"2022-11-09T16:01:24","modified_gmt":"2022-11-09T16:01:24","slug":"lavender-essential-oil-wet-skin-lotion","status":"publish","type":"product","link":"https:\/\/sakaba.mghosteur.com\/en\/product\/lavender-essential-oil-wet-skin-lotion\/","title":{"rendered":"LAVENDER essential oil wet skin lotion"},"content":{"rendered":"","protected":false},"excerpt":{"rendered":"","protected":false},"featured_media":0,"comment_status":"closed","ping_status":"closed","template":"","meta":[],"product_brand":[],"product_cat":[447],"product_tag":[],"class_list":{"0":"post-24132","1":"product","2":"type-product","3":"status-publish","5":"product_cat-aac-bain-et-corps","7":"first","8":"instock","9":"shipping-taxable","10":"product-type-simple"},"jetpack-related-posts":[{"id":30165,"url":"https:\/\/sakaba.mghosteur.com\/en\/product\/dr-teals-lavender-essential-oil\/","url_meta":{"origin":24132,"position":0},"title":"Dr Teals LAVENDER ESSENTIAL OIL","author":"admin","date":"May 3, 2023","format":false,"excerpt":"Lotion apaisante pour le corps \u00e0 la lavande La lotion pour le corps hydratante \u00e0 la lavande de Dr Teal offre une hydratation profonde \u00e0 la peau ainsi que tous les avantages de l'aromath\u00e9rapie pour l'esprit.\u00a0Ce riche m\u00e9lange de beurre de cacao, de beurre de karit\u00e9 et de vitamine E\u2026","rel":"","context":"Similar post","block_context":{"text":"Similar post","link":""},"img":{"alt_text":"","src":"","width":0,"height":0},"classes":[]},{"id":34371,"url":"https:\/\/sakaba.mghosteur.com\/en\/product\/essential-oils-lavender\/","url_meta":{"origin":24132,"position":1},"title":"Essential Oils Lavender","author":"admin","date":"May 28, 2024","format":false,"excerpt":"","rel":"","context":"Similar post","block_context":{"text":"Similar post","link":""},"img":{"alt_text":"","src":"","width":0,"height":0},"classes":[]},{"id":23355,"url":"https:\/\/sakaba.mghosteur.com\/en\/product\/bath-body-works-aromatherapy-natural-essential-oil-sleep-lavender-vanilla\/","url_meta":{"origin":24132,"position":2},"title":"Bath &amp; Body Works Aromatherapy Natural Essential Oil Sleep Lavender + vanilla","author":"admin","date":"October 26, 2022","format":false,"excerpt":"","rel":"","context":"Similar post","block_context":{"text":"Similar post","link":""},"img":{"alt_text":"","src":"","width":0,"height":0},"classes":[]},{"id":26613,"url":"https:\/\/sakaba.mghosteur.com\/en\/product\/alpha-skin-care-essential-renewal-lotion\/","url_meta":{"origin":24132,"position":3},"title":"ALPHA SKIN CARE ESSENTIAL RENEWAL LOTION","author":"admin","date":"November 28, 2022","format":false,"excerpt":"La lotion r\u00e9g\u00e9n\u00e9ratrice essentielle Alpha Skin Care est une lotion de 120 ml contenant 10 % d'AHA glycolique, qui lib\u00e8re en douceur les cellules mortes de la peau et permet \u00e0 une peau nouvelle et plus saine de remonter \u00e0 la surface. Elle est con\u00e7ue pour les peaux s\u00e8ches et\u2026","rel":"","context":"Similar post","block_context":{"text":"Similar post","link":""},"img":{"alt_text":"","src":"","width":0,"height":0},"classes":[]},{"id":25567,"url":"https:\/\/sakaba.mghosteur.com\/en\/product\/dr-teals-coconut-oil-essential-oils\/","url_meta":{"origin":24132,"position":4},"title":"Dr Teal&#8217;s COCONUT OIL &amp; ESSENTIAL OILS","author":"admin","date":"November 14, 2022","format":false,"excerpt":"Lotion Corporelle Hydratante Les lotions hydratantes pour le corps du Dr Teal procurent une hydratation profonde \u00e0 la peau ainsi que tous les bienfaits de l'aromath\u00e9rapie pour l'esprit.\u00a0Un riche m\u00e9lange de beurre de cacao, de beurre de karit\u00e9 et de vitamine E est infus\u00e9 d'huiles essentielles comme la lavande et\u2026","rel":"","context":"Similar post","block_context":{"text":"Similar post","link":""},"img":{"alt_text":"","src":"","width":0,"height":0},"classes":[]},{"id":30040,"url":"https:\/\/sakaba.mghosteur.com\/en\/product\/jergens-oil-infused-skin-firming\/","url_meta":{"origin":24132,"position":5},"title":"JERGENS OIL INFUSED SKIN FIRMING","author":"admin","date":"May 2, 2023","format":false,"excerpt":"D\u00e9couvrez la Lotion pour le corps raffermissante de Jergens, con\u00e7ue pour les peaux s\u00e8ches et test\u00e9e par des dermatologues. Cette lotion est enrichie en collag\u00e8ne et \u00e9lastine pour aider \u00e0 raffermir la peau et lui donner une apparence plus lisse et tonique. Offrez \u00e0 votre peau une hydratation exceptionnelle avec\u2026","rel":"","context":"Similar post","block_context":{"text":"Similar post","link":""},"img":{"alt_text":"","src":"","width":0,"height":0},"classes":[]}],"_links":{"self":[{"href":"https:\/\/sakaba.mghosteur.com\/en\/wp-json\/wp\/v2\/product\/24132","targetHints":{"allow":["GET"]}}],"collection":[{"href":"https:\/\/sakaba.mghosteur.com\/en\/wp-json\/wp\/v2\/product"}],"about":[{"href":"https:\/\/sakaba.mghosteur.com\/en\/wp-json\/wp\/v2\/types\/product"}],"replies":[{"embeddable":true,"href":"https:\/\/sakaba.mghosteur.com\/en\/wp-json\/wp\/v2\/comments?post=24132"}],"version-history":[{"count":0,"href":"https:\/\/sakaba.mghosteur.com\/en\/wp-json\/wp\/v2\/product\/24132\/revisions"}],"wp:attachment":[{"href":"https:\/\/sakaba.mghosteur.com\/en\/wp-json\/wp\/v2\/media?parent=24132"}],"wp:term":[{"taxonomy":"product_brand","embeddable":true,"href":"https:\/\/sakaba.mghosteur.com\/en\/wp-json\/wp\/v2\/product_brand?post=24132"},{"taxonomy":"product_cat","embeddable":true,"href":"https:\/\/sakaba.mghosteur.com\/en\/wp-json\/wp\/v2\/product_cat?post=24132"},{"taxonomy":"product_tag","embeddable":true,"href":"https:\/\/sakaba.mghosteur.com\/en\/wp-json\/wp\/v2\/product_tag?post=24132"}],"curies":[{"name":"wp","href":"https:\/\/api.w.org\/{rel}","templated":true}]}}