{"id":24134,"date":"2022-11-09T16:03:09","date_gmt":"2022-11-09T16:03:09","guid":{"rendered":"http:\/\/www.sakababeauty.com\/?post_type=product&#038;p=24134"},"modified":"2024-08-29T00:13:22","modified_gmt":"2024-08-29T00:13:22","slug":"jergens-hydrating-coconut","status":"publish","type":"product","link":"https:\/\/sakaba.mghosteur.com\/en\/product\/jergens-hydrating-coconut\/","title":{"rendered":"JERGENS HYDRATING COCONUT"},"content":{"rendered":"<p>D\u00e9couvrez la lotion hydratante pour les mains et le corps \u00e0 la noix de coco de Jergens de la marque Satin Skin ! Cette lotion est impr\u00e9gn\u00e9e d&#8217;huile pour une hydratation instantan\u00e9e et intense de votre peau. Gr\u00e2ce \u00e0 la combinaison unique d&#8217;eau de coco et d&#8217;huile de coco, cette lotion p\u00e9n\u00e8tre en profondeur pour retenir l&#8217;humidit\u00e9 pendant 24 heures, vous offrant ainsi une peau restaur\u00e9e et hydrat\u00e9e. Pour une utilisation optimale, appliquez quotidiennement cette lotion pour profiter d&#8217;une peau hydrat\u00e9e en permanence.<\/p>\n<p>Cette formule infus\u00e9e d&#8217;huile et d&#8217;eau de noix de coco hydratantes procure une hydratation longue dur\u00e9e, ainsi qu&#8217;un parfum l\u00e9ger et tropical que vous appr\u00e9cierez tout au long de l&#8217;ann\u00e9e. La lotion est l\u00e9g\u00e8re et s&#8217;absorbe rapidement, laissant votre peau douce et lumineuse sans sensation de lourdeur apr\u00e8s l&#8217;application. Offrez-vous une peau profond\u00e9ment nourrie en hydratant quotidiennement votre peau avec cette lotion tout au long de l&#8217;ann\u00e9e.<\/p>\n<p>Laissez-vous transporter dans un lieu de paix gr\u00e2ce au parfum propre et l\u00e9ger de noix de coco tropicale qui reste sur votre peau. Cette lotion hydratante pour les mains et le corps est con\u00e7ue pour offrir une hydratation longue dur\u00e9e pour emprisonner l&#8217;humidit\u00e9 pour une belle peau dont vous pourrez profiter toute l&#8217;ann\u00e9e. Commandez d\u00e8s maintenant la lotion pour le corps hydratante \u00e0 la noix de coco de Jergens de la marque Satin Skin pour une peau restaur\u00e9e et hydrat\u00e9e !<\/p>","protected":false},"excerpt":{"rendered":"<p>D\u00e9couvrez la lotion hydratante pour les mains et le corps \u00e0 la noix de coco de Jergens de la marque Satin Skin ! Cette lotion est impr\u00e9gn\u00e9e d&#8217;huile pour une hydratation instantan\u00e9e et intense de votre peau. Gr\u00e2ce \u00e0 la combinaison unique d&#8217;eau de coco et d&#8217;huile de coco, cette lotion p\u00e9n\u00e8tre en profondeur pour<span class=\"read-more-faq\"><a href=\"https:\/\/sakaba.mghosteur.com\/en\/product\/jergens-hydrating-coconut\/\">Read More<\/a><\/span><\/p>","protected":false},"featured_media":0,"comment_status":"closed","ping_status":"closed","template":"","meta":[],"product_brand":[],"product_cat":[447,1061],"product_tag":[],"class_list":{"0":"post-24134","1":"product","2":"type-product","3":"status-publish","5":"product_cat-aac-bain-et-corps","6":"product_cat-lait-huile_corporelle","8":"first","9":"instock","10":"shipping-taxable","11":"product-type-simple"},"jetpack-related-posts":[{"id":30040,"url":"https:\/\/sakaba.mghosteur.com\/en\/product\/jergens-oil-infused-skin-firming\/","url_meta":{"origin":24134,"position":0},"title":"JERGENS OIL INFUSED SKIN FIRMING","author":"admin","date":"May 2, 2023","format":false,"excerpt":"D\u00e9couvrez la Lotion pour le corps raffermissante de Jergens, con\u00e7ue pour les peaux s\u00e8ches et test\u00e9e par des dermatologues. Cette lotion est enrichie en collag\u00e8ne et \u00e9lastine pour aider \u00e0 raffermir la peau et lui donner une apparence plus lisse et tonique. Offrez \u00e0 votre peau une hydratation exceptionnelle avec\u2026","rel":"","context":"Similar post","block_context":{"text":"Similar post","link":""},"img":{"alt_text":"","src":"","width":0,"height":0},"classes":[]},{"id":29669,"url":"https:\/\/sakaba.mghosteur.com\/en\/product\/palmers-coconut-oil-formula-body-lotion\/","url_meta":{"origin":24134,"position":1},"title":"Palmer&#8217;s Coconut Oil Formula Body lotion","author":"admin","date":"April 13, 2023","format":false,"excerpt":"La lotion pour le corps \u00e0 la noix de coco de la marque Palmer's est le choix parfait pour une peau hydrat\u00e9e et r\u00e9g\u00e9n\u00e9r\u00e9e. Cette lotion est formul\u00e9e avec de l'huile de noix de coco extra vierge biologique certifi\u00e9e \u00e9quitable et de l'extrait de caf\u00e9 vert pour vous offrir une\u2026","rel":"","context":"Similar post","block_context":{"text":"Similar post","link":""},"img":{"alt_text":"","src":"","width":0,"height":0},"classes":[]},{"id":30035,"url":"https:\/\/sakaba.mghosteur.com\/en\/product\/jergens-hydrating-coconut-moisturizer-for-dry-skin-21-oz\/","url_meta":{"origin":24134,"position":2},"title":"Jergens Hydrating Coconut Moisturizer for Dry Skin, 21 oz","author":"admin","date":"May 2, 2023","format":false,"excerpt":"D\u00e9couvrez l'hydratant \u00e0 la noix de coco Jergens, un v\u00e9ritable paradis tropical pour votre peau. Ce hydratant pour le corps de 21 fl oz est formul\u00e9 avec un m\u00e9lange d'huiles nourrissantes, d'huile de noix de coco et d'eau de noix de coco pour apporter une hydratation profonde et durable pendant\u2026","rel":"","context":"Similar post","block_context":{"text":"Similar post","link":""},"img":{"alt_text":"","src":"","width":0,"height":0},"classes":[]},{"id":29902,"url":"https:\/\/sakaba.mghosteur.com\/en\/product\/vaseline-cocoa-radiant-body-lotion-600ml\/","url_meta":{"origin":24134,"position":3},"title":"VASELINE COCOA RADIANT BODY LOTION 600ML","author":"admin","date":"April 27, 2023","format":false,"excerpt":"D\u00e9couvrez la lotion Vaseline Intensive Care Cocoa Radiant, sp\u00e9cialement con\u00e7ue pour aider \u00e0 rajeunir la peau terne et s\u00e8che. Sa formule \u00e0 absorption rapide, test\u00e9e par des dermatologues, procure 48 heures d'hydratation pour un \u00e9clat radieux et durable. Cette lotion est id\u00e9ale pour les peaux s\u00e8ches et ternes. Elle contient\u2026","rel":"","context":"Similar post","block_context":{"text":"Similar post","link":""},"img":{"alt_text":"","src":"","width":0,"height":0},"classes":[]},{"id":29907,"url":"https:\/\/sakaba.mghosteur.com\/en\/product\/vaseline-cocoa-radiant-body-lotion-947ml\/","url_meta":{"origin":24134,"position":4},"title":"VASELINE COCOA RADIANT BODY LOTION 947ML","author":"admin","date":"April 27, 2023","format":false,"excerpt":"D\u00e9couvrez la lotion Vaseline Intensive Care Cocoa Radiant, sp\u00e9cialement con\u00e7ue pour aider \u00e0 rajeunir la peau terne et s\u00e8che. Sa formule \u00e0 absorption rapide, test\u00e9e par des dermatologues, procure 48 heures d\u2019hydratation pour un \u00e9clat radieux et durable. Cette lotion est id\u00e9ale pour les peaux s\u00e8ches et ternes. Elle contient\u2026","rel":"","context":"Similar post","block_context":{"text":"Similar post","link":""},"img":{"alt_text":"","src":"","width":0,"height":0},"classes":[]},{"id":29910,"url":"https:\/\/sakaba.mghosteur.com\/en\/product\/vaseline-cocoa-radiant-body-lotion-295ml\/","url_meta":{"origin":24134,"position":5},"title":"VASELINE COCOA RADIANT BODY LOTION 295ML","author":"admin","date":"April 27, 2023","format":false,"excerpt":"D\u00e9couvrez la lotion Vaseline Intensive Care Cocoa Radiant, sp\u00e9cialement con\u00e7ue pour aider \u00e0 rajeunir la peau terne et s\u00e8che. Sa formule \u00e0 absorption rapide, test\u00e9e par des dermatologues, procure 48 heures d\u2019hydratation pour un \u00e9clat radieux et durable. Cette lotion est id\u00e9ale pour les peaux s\u00e8ches et ternes. Elle contient\u2026","rel":"","context":"Similar post","block_context":{"text":"Similar post","link":""},"img":{"alt_text":"","src":"","width":0,"height":0},"classes":[]}],"_links":{"self":[{"href":"https:\/\/sakaba.mghosteur.com\/en\/wp-json\/wp\/v2\/product\/24134","targetHints":{"allow":["GET"]}}],"collection":[{"href":"https:\/\/sakaba.mghosteur.com\/en\/wp-json\/wp\/v2\/product"}],"about":[{"href":"https:\/\/sakaba.mghosteur.com\/en\/wp-json\/wp\/v2\/types\/product"}],"replies":[{"embeddable":true,"href":"https:\/\/sakaba.mghosteur.com\/en\/wp-json\/wp\/v2\/comments?post=24134"}],"version-history":[{"count":0,"href":"https:\/\/sakaba.mghosteur.com\/en\/wp-json\/wp\/v2\/product\/24134\/revisions"}],"wp:attachment":[{"href":"https:\/\/sakaba.mghosteur.com\/en\/wp-json\/wp\/v2\/media?parent=24134"}],"wp:term":[{"taxonomy":"product_brand","embeddable":true,"href":"https:\/\/sakaba.mghosteur.com\/en\/wp-json\/wp\/v2\/product_brand?post=24134"},{"taxonomy":"product_cat","embeddable":true,"href":"https:\/\/sakaba.mghosteur.com\/en\/wp-json\/wp\/v2\/product_cat?post=24134"},{"taxonomy":"product_tag","embeddable":true,"href":"https:\/\/sakaba.mghosteur.com\/en\/wp-json\/wp\/v2\/product_tag?post=24134"}],"curies":[{"name":"wp","href":"https:\/\/api.w.org\/{rel}","templated":true}]}}