{"id":24136,"date":"2022-11-09T16:04:17","date_gmt":"2022-11-09T16:04:17","guid":{"rendered":"http:\/\/www.sakababeauty.com\/?post_type=product&#038;p=24136"},"modified":"2024-08-29T00:16:57","modified_gmt":"2024-08-29T00:16:57","slug":"jergens-original-scent-cherry-almond","status":"publish","type":"product","link":"https:\/\/sakaba.mghosteur.com\/en\/product\/jergens-original-scent-cherry-almond\/","title":{"rendered":"JERGENS ORIGINAL SCENT CHERRY ALMOND 21,0 fl oz"},"content":{"rendered":"<p>D\u00e9couvrez la lotion hydratante Cerise Amande de Jergens, un soin parfait pour les peaux normales \u00e0 s\u00e8ches qui cherchent \u00e0 retrouver une hydratation optimale. Cette lotion aide \u00e0 soulager la peau s\u00e8che et \u00e0 restaurer la luminosit\u00e9 de la peau. Le parfum embl\u00e9matique de Jergens Cherry Almond laissera votre peau l\u00e9g\u00e8rement parfum\u00e9e.<\/p>\n<p>Cette lotion pour les mains et le corps est test\u00e9e dermatologiquement et est formul\u00e9e avec un m\u00e9lange unique HYDRALUCENCE et des hydratants nourrissants pour une hydratation longue dur\u00e9e. L&#8217;essence de cerise et d&#8217;amande ajoute une note de fra\u00eecheur \u00e0 cette lotion pour la rendre encore plus agr\u00e9able \u00e0 utiliser.<\/p>\n<p>La lotion hydratante pour les mains et le corps Cerise Amande de Jergens est con\u00e7ue pour aider \u00e0 soulager les mains s\u00e8ches et craquel\u00e9es avec sa pompe pratique, tandis que la cr\u00e8me pour le corps apaise la peau pour une hydratation optimale. R\u00e9v\u00e9lez une peau plus douce et plus radieuse en utilisant cette lotion hydratante de qualit\u00e9 sup\u00e9rieure pour le corps et les mains. Fabriqu\u00e9e aux \u00c9tats-Unis, cette lotion est disponible en bouteille de 21,0 fl oz. Veuillez noter que le produit re\u00e7u peut temporairement diff\u00e9rer de l&#8217;image affich\u00e9e en raison de la mise \u00e0 jour de l&#8217;emballage.<\/p>\n<p>&nbsp;<\/p>","protected":false},"excerpt":{"rendered":"<p>D\u00e9couvrez la lotion hydratante Cerise Amande de Jergens, un soin parfait pour les peaux normales \u00e0 s\u00e8ches qui cherchent \u00e0 retrouver une hydratation optimale. Cette lotion aide \u00e0 soulager la peau s\u00e8che et \u00e0 restaurer la luminosit\u00e9 de la peau. Le parfum embl\u00e9matique de Jergens Cherry Almond laissera votre peau l\u00e9g\u00e8rement parfum\u00e9e. Cette lotion pour<span class=\"read-more-faq\"><a href=\"https:\/\/sakaba.mghosteur.com\/en\/product\/jergens-original-scent-cherry-almond\/\">Read More<\/a><\/span><\/p>","protected":false},"featured_media":0,"comment_status":"closed","ping_status":"closed","template":"","meta":[],"product_brand":[],"product_cat":[447,1061],"product_tag":[],"class_list":{"0":"post-24136","1":"product","2":"type-product","3":"status-publish","5":"product_cat-aac-bain-et-corps","6":"product_cat-lait-huile_corporelle","8":"first","9":"instock","10":"shipping-taxable","11":"product-type-simple"},"jetpack-related-posts":[{"id":30023,"url":"https:\/\/sakaba.mghosteur.com\/en\/product\/jergens-cherry-almond-621ml\/","url_meta":{"origin":24136,"position":0},"title":"JERGENS CHERRY ALMOND 621ML","author":"admin","date":"May 2, 2023","format":false,"excerpt":"D\u00e9couvrez le secret pour une peau magnifiquement douce avec l'hydratant pour peau s\u00e8che Jergens, maintenant disponible en flacon de 21 oz (621 ml). Cette formule exclusive est enrichie d'un m\u00e9lange \u00e9claircissant HYDRALUCENCE\u00ae et d'essences naturelles de cerise et d'amande pour une hydratation longue dur\u00e9e qui adoucit et nourrit la peau.\u2026","rel":"","context":"Similar post","block_context":{"text":"Similar post","link":""},"img":{"alt_text":"","src":"","width":0,"height":0},"classes":[]},{"id":30054,"url":"https:\/\/sakaba.mghosteur.com\/en\/product\/jergens-soothing-aloe\/","url_meta":{"origin":24136,"position":1},"title":"JERGENS SOOTHING ALOE","author":"admin","date":"May 2, 2023","format":false,"excerpt":"D\u00e9couvrez la Lotion rafra\u00eechissante pour le corps \u00e0 l'alo\u00e8s apaisant de Jergens, un hydratant pour le corps et les mains qui utilisent l'aloe vera pour soulager et hydrater la peau s\u00e8che. Cette lotion pour le corps Jergens est formul\u00e9e avec l'extrait de concombre et un m\u00e9lange hydratant Hydralucence qui illumine\u2026","rel":"","context":"Similar post","block_context":{"text":"Similar post","link":""},"img":{"alt_text":"","src":"","width":0,"height":0},"classes":[]},{"id":30026,"url":"https:\/\/sakaba.mghosteur.com\/en\/product\/jergens-deep-restoring-argan\/","url_meta":{"origin":24136,"position":2},"title":"JERGENS DEEP RESTORING ARGAN","author":"admin","date":"May 2, 2023","format":false,"excerpt":"D\u00e9couvrez l'hydratant Jergens Deep Restoring \u00e0 l'huile d'argan de la marque Satin Skin, une lotion apaisante pour le corps et les mains. Cette formule nourrissante et r\u00e9paratrice est infus\u00e9e avec des ingr\u00e9dients essentiels pour offrir une hydratation quotidienne \u00e0 votre peau. L'huile d'argan, souvent appel\u00e9e \"or liquide\", associ\u00e9e \u00e0 la\u2026","rel":"","context":"Similar post","block_context":{"text":"Similar post","link":""},"img":{"alt_text":"","src":"","width":0,"height":0},"classes":[]},{"id":24140,"url":"https:\/\/sakaba.mghosteur.com\/en\/product\/jergens-ultra-healing\/","url_meta":{"origin":24136,"position":3},"title":"JERGENS ULTRA HEALING","author":"admin","date":"November 9, 2022","format":false,"excerpt":"La lotion hydratante pour les mains et le corps de Jergens est la solution ultime pour la peau s\u00e8che. Sa formule nourrissante p\u00e9n\u00e8tre profond\u00e9ment dans la peau, jusqu'\u00e0 cinq couches, pour soigner les zones tr\u00e8s s\u00e8ches et rugueuses, am\u00e9liorer le tonus et la texture, laissant la peau lisse et visiblement\u2026","rel":"","context":"Similar post","block_context":{"text":"Similar post","link":""},"img":{"alt_text":"","src":"","width":0,"height":0},"classes":[]},{"id":31423,"url":"https:\/\/sakaba.mghosteur.com\/en\/product\/jergens-ultra-healing-946ml\/","url_meta":{"origin":24136,"position":4},"title":"JERGENS ULTRA HEALING 946ML","author":"admin","date":"May 10, 2024","format":false,"excerpt":"R\u00e9parez la s\u00e9cheresse \u00e0 la source avec Jergens Ultra Healing Moisturizer, la solution pour une peau extra s\u00e8che. Sa formule nourrissante p\u00e9n\u00e8tre \u00e0 travers cinq couches de la surface cutan\u00e9e, offrant une gu\u00e9rison efficace pour la peau tr\u00e8s s\u00e8che, am\u00e9liorant son tonus et sa texture, et la laissant lisse et\u2026","rel":"","context":"Similar post","block_context":{"text":"Similar post","link":""},"img":{"alt_text":"","src":"","width":0,"height":0},"classes":[]},{"id":24138,"url":"https:\/\/sakaba.mghosteur.com\/en\/product\/jergens-enriching-shea-butter\/","url_meta":{"origin":24136,"position":5},"title":"JERGENS ENRICHING SHEA BUTTER","author":"admin","date":"November 9, 2022","format":false,"excerpt":"La lotion pour le corps et les mains enrichissante au beurre de karit\u00e9 de Jergens de Satin Skin est un hydratant en profondeur qui revitalise la peau terne et s\u00e8che. Sa formule l\u00e9g\u00e8rement parfum\u00e9e hydrate et renforce la brillance de la peau, la laissant 3 fois plus \u00e9clatante. Cette formule\u2026","rel":"","context":"Similar post","block_context":{"text":"Similar post","link":""},"img":{"alt_text":"","src":"","width":0,"height":0},"classes":[]}],"_links":{"self":[{"href":"https:\/\/sakaba.mghosteur.com\/en\/wp-json\/wp\/v2\/product\/24136","targetHints":{"allow":["GET"]}}],"collection":[{"href":"https:\/\/sakaba.mghosteur.com\/en\/wp-json\/wp\/v2\/product"}],"about":[{"href":"https:\/\/sakaba.mghosteur.com\/en\/wp-json\/wp\/v2\/types\/product"}],"replies":[{"embeddable":true,"href":"https:\/\/sakaba.mghosteur.com\/en\/wp-json\/wp\/v2\/comments?post=24136"}],"version-history":[{"count":0,"href":"https:\/\/sakaba.mghosteur.com\/en\/wp-json\/wp\/v2\/product\/24136\/revisions"}],"wp:attachment":[{"href":"https:\/\/sakaba.mghosteur.com\/en\/wp-json\/wp\/v2\/media?parent=24136"}],"wp:term":[{"taxonomy":"product_brand","embeddable":true,"href":"https:\/\/sakaba.mghosteur.com\/en\/wp-json\/wp\/v2\/product_brand?post=24136"},{"taxonomy":"product_cat","embeddable":true,"href":"https:\/\/sakaba.mghosteur.com\/en\/wp-json\/wp\/v2\/product_cat?post=24136"},{"taxonomy":"product_tag","embeddable":true,"href":"https:\/\/sakaba.mghosteur.com\/en\/wp-json\/wp\/v2\/product_tag?post=24136"}],"curies":[{"name":"wp","href":"https:\/\/api.w.org\/{rel}","templated":true}]}}