{"id":24140,"date":"2022-11-09T16:06:25","date_gmt":"2022-11-09T16:06:25","guid":{"rendered":"http:\/\/www.sakababeauty.com\/?post_type=product&#038;p=24140"},"modified":"2024-08-29T00:18:33","modified_gmt":"2024-08-29T00:18:33","slug":"jergens-ultra-healing","status":"publish","type":"product","link":"https:\/\/sakaba.mghosteur.com\/en\/product\/jergens-ultra-healing\/","title":{"rendered":"JERGENS ULTRA HEALING"},"content":{"rendered":"<p>La lotion hydratante pour les mains et le corps de Jergens est la solution ultime pour la peau s\u00e8che. Sa formule nourrissante p\u00e9n\u00e8tre profond\u00e9ment dans la peau, jusqu&#8217;\u00e0 cinq couches, pour soigner les zones tr\u00e8s s\u00e8ches et rugueuses, am\u00e9liorer le tonus et la texture, laissant la peau lisse et visiblement plus saine. Cette lotion pour le corps s&#8217;absorbe rapidement pour adoucir les zones qui ont tendance \u00e0 avoir le plus besoin d&#8217;humidit\u00e9, comme les talons, les coudes et les genoux. Elle est formul\u00e9e avec un m\u00e9lange unique d&#8217;ingr\u00e9dients HYDRALUCENCE ainsi que des vitamines C, E et B5, pour nourrir la peau et la laisser lumineuse et hydrat\u00e9e jusqu&#8217;\u00e0 48 heures. Cette lotion hydratante est la marque de confiance pour une hydratation r\u00e9confortante depuis 1901. Utilisez l&#8217;hydratant Jergens Ultra Healing pour aider \u00e0 soulager la peau s\u00e8che, r\u00e9parer la peau s\u00e8che en profondeur et am\u00e9liorer l&#8217;apparence et la texture de la peau. La peau est nourrie et semble visiblement plus saine au fil du temps. Avec une formulation unique et des ingr\u00e9dients de qualit\u00e9, cette lotion pour le corps est le choix parfait pour ceux qui cherchent une solution efficace pour la peau s\u00e8che. Veuillez noter que les motifs de vacances sur l&#8217;image principale sont uniquement destin\u00e9s \u00e0 la d\u00e9coration et ne seront pas vendus avec l&#8217;article.<\/p>","protected":false},"excerpt":{"rendered":"<p>La lotion hydratante pour les mains et le corps de Jergens est la solution ultime pour la peau s\u00e8che. Sa formule nourrissante p\u00e9n\u00e8tre profond\u00e9ment dans la peau, jusqu&#8217;\u00e0 cinq couches, pour soigner les zones tr\u00e8s s\u00e8ches et rugueuses, am\u00e9liorer le tonus et la texture, laissant la peau lisse et visiblement plus saine. Cette lotion pour<span class=\"read-more-faq\"><a href=\"https:\/\/sakaba.mghosteur.com\/en\/product\/jergens-ultra-healing\/\">Read More<\/a><\/span><\/p>","protected":false},"featured_media":0,"comment_status":"closed","ping_status":"closed","template":"","meta":[],"product_brand":[],"product_cat":[447,1061],"product_tag":[],"class_list":{"0":"post-24140","1":"product","2":"type-product","3":"status-publish","5":"product_cat-aac-bain-et-corps","6":"product_cat-lait-huile_corporelle","8":"first","9":"instock","10":"shipping-taxable","11":"product-type-simple"},"jetpack-related-posts":[{"id":31423,"url":"https:\/\/sakaba.mghosteur.com\/en\/product\/jergens-ultra-healing-946ml\/","url_meta":{"origin":24140,"position":0},"title":"JERGENS ULTRA HEALING 946ML","author":"admin","date":"May 10, 2024","format":false,"excerpt":"R\u00e9parez la s\u00e9cheresse \u00e0 la source avec Jergens Ultra Healing Moisturizer, la solution pour une peau extra s\u00e8che. Sa formule nourrissante p\u00e9n\u00e8tre \u00e0 travers cinq couches de la surface cutan\u00e9e, offrant une gu\u00e9rison efficace pour la peau tr\u00e8s s\u00e8che, am\u00e9liorant son tonus et sa texture, et la laissant lisse et\u2026","rel":"","context":"Similar post","block_context":{"text":"Similar post","link":""},"img":{"alt_text":"","src":"","width":0,"height":0},"classes":[]},{"id":24136,"url":"https:\/\/sakaba.mghosteur.com\/en\/product\/jergens-original-scent-cherry-almond\/","url_meta":{"origin":24140,"position":1},"title":"JERGENS ORIGINAL SCENT CHERRY ALMOND 21,0 fl oz","author":"admin","date":"November 9, 2022","format":false,"excerpt":"D\u00e9couvrez la lotion hydratante Cerise Amande de Jergens, un soin parfait pour les peaux normales \u00e0 s\u00e8ches qui cherchent \u00e0 retrouver une hydratation optimale. Cette lotion aide \u00e0 soulager la peau s\u00e8che et \u00e0 restaurer la luminosit\u00e9 de la peau. Le parfum embl\u00e9matique de Jergens Cherry Almond laissera votre peau\u2026","rel":"","context":"Similar post","block_context":{"text":"Similar post","link":""},"img":{"alt_text":"","src":"","width":0,"height":0},"classes":[]},{"id":30054,"url":"https:\/\/sakaba.mghosteur.com\/en\/product\/jergens-soothing-aloe\/","url_meta":{"origin":24140,"position":2},"title":"JERGENS SOOTHING ALOE","author":"admin","date":"May 2, 2023","format":false,"excerpt":"D\u00e9couvrez la Lotion rafra\u00eechissante pour le corps \u00e0 l'alo\u00e8s apaisant de Jergens, un hydratant pour le corps et les mains qui utilisent l'aloe vera pour soulager et hydrater la peau s\u00e8che. Cette lotion pour le corps Jergens est formul\u00e9e avec l'extrait de concombre et un m\u00e9lange hydratant Hydralucence qui illumine\u2026","rel":"","context":"Similar post","block_context":{"text":"Similar post","link":""},"img":{"alt_text":"","src":"","width":0,"height":0},"classes":[]},{"id":30026,"url":"https:\/\/sakaba.mghosteur.com\/en\/product\/jergens-deep-restoring-argan\/","url_meta":{"origin":24140,"position":3},"title":"JERGENS DEEP RESTORING ARGAN","author":"admin","date":"May 2, 2023","format":false,"excerpt":"D\u00e9couvrez l'hydratant Jergens Deep Restoring \u00e0 l'huile d'argan de la marque Satin Skin, une lotion apaisante pour le corps et les mains. Cette formule nourrissante et r\u00e9paratrice est infus\u00e9e avec des ingr\u00e9dients essentiels pour offrir une hydratation quotidienne \u00e0 votre peau. L'huile d'argan, souvent appel\u00e9e \"or liquide\", associ\u00e9e \u00e0 la\u2026","rel":"","context":"Similar post","block_context":{"text":"Similar post","link":""},"img":{"alt_text":"","src":"","width":0,"height":0},"classes":[]},{"id":30040,"url":"https:\/\/sakaba.mghosteur.com\/en\/product\/jergens-oil-infused-skin-firming\/","url_meta":{"origin":24140,"position":4},"title":"JERGENS OIL INFUSED SKIN FIRMING","author":"admin","date":"May 2, 2023","format":false,"excerpt":"D\u00e9couvrez la Lotion pour le corps raffermissante de Jergens, con\u00e7ue pour les peaux s\u00e8ches et test\u00e9e par des dermatologues. Cette lotion est enrichie en collag\u00e8ne et \u00e9lastine pour aider \u00e0 raffermir la peau et lui donner une apparence plus lisse et tonique. Offrez \u00e0 votre peau une hydratation exceptionnelle avec\u2026","rel":"","context":"Similar post","block_context":{"text":"Similar post","link":""},"img":{"alt_text":"","src":"","width":0,"height":0},"classes":[]},{"id":24138,"url":"https:\/\/sakaba.mghosteur.com\/en\/product\/jergens-enriching-shea-butter\/","url_meta":{"origin":24140,"position":5},"title":"JERGENS ENRICHING SHEA BUTTER","author":"admin","date":"November 9, 2022","format":false,"excerpt":"La lotion pour le corps et les mains enrichissante au beurre de karit\u00e9 de Jergens de Satin Skin est un hydratant en profondeur qui revitalise la peau terne et s\u00e8che. Sa formule l\u00e9g\u00e8rement parfum\u00e9e hydrate et renforce la brillance de la peau, la laissant 3 fois plus \u00e9clatante. Cette formule\u2026","rel":"","context":"Similar post","block_context":{"text":"Similar post","link":""},"img":{"alt_text":"","src":"","width":0,"height":0},"classes":[]}],"_links":{"self":[{"href":"https:\/\/sakaba.mghosteur.com\/en\/wp-json\/wp\/v2\/product\/24140","targetHints":{"allow":["GET"]}}],"collection":[{"href":"https:\/\/sakaba.mghosteur.com\/en\/wp-json\/wp\/v2\/product"}],"about":[{"href":"https:\/\/sakaba.mghosteur.com\/en\/wp-json\/wp\/v2\/types\/product"}],"replies":[{"embeddable":true,"href":"https:\/\/sakaba.mghosteur.com\/en\/wp-json\/wp\/v2\/comments?post=24140"}],"version-history":[{"count":0,"href":"https:\/\/sakaba.mghosteur.com\/en\/wp-json\/wp\/v2\/product\/24140\/revisions"}],"wp:attachment":[{"href":"https:\/\/sakaba.mghosteur.com\/en\/wp-json\/wp\/v2\/media?parent=24140"}],"wp:term":[{"taxonomy":"product_brand","embeddable":true,"href":"https:\/\/sakaba.mghosteur.com\/en\/wp-json\/wp\/v2\/product_brand?post=24140"},{"taxonomy":"product_cat","embeddable":true,"href":"https:\/\/sakaba.mghosteur.com\/en\/wp-json\/wp\/v2\/product_cat?post=24140"},{"taxonomy":"product_tag","embeddable":true,"href":"https:\/\/sakaba.mghosteur.com\/en\/wp-json\/wp\/v2\/product_tag?post=24140"}],"curies":[{"name":"wp","href":"https:\/\/api.w.org\/{rel}","templated":true}]}}