{"id":24144,"date":"2022-11-09T16:09:35","date_gmt":"2022-11-09T16:09:35","guid":{"rendered":"http:\/\/www.sakababeauty.com\/?post_type=product&#038;p=24144"},"modified":"2024-08-29T00:19:06","modified_gmt":"2024-08-29T00:19:06","slug":"jergens-natural-glow-221ml","status":"publish","type":"product","link":"https:\/\/sakaba.mghosteur.com\/en\/product\/jergens-natural-glow-221ml\/","title":{"rendered":"JERGENS natural glow 221ML"},"content":{"rendered":"","protected":false},"excerpt":{"rendered":"","protected":false},"featured_media":0,"comment_status":"closed","ping_status":"closed","template":"","meta":[],"product_brand":[],"product_cat":[447,1061],"product_tag":[],"class_list":{"0":"post-24144","1":"product","2":"type-product","3":"status-publish","5":"product_cat-aac-bain-et-corps","6":"product_cat-lait-huile_corporelle","8":"first","9":"instock","10":"shipping-taxable","11":"product-type-simple"},"jetpack-related-posts":[{"id":30054,"url":"https:\/\/sakaba.mghosteur.com\/en\/product\/jergens-soothing-aloe\/","url_meta":{"origin":24144,"position":0},"title":"JERGENS SOOTHING ALOE","author":"admin","date":"May 2, 2023","format":false,"excerpt":"D\u00e9couvrez la Lotion rafra\u00eechissante pour le corps \u00e0 l'alo\u00e8s apaisant de Jergens, un hydratant pour le corps et les mains qui utilisent l'aloe vera pour soulager et hydrater la peau s\u00e8che. Cette lotion pour le corps Jergens est formul\u00e9e avec l'extrait de concombre et un m\u00e9lange hydratant Hydralucence qui illumine\u2026","rel":"","context":"Similar post","block_context":{"text":"Similar post","link":""},"img":{"alt_text":"","src":"","width":0,"height":0},"classes":[]},{"id":31397,"url":"https:\/\/sakaba.mghosteur.com\/en\/product\/jergens-original-scent-cherry-almont-dry-skin-moisturizer-21-oz\/","url_meta":{"origin":24144,"position":1},"title":"Jergens Original Scent Cherry Almont Dry Skin Moisturizer, 21 oz.","author":"admin","date":"May 10, 2024","format":false,"excerpt":"","rel":"","context":"Similar post","block_context":{"text":"Similar post","link":""},"img":{"alt_text":"","src":"","width":0,"height":0},"classes":[]},{"id":24146,"url":"https:\/\/sakaba.mghosteur.com\/en\/product\/jergens-smoothing-avocado\/","url_meta":{"origin":24144,"position":2},"title":"JERGENS SMOOTHING AVOCADO","author":"admin","date":"November 9, 2022","format":false,"excerpt":"D\u00e9couvrez l'hydratant lissant \u00e0 l'avocat de Jergens, un produit de soin de la peau qui vous permet de prendre soin de votre peau au quotidien. Avec une formule infus\u00e9e d'huile d'avocat nourrissante et d'extrait d'avoine, cet hydratant est con\u00e7u pour fournir une hydratation compl\u00e8te de votre corps pendant 24 heures.\u2026","rel":"","context":"Similar post","block_context":{"text":"Similar post","link":""},"img":{"alt_text":"","src":"","width":0,"height":0},"classes":[]},{"id":31405,"url":"https:\/\/sakaba.mghosteur.com\/en\/product\/jergens-shea-butter-deep-conditioning-moisturizer\/","url_meta":{"origin":24144,"position":3},"title":"Jergens Shea Butter Deep Conditioning Moisturizer","author":"admin","date":"May 10, 2024","format":false,"excerpt":"Nourrissez votre peau en profondeur avec l'hydratant Jergens Shea Butter Deep Conditioning Moisturizer ! Cette formule rafra\u00eechissante et revitalisante est sp\u00e9cialement con\u00e7ue pour r\u00e9veiller votre teint et r\u00e9parer votre peau. Impr\u00e9gn\u00e9e de beurre de karit\u00e9 aux vertus r\u00e9paratrices, cette lotion laisse votre peau douce et velout\u00e9e, envelopp\u00e9e d'un parfum agr\u00e9able,\u2026","rel":"","context":"Similar post","block_context":{"text":"Similar post","link":""},"img":{"alt_text":"","src":"","width":0,"height":0},"classes":[]},{"id":30023,"url":"https:\/\/sakaba.mghosteur.com\/en\/product\/jergens-cherry-almond-621ml\/","url_meta":{"origin":24144,"position":4},"title":"JERGENS CHERRY ALMOND 621ML","author":"admin","date":"May 2, 2023","format":false,"excerpt":"D\u00e9couvrez le secret pour une peau magnifiquement douce avec l'hydratant pour peau s\u00e8che Jergens, maintenant disponible en flacon de 21 oz (621 ml). Cette formule exclusive est enrichie d'un m\u00e9lange \u00e9claircissant HYDRALUCENCE\u00ae et d'essences naturelles de cerise et d'amande pour une hydratation longue dur\u00e9e qui adoucit et nourrit la peau.\u2026","rel":"","context":"Similar post","block_context":{"text":"Similar post","link":""},"img":{"alt_text":"","src":"","width":0,"height":0},"classes":[]},{"id":31423,"url":"https:\/\/sakaba.mghosteur.com\/en\/product\/jergens-ultra-healing-946ml\/","url_meta":{"origin":24144,"position":5},"title":"JERGENS ULTRA HEALING 946ML","author":"admin","date":"May 10, 2024","format":false,"excerpt":"R\u00e9parez la s\u00e9cheresse \u00e0 la source avec Jergens Ultra Healing Moisturizer, la solution pour une peau extra s\u00e8che. Sa formule nourrissante p\u00e9n\u00e8tre \u00e0 travers cinq couches de la surface cutan\u00e9e, offrant une gu\u00e9rison efficace pour la peau tr\u00e8s s\u00e8che, am\u00e9liorant son tonus et sa texture, et la laissant lisse et\u2026","rel":"","context":"Similar post","block_context":{"text":"Similar post","link":""},"img":{"alt_text":"","src":"","width":0,"height":0},"classes":[]}],"_links":{"self":[{"href":"https:\/\/sakaba.mghosteur.com\/en\/wp-json\/wp\/v2\/product\/24144","targetHints":{"allow":["GET"]}}],"collection":[{"href":"https:\/\/sakaba.mghosteur.com\/en\/wp-json\/wp\/v2\/product"}],"about":[{"href":"https:\/\/sakaba.mghosteur.com\/en\/wp-json\/wp\/v2\/types\/product"}],"replies":[{"embeddable":true,"href":"https:\/\/sakaba.mghosteur.com\/en\/wp-json\/wp\/v2\/comments?post=24144"}],"version-history":[{"count":0,"href":"https:\/\/sakaba.mghosteur.com\/en\/wp-json\/wp\/v2\/product\/24144\/revisions"}],"wp:attachment":[{"href":"https:\/\/sakaba.mghosteur.com\/en\/wp-json\/wp\/v2\/media?parent=24144"}],"wp:term":[{"taxonomy":"product_brand","embeddable":true,"href":"https:\/\/sakaba.mghosteur.com\/en\/wp-json\/wp\/v2\/product_brand?post=24144"},{"taxonomy":"product_cat","embeddable":true,"href":"https:\/\/sakaba.mghosteur.com\/en\/wp-json\/wp\/v2\/product_cat?post=24144"},{"taxonomy":"product_tag","embeddable":true,"href":"https:\/\/sakaba.mghosteur.com\/en\/wp-json\/wp\/v2\/product_tag?post=24144"}],"curies":[{"name":"wp","href":"https:\/\/api.w.org\/{rel}","templated":true}]}}