{"id":24146,"date":"2022-11-09T16:10:48","date_gmt":"2022-11-09T16:10:48","guid":{"rendered":"http:\/\/www.sakababeauty.com\/?post_type=product&#038;p=24146"},"modified":"2024-08-29T00:17:29","modified_gmt":"2024-08-29T00:17:29","slug":"jergens-smoothing-avocado","status":"publish","type":"product","link":"https:\/\/sakaba.mghosteur.com\/en\/product\/jergens-smoothing-avocado\/","title":{"rendered":"JERGENS SMOOTHING AVOCADO"},"content":{"rendered":"<p>D\u00e9couvrez l&#8217;hydratant lissant \u00e0 l&#8217;avocat de Jergens, un produit de soin de la peau qui vous permet de prendre soin de votre peau au quotidien. Avec une formule infus\u00e9e d&#8217;huile d&#8217;avocat nourrissante et d&#8217;extrait d&#8217;avoine, cet hydratant est con\u00e7u pour fournir une hydratation compl\u00e8te de votre corps pendant 24 heures. Il est adapt\u00e9 \u00e0 tous les types de peau, qu&#8217;il s&#8217;agisse de peau s\u00e8che ou de peau grasse.<\/p>\n<p>Cette formule est con\u00e7ue pour \u00eatre r\u00e9paratrice et nourrissante, aidant \u00e0 apaiser et \u00e0 ajouter de l&#8217;humidit\u00e9 \u00e0 la peau gr\u00e2ce \u00e0 l&#8217;huile d&#8217;avocat et \u00e0 la vitamine E. L&#8217;hydratant lissant \u00e0 l&#8217;avocat de Jergens laisse votre peau soyeuse et r\u00e9g\u00e9n\u00e9r\u00e9e, pour une apparence visiblement plus saine et plus douce.<\/p>\n<p>Soyez assur\u00e9 que vous allez adorer l&#8217;hydratant lissant \u00e0 l&#8217;avocat de Jergens. Notre satisfaction est garantie, bien que des restrictions peuvent s&#8217;appliquer. Offrez \u00e0 votre peau le meilleur soin avec l&#8217;hydratant lissant \u00e0 l&#8217;avocat de Jergens.<\/p>","protected":false},"excerpt":{"rendered":"<p>D\u00e9couvrez l&#8217;hydratant lissant \u00e0 l&#8217;avocat de Jergens, un produit de soin de la peau qui vous permet de prendre soin de votre peau au quotidien. Avec une formule infus\u00e9e d&#8217;huile d&#8217;avocat nourrissante et d&#8217;extrait d&#8217;avoine, cet hydratant est con\u00e7u pour fournir une hydratation compl\u00e8te de votre corps pendant 24 heures. Il est adapt\u00e9 \u00e0 tous<span class=\"read-more-faq\"><a href=\"https:\/\/sakaba.mghosteur.com\/en\/product\/jergens-smoothing-avocado\/\">Read More<\/a><\/span><\/p>","protected":false},"featured_media":0,"comment_status":"closed","ping_status":"closed","template":"","meta":[],"product_brand":[],"product_cat":[447,1061],"product_tag":[],"class_list":{"0":"post-24146","1":"product","2":"type-product","3":"status-publish","5":"product_cat-aac-bain-et-corps","6":"product_cat-lait-huile_corporelle","8":"first","9":"instock","10":"shipping-taxable","11":"product-type-simple"},"jetpack-related-posts":[{"id":24140,"url":"https:\/\/sakaba.mghosteur.com\/en\/product\/jergens-ultra-healing\/","url_meta":{"origin":24146,"position":0},"title":"JERGENS ULTRA HEALING","author":"admin","date":"November 9, 2022","format":false,"excerpt":"La lotion hydratante pour les mains et le corps de Jergens est la solution ultime pour la peau s\u00e8che. Sa formule nourrissante p\u00e9n\u00e8tre profond\u00e9ment dans la peau, jusqu'\u00e0 cinq couches, pour soigner les zones tr\u00e8s s\u00e8ches et rugueuses, am\u00e9liorer le tonus et la texture, laissant la peau lisse et visiblement\u2026","rel":"","context":"Similar post","block_context":{"text":"Similar post","link":""},"img":{"alt_text":"","src":"","width":0,"height":0},"classes":[]},{"id":31423,"url":"https:\/\/sakaba.mghosteur.com\/en\/product\/jergens-ultra-healing-946ml\/","url_meta":{"origin":24146,"position":1},"title":"JERGENS ULTRA HEALING 946ML","author":"admin","date":"May 10, 2024","format":false,"excerpt":"R\u00e9parez la s\u00e9cheresse \u00e0 la source avec Jergens Ultra Healing Moisturizer, la solution pour une peau extra s\u00e8che. Sa formule nourrissante p\u00e9n\u00e8tre \u00e0 travers cinq couches de la surface cutan\u00e9e, offrant une gu\u00e9rison efficace pour la peau tr\u00e8s s\u00e8che, am\u00e9liorant son tonus et sa texture, et la laissant lisse et\u2026","rel":"","context":"Similar post","block_context":{"text":"Similar post","link":""},"img":{"alt_text":"","src":"","width":0,"height":0},"classes":[]},{"id":30040,"url":"https:\/\/sakaba.mghosteur.com\/en\/product\/jergens-oil-infused-skin-firming\/","url_meta":{"origin":24146,"position":2},"title":"JERGENS OIL INFUSED SKIN FIRMING","author":"admin","date":"May 2, 2023","format":false,"excerpt":"D\u00e9couvrez la Lotion pour le corps raffermissante de Jergens, con\u00e7ue pour les peaux s\u00e8ches et test\u00e9e par des dermatologues. Cette lotion est enrichie en collag\u00e8ne et \u00e9lastine pour aider \u00e0 raffermir la peau et lui donner une apparence plus lisse et tonique. Offrez \u00e0 votre peau une hydratation exceptionnelle avec\u2026","rel":"","context":"Similar post","block_context":{"text":"Similar post","link":""},"img":{"alt_text":"","src":"","width":0,"height":0},"classes":[]},{"id":24136,"url":"https:\/\/sakaba.mghosteur.com\/en\/product\/jergens-original-scent-cherry-almond\/","url_meta":{"origin":24146,"position":3},"title":"JERGENS ORIGINAL SCENT CHERRY ALMOND 21,0 fl oz","author":"admin","date":"November 9, 2022","format":false,"excerpt":"D\u00e9couvrez la lotion hydratante Cerise Amande de Jergens, un soin parfait pour les peaux normales \u00e0 s\u00e8ches qui cherchent \u00e0 retrouver une hydratation optimale. Cette lotion aide \u00e0 soulager la peau s\u00e8che et \u00e0 restaurer la luminosit\u00e9 de la peau. Le parfum embl\u00e9matique de Jergens Cherry Almond laissera votre peau\u2026","rel":"","context":"Similar post","block_context":{"text":"Similar post","link":""},"img":{"alt_text":"","src":"","width":0,"height":0},"classes":[]},{"id":30026,"url":"https:\/\/sakaba.mghosteur.com\/en\/product\/jergens-deep-restoring-argan\/","url_meta":{"origin":24146,"position":4},"title":"JERGENS DEEP RESTORING ARGAN","author":"admin","date":"May 2, 2023","format":false,"excerpt":"D\u00e9couvrez l'hydratant Jergens Deep Restoring \u00e0 l'huile d'argan de la marque Satin Skin, une lotion apaisante pour le corps et les mains. Cette formule nourrissante et r\u00e9paratrice est infus\u00e9e avec des ingr\u00e9dients essentiels pour offrir une hydratation quotidienne \u00e0 votre peau. L'huile d'argan, souvent appel\u00e9e \"or liquide\", associ\u00e9e \u00e0 la\u2026","rel":"","context":"Similar post","block_context":{"text":"Similar post","link":""},"img":{"alt_text":"","src":"","width":0,"height":0},"classes":[]},{"id":30023,"url":"https:\/\/sakaba.mghosteur.com\/en\/product\/jergens-cherry-almond-621ml\/","url_meta":{"origin":24146,"position":5},"title":"JERGENS CHERRY ALMOND 621ML","author":"admin","date":"May 2, 2023","format":false,"excerpt":"D\u00e9couvrez le secret pour une peau magnifiquement douce avec l'hydratant pour peau s\u00e8che Jergens, maintenant disponible en flacon de 21 oz (621 ml). Cette formule exclusive est enrichie d'un m\u00e9lange \u00e9claircissant HYDRALUCENCE\u00ae et d'essences naturelles de cerise et d'amande pour une hydratation longue dur\u00e9e qui adoucit et nourrit la peau.\u2026","rel":"","context":"Similar post","block_context":{"text":"Similar post","link":""},"img":{"alt_text":"","src":"","width":0,"height":0},"classes":[]}],"_links":{"self":[{"href":"https:\/\/sakaba.mghosteur.com\/en\/wp-json\/wp\/v2\/product\/24146","targetHints":{"allow":["GET"]}}],"collection":[{"href":"https:\/\/sakaba.mghosteur.com\/en\/wp-json\/wp\/v2\/product"}],"about":[{"href":"https:\/\/sakaba.mghosteur.com\/en\/wp-json\/wp\/v2\/types\/product"}],"replies":[{"embeddable":true,"href":"https:\/\/sakaba.mghosteur.com\/en\/wp-json\/wp\/v2\/comments?post=24146"}],"version-history":[{"count":0,"href":"https:\/\/sakaba.mghosteur.com\/en\/wp-json\/wp\/v2\/product\/24146\/revisions"}],"wp:attachment":[{"href":"https:\/\/sakaba.mghosteur.com\/en\/wp-json\/wp\/v2\/media?parent=24146"}],"wp:term":[{"taxonomy":"product_brand","embeddable":true,"href":"https:\/\/sakaba.mghosteur.com\/en\/wp-json\/wp\/v2\/product_brand?post=24146"},{"taxonomy":"product_cat","embeddable":true,"href":"https:\/\/sakaba.mghosteur.com\/en\/wp-json\/wp\/v2\/product_cat?post=24146"},{"taxonomy":"product_tag","embeddable":true,"href":"https:\/\/sakaba.mghosteur.com\/en\/wp-json\/wp\/v2\/product_tag?post=24146"}],"curies":[{"name":"wp","href":"https:\/\/api.w.org\/{rel}","templated":true}]}}