{"id":24153,"date":"2022-11-09T16:18:01","date_gmt":"2022-11-09T16:18:01","guid":{"rendered":"http:\/\/www.sakababeauty.com\/?post_type=product&#038;p=24153"},"modified":"2024-08-07T11:09:10","modified_gmt":"2024-08-07T11:09:10","slug":"cerave-renewing-sa-cleanser-473ml","status":"publish","type":"product","link":"https:\/\/sakaba.mghosteur.com\/en\/product\/cerave-renewing-sa-cleanser-473ml\/","title":{"rendered":"CERAVE RENEWING SA CLEANSER 473ML"},"content":{"rendered":"<p>Le nettoyant SA r\u00e9g\u00e9n\u00e9rant de la marque CeraVe est la solution parfaite pour une peau lisse et saine. Sa formule douce et moussante contenant de l&#8217;acide salicylique aide \u00e0 exfolier votre peau en douceur tout en \u00e9liminant les impuret\u00e9s et en adoucissant les zones rugueuses. Ce nettoyant est enrichi en c\u00e9ramides, des ingr\u00e9dients cl\u00e9s pour restaurer la barri\u00e8re protectrice de la peau, ainsi qu&#8217;en acide hyaluronique et niacinamide pour hydrater et apaiser la peau.<\/p>\n<p>Le nettoyant SA r\u00e9g\u00e9n\u00e9rant convient \u00e0 tous les types de peau, m\u00eame les peaux \u00e0 tendance acn\u00e9ique. Il peut \u00eatre utilis\u00e9 sur le visage et le corps pour une exfoliation douce et non irritante sans microbilles agressives. Cette formule non com\u00e9dog\u00e8ne et sans parfum est \u00e9galement enrichie en vitamine D antioxydante pour aider \u00e0 prot\u00e9ger votre peau des radicaux libres.<\/p>\n<p>Obtenez une peau plus douce, plus lisse et plus saine avec le nettoyant SA r\u00e9g\u00e9n\u00e9rant de CeraVe.<\/p>","protected":false},"excerpt":{"rendered":"<p>Le nettoyant SA r\u00e9g\u00e9n\u00e9rant de la marque CeraVe est la solution parfaite pour une peau lisse et saine. Sa formule douce et moussante contenant de l&#8217;acide salicylique aide \u00e0 exfolier votre peau en douceur tout en \u00e9liminant les impuret\u00e9s et en adoucissant les zones rugueuses. Ce nettoyant est enrichi en c\u00e9ramides, des ingr\u00e9dients cl\u00e9s pour<span class=\"read-more-faq\"><a href=\"https:\/\/sakaba.mghosteur.com\/en\/product\/cerave-renewing-sa-cleanser-473ml\/\">Read More<\/a><\/span><\/p>","protected":false},"featured_media":0,"comment_status":"closed","ping_status":"closed","template":"","meta":[],"product_brand":[],"product_cat":[324,451],"product_tag":[],"class_list":{"0":"post-24153","1":"product","2":"type-product","3":"status-publish","5":"product_cat-demaquillant-nettoyant","6":"product_cat-aab-soin-du-visage","8":"first","9":"instock","10":"shipping-taxable","11":"product-type-simple"},"jetpack-related-posts":[{"id":24177,"url":"https:\/\/sakaba.mghosteur.com\/en\/product\/cerave-sa-body-wash-for-rough-and-bumpy-skin\/","url_meta":{"origin":24153,"position":0},"title":"CERAVE SA BODY WASH FOR ROUGH AND BUMPY SKIN","author":"admin","date":"November 9, 2022","format":false,"excerpt":"Le nettoyant pour le corps CeraVe SA est sp\u00e9cialement con\u00e7u pour les peaux rugueuses et bossel\u00e9es. Il utilise une combinaison d'acide salicylique, de c\u00e9ramides, d'acide hyaluronique et de niacinamide pour nettoyer et exfolier en douceur tout en offrant une hydratation optimale. L'acide salicylique est un exfoliant doux qui aide \u00e0\u2026","rel":"","context":"Similar post","block_context":{"text":"Similar post","link":""},"img":{"alt_text":"","src":"","width":0,"height":0},"classes":[]},{"id":24173,"url":"https:\/\/sakaba.mghosteur.com\/en\/product\/cerave-hydrating-facial-cleanser-355-ml\/","url_meta":{"origin":24153,"position":1},"title":"CERAVE HYDRATING FACIAL CLEANSER 355 ML","author":"admin","date":"November 9, 2022","format":false,"excerpt":"Le nettoyant hydratant pour le visage CeraVe est le choix parfait pour une peau propre, hydrat\u00e9e et saine. Con\u00e7u avec des ingr\u00e9dients soigneusement s\u00e9lectionn\u00e9s, tels que les c\u00e9ramides et l'acide hyaluronique, ce nettoyant doux pour le visage est sp\u00e9cialement formul\u00e9 pour les peaux normales \u00e0 s\u00e8ches. Contrairement aux nettoyants classiques\u2026","rel":"","context":"Similar post","block_context":{"text":"Similar post","link":""},"img":{"alt_text":"","src":"","width":0,"height":0},"classes":[]},{"id":23930,"url":"https:\/\/sakaba.mghosteur.com\/en\/product\/cerave-hydrating-body-wash\/","url_meta":{"origin":24153,"position":2},"title":"CERAVE HYDRATING BODY WASH","author":"admin","date":"November 9, 2022","format":false,"excerpt":"Le gel douche hydratant CeraVe est parfait pour ceux qui recherchent un nettoyant pour le corps doux et hydratant. Cette formule nettoyante moussante est con\u00e7ue pour les peaux normales \u00e0 s\u00e8ches et aide \u00e0 \u00e9liminer la salet\u00e9 et les impuret\u00e9s sans dess\u00e9cher la peau. Au lieu de cela, il contient\u2026","rel":"","context":"Similar post","block_context":{"text":"Similar post","link":""},"img":{"alt_text":"","src":"","width":0,"height":0},"classes":[]},{"id":23905,"url":"https:\/\/sakaba.mghosteur.com\/en\/product\/cerave-skin-renewing-night-cream\/","url_meta":{"origin":24153,"position":3},"title":"CERAVE SKIN RENEWING NIGHT CREAM","author":"admin","date":"November 9, 2022","format":false,"excerpt":"La cr\u00e8me de nuit r\u00e9g\u00e9n\u00e9rante pour la peau CeraVe est un produit incontournable pour ceux qui recherchent une peau plus douce et rafra\u00eechie. Elle a \u00e9t\u00e9 d\u00e9velopp\u00e9e en collaboration avec des dermatologues pour aider \u00e0 restaurer la barri\u00e8re cutan\u00e9e pendant la nuit, lorsque la peau est la plus r\u00e9ceptive. Cette\u2026","rel":"","context":"Similar post","block_context":{"text":"Similar post","link":""},"img":{"alt_text":"","src":"","width":0,"height":0},"classes":[]},{"id":27391,"url":"https:\/\/sakaba.mghosteur.com\/en\/product\/the-inkey-list-fulvic-acid-brightening-cleanser\/","url_meta":{"origin":24153,"position":4},"title":"THE INKEY LIST FULVIC ACID BRIGHTENING CLEANSER","author":"admin","date":"November 29, 2022","format":false,"excerpt":"Le nettoyant \u00e0 l'acide fulvique de The Inkey List est un produit de soin de la peau de qualit\u00e9 sup\u00e9rieure qui vous aidera \u00e0 obtenir un teint plus lumineux et plus sain. Ce gel nettoyant exfoliant doux est parfait pour enlever le maquillage, y compris le maquillage des yeux, pour\u2026","rel":"","context":"Similar post","block_context":{"text":"Similar post","link":""},"img":{"alt_text":"","src":"","width":0,"height":0},"classes":[]},{"id":24526,"url":"https:\/\/sakaba.mghosteur.com\/en\/product\/cerave-hydrating-toner\/","url_meta":{"origin":24153,"position":5},"title":"CERAVE HYDRATING TONER","author":"admin","date":"November 10, 2022","format":false,"excerpt":"Le tonique hydratant de CeraVe est un produit incontournable pour une peau saine et bien hydrat\u00e9e. Avec sa formule douce et non dess\u00e9chante, ce toner \u00e9quilibre le pH de la peau et aide \u00e0 \u00e9liminer les r\u00e9sidus laiss\u00e9s apr\u00e8s le nettoyage du visage. Gr\u00e2ce \u00e0 sa composition riche en c\u00e9ramides,\u2026","rel":"","context":"Similar post","block_context":{"text":"Similar post","link":""},"img":{"alt_text":"","src":"","width":0,"height":0},"classes":[]}],"_links":{"self":[{"href":"https:\/\/sakaba.mghosteur.com\/en\/wp-json\/wp\/v2\/product\/24153","targetHints":{"allow":["GET"]}}],"collection":[{"href":"https:\/\/sakaba.mghosteur.com\/en\/wp-json\/wp\/v2\/product"}],"about":[{"href":"https:\/\/sakaba.mghosteur.com\/en\/wp-json\/wp\/v2\/types\/product"}],"replies":[{"embeddable":true,"href":"https:\/\/sakaba.mghosteur.com\/en\/wp-json\/wp\/v2\/comments?post=24153"}],"version-history":[{"count":0,"href":"https:\/\/sakaba.mghosteur.com\/en\/wp-json\/wp\/v2\/product\/24153\/revisions"}],"wp:attachment":[{"href":"https:\/\/sakaba.mghosteur.com\/en\/wp-json\/wp\/v2\/media?parent=24153"}],"wp:term":[{"taxonomy":"product_brand","embeddable":true,"href":"https:\/\/sakaba.mghosteur.com\/en\/wp-json\/wp\/v2\/product_brand?post=24153"},{"taxonomy":"product_cat","embeddable":true,"href":"https:\/\/sakaba.mghosteur.com\/en\/wp-json\/wp\/v2\/product_cat?post=24153"},{"taxonomy":"product_tag","embeddable":true,"href":"https:\/\/sakaba.mghosteur.com\/en\/wp-json\/wp\/v2\/product_tag?post=24153"}],"curies":[{"name":"wp","href":"https:\/\/api.w.org\/{rel}","templated":true}]}}