{"id":24173,"date":"2022-11-09T16:22:10","date_gmt":"2022-11-09T16:22:10","guid":{"rendered":"http:\/\/www.sakababeauty.com\/?post_type=product&#038;p=24173"},"modified":"2023-03-10T17:28:48","modified_gmt":"2023-03-10T17:28:48","slug":"cerave-hydrating-facial-cleanser-355-ml","status":"publish","type":"product","link":"https:\/\/sakaba.mghosteur.com\/en\/product\/cerave-hydrating-facial-cleanser-355-ml\/","title":{"rendered":"CERAVE HYDRATING FACIAL CLEANSER 355 ML"},"content":{"rendered":"<p>Le nettoyant hydratant pour le visage CeraVe est le choix parfait pour une peau propre, hydrat\u00e9e et saine. Con\u00e7u avec des ingr\u00e9dients soigneusement s\u00e9lectionn\u00e9s, tels que les c\u00e9ramides et l&#8217;acide hyaluronique, ce nettoyant doux pour le visage est sp\u00e9cialement formul\u00e9 pour les peaux normales \u00e0 s\u00e8ches.<\/p>\n<p>Contrairement aux nettoyants classiques qui peuvent dess\u00e9cher la peau, le nettoyant hydratant CeraVe respecte la barri\u00e8re naturelle de la peau tout en \u00e9liminant efficacement les impuret\u00e9s et le maquillage. Enrichi en acide hyaluronique, ce nettoyant hydrate en profondeur pour une peau douce et souple.<\/p>\n<p>Les 3 c\u00e9ramides essentiels dans la formule travaillent en synergie pour renforcer la barri\u00e8re cutan\u00e9e, emprisonner l&#8217;hydratation et prot\u00e9ger la peau des agressions ext\u00e9rieures. La technologie de livraison MVE permet une lib\u00e9ration lente et progressive des c\u00e9ramides pour un effet durable.<\/p>\n<p>Le nettoyant hydratant pour le visage CeraVe est non com\u00e9dog\u00e8ne, ce qui signifie qu&#8217;il n&#8217;obstrue pas les pores et convient parfaitement pour une utilisation quotidienne. Il est facile \u00e0 utiliser et convient \u00e0 tous les types de peau, m\u00eame les plus sensibles.<\/p>\n<p>Offrez \u00e0 votre peau le nettoyant hydratant CeraVe pour une routine de soins de la peau efficace et douce, qui lui permettra de retrouver son \u00e9quilibre et son \u00e9clat naturel.<\/p>","protected":false},"excerpt":{"rendered":"<p>Le nettoyant hydratant pour le visage CeraVe est le choix parfait pour une peau propre, hydrat\u00e9e et saine. Con\u00e7u avec des ingr\u00e9dients soigneusement s\u00e9lectionn\u00e9s, tels que les c\u00e9ramides et l&#8217;acide hyaluronique, ce nettoyant doux pour le visage est sp\u00e9cialement formul\u00e9 pour les peaux normales \u00e0 s\u00e8ches. Contrairement aux nettoyants classiques qui peuvent dess\u00e9cher la peau,<span class=\"read-more-faq\"><a href=\"https:\/\/sakaba.mghosteur.com\/en\/product\/cerave-hydrating-facial-cleanser-355-ml\/\">Read More<\/a><\/span><\/p>","protected":false},"featured_media":0,"comment_status":"closed","ping_status":"closed","template":"","meta":[],"product_brand":[],"product_cat":[446],"product_tag":[],"class_list":{"0":"post-24173","1":"product","2":"type-product","3":"status-publish","5":"product_cat-nettoyant","7":"first","8":"instock","9":"shipping-taxable","10":"product-type-simple"},"jetpack-related-posts":[],"_links":{"self":[{"href":"https:\/\/sakaba.mghosteur.com\/en\/wp-json\/wp\/v2\/product\/24173","targetHints":{"allow":["GET"]}}],"collection":[{"href":"https:\/\/sakaba.mghosteur.com\/en\/wp-json\/wp\/v2\/product"}],"about":[{"href":"https:\/\/sakaba.mghosteur.com\/en\/wp-json\/wp\/v2\/types\/product"}],"replies":[{"embeddable":true,"href":"https:\/\/sakaba.mghosteur.com\/en\/wp-json\/wp\/v2\/comments?post=24173"}],"version-history":[{"count":0,"href":"https:\/\/sakaba.mghosteur.com\/en\/wp-json\/wp\/v2\/product\/24173\/revisions"}],"wp:attachment":[{"href":"https:\/\/sakaba.mghosteur.com\/en\/wp-json\/wp\/v2\/media?parent=24173"}],"wp:term":[{"taxonomy":"product_brand","embeddable":true,"href":"https:\/\/sakaba.mghosteur.com\/en\/wp-json\/wp\/v2\/product_brand?post=24173"},{"taxonomy":"product_cat","embeddable":true,"href":"https:\/\/sakaba.mghosteur.com\/en\/wp-json\/wp\/v2\/product_cat?post=24173"},{"taxonomy":"product_tag","embeddable":true,"href":"https:\/\/sakaba.mghosteur.com\/en\/wp-json\/wp\/v2\/product_tag?post=24173"}],"curies":[{"name":"wp","href":"https:\/\/api.w.org\/{rel}","templated":true}]}}