{"id":24175,"date":"2022-11-09T16:23:38","date_gmt":"2022-11-09T16:23:38","guid":{"rendered":"http:\/\/www.sakababeauty.com\/?post_type=product&#038;p=24175"},"modified":"2023-03-10T12:28:44","modified_gmt":"2023-03-10T12:28:44","slug":"cerave-foaming-facial-cleanser-for-normal","status":"publish","type":"product","link":"https:\/\/sakaba.mghosteur.com\/en\/product\/cerave-foaming-facial-cleanser-for-normal\/","title":{"rendered":"CERAVE FOAMING FACIAL CLEANSER FOR NORMAL"},"content":{"rendered":"<p>Le nettoyant moussant pour le visage CeraVe est sp\u00e9cialement con\u00e7u pour les peaux normales \u00e0 grasses avec un contr\u00f4le de l&#8217;huile pour aider \u00e0 maintenir l&#8217;\u00e9quilibre de votre peau. Sa formule l\u00e9g\u00e8re et non dess\u00e9chante est facilement absorb\u00e9e par la peau pour nettoyer en profondeur tout en maintenant la barri\u00e8re d&#8217;hydratation naturelle. Les c\u00e9ramides aident \u00e0 restaurer la barri\u00e8re cutan\u00e9e, l&#8217;acide hyaluronique hydrate et la niacinamide calme la peau. En l&#8217;utilisant r\u00e9guli\u00e8rement, vous pouvez vous attendre \u00e0 une peau plus claire, plus douce et plus saine. Commandez d\u00e8s maintenant le nettoyant moussant pour le visage CeraVe et profitez d&#8217;une peau saine et \u00e9quilibr\u00e9e.<\/p>","protected":false},"excerpt":{"rendered":"<p>Le nettoyant moussant pour le visage CeraVe est sp\u00e9cialement con\u00e7u pour les peaux normales \u00e0 grasses avec un contr\u00f4le de l&#8217;huile pour aider \u00e0 maintenir l&#8217;\u00e9quilibre de votre peau. Sa formule l\u00e9g\u00e8re et non dess\u00e9chante est facilement absorb\u00e9e par la peau pour nettoyer en profondeur tout en maintenant la barri\u00e8re d&#8217;hydratation naturelle. Les c\u00e9ramides aident<span class=\"read-more-faq\"><a href=\"https:\/\/sakaba.mghosteur.com\/en\/product\/cerave-foaming-facial-cleanser-for-normal\/\">Read More<\/a><\/span><\/p>","protected":false},"featured_media":0,"comment_status":"closed","ping_status":"closed","template":"","meta":[],"product_brand":[],"product_cat":[377],"product_tag":[],"class_list":{"0":"post-24175","1":"product","2":"type-product","3":"status-publish","5":"product_cat-bath-body-works","7":"first","8":"instock","9":"shipping-taxable","10":"product-type-simple"},"jetpack-related-posts":[{"id":29049,"url":"https:\/\/sakaba.mghosteur.com\/en\/product\/cerave-hydrating-foaming-oil-cleanser-236ml\/","url_meta":{"origin":24175,"position":0},"title":"CERAVE HYDRATING FOAMING OIL CLEANSER 236ML","author":"admin","date":"March 10, 2023","format":false,"excerpt":"La CeraVe Hydrating Foaming Oil Cleanser est un nettoyant quotidien doux et nourrissant pour les peaux normales \u00e0 tr\u00e8s s\u00e8ches. Sa formule contenant 3 c\u00e9ramides essentiels, de la glyc\u00e9rine et de l'acide hyaluronique \u00e9limine en douceur la salet\u00e9, le s\u00e9bum et les impuret\u00e9s de la peau tout en procurant une\u2026","rel":"","context":"Similar post","block_context":{"text":"Similar post","link":""},"img":{"alt_text":"","src":"","width":0,"height":0},"classes":[]},{"id":23930,"url":"https:\/\/sakaba.mghosteur.com\/en\/product\/cerave-hydrating-body-wash\/","url_meta":{"origin":24175,"position":1},"title":"CERAVE HYDRATING BODY WASH","author":"admin","date":"November 9, 2022","format":false,"excerpt":"Le gel douche hydratant CeraVe est parfait pour ceux qui recherchent un nettoyant pour le corps doux et hydratant. Cette formule nettoyante moussante est con\u00e7ue pour les peaux normales \u00e0 s\u00e8ches et aide \u00e0 \u00e9liminer la salet\u00e9 et les impuret\u00e9s sans dess\u00e9cher la peau. Au lieu de cela, il contient\u2026","rel":"","context":"Similar post","block_context":{"text":"Similar post","link":""},"img":{"alt_text":"","src":"","width":0,"height":0},"classes":[]},{"id":24153,"url":"https:\/\/sakaba.mghosteur.com\/en\/product\/cerave-renewing-sa-cleanser-473ml\/","url_meta":{"origin":24175,"position":2},"title":"CERAVE RENEWING SA CLEANSER 473ML","author":"admin","date":"November 9, 2022","format":false,"excerpt":"Le nettoyant SA r\u00e9g\u00e9n\u00e9rant de la marque CeraVe est la solution parfaite pour une peau lisse et saine. Sa formule douce et moussante contenant de l'acide salicylique aide \u00e0 exfolier votre peau en douceur tout en \u00e9liminant les impuret\u00e9s et en adoucissant les zones rugueuses. Ce nettoyant est enrichi en\u2026","rel":"","context":"Similar post","block_context":{"text":"Similar post","link":""},"img":{"alt_text":"","src":"","width":0,"height":0},"classes":[]},{"id":24171,"url":"https:\/\/sakaba.mghosteur.com\/en\/product\/cerave-hydrating-cream-to-foam-cleanser\/","url_meta":{"origin":24175,"position":3},"title":"CERAVE HYDRATING CREAM TO FOAM CLEANSER 355ML","author":"admin","date":"November 9, 2022","format":false,"excerpt":"Le nettoyant cr\u00e8me-mousse hydratant de CeraVe est sp\u00e9cialement con\u00e7u pour les peaux normales \u00e0 s\u00e8ches. Ce nettoyant pour le visage est formul\u00e9 pour \u00e9liminer en douceur la salet\u00e9, le s\u00e9bum, le maquillage et la pollution sans enlever l'hydratation naturelle de la peau. Cette formule innovante commence comme une cr\u00e8me, puis\u2026","rel":"","context":"Similar post","block_context":{"text":"Similar post","link":""},"img":{"alt_text":"","src":"","width":0,"height":0},"classes":[]},{"id":24173,"url":"https:\/\/sakaba.mghosteur.com\/en\/product\/cerave-hydrating-facial-cleanser-355-ml\/","url_meta":{"origin":24175,"position":4},"title":"CERAVE HYDRATING FACIAL CLEANSER 355 ML","author":"admin","date":"November 9, 2022","format":false,"excerpt":"Le nettoyant hydratant pour le visage CeraVe est le choix parfait pour une peau propre, hydrat\u00e9e et saine. Con\u00e7u avec des ingr\u00e9dients soigneusement s\u00e9lectionn\u00e9s, tels que les c\u00e9ramides et l'acide hyaluronique, ce nettoyant doux pour le visage est sp\u00e9cialement formul\u00e9 pour les peaux normales \u00e0 s\u00e8ches. Contrairement aux nettoyants classiques\u2026","rel":"","context":"Similar post","block_context":{"text":"Similar post","link":""},"img":{"alt_text":"","src":"","width":0,"height":0},"classes":[]},{"id":24502,"url":"https:\/\/sakaba.mghosteur.com\/en\/product\/cerave-hydrating-micellar-water\/","url_meta":{"origin":24175,"position":5},"title":"CERAVE HYDRATING MICELLAR WATER","author":"admin","date":"November 10, 2022","format":false,"excerpt":"L'eau micellaire hydratante CeraVe est un nettoyant doux et efficace qui \u00e9limine le maquillage des yeux, l'exc\u00e8s de s\u00e9bum et la salet\u00e9 sans avoir besoin de rincer. Elle est enrichie en c\u00e9ramide et niacinamide pour hydrater et renforcer la barri\u00e8re cutan\u00e9e, convient \u00e0 tous les types de peau, m\u00eame les\u2026","rel":"","context":"Similar post","block_context":{"text":"Similar post","link":""},"img":{"alt_text":"","src":"","width":0,"height":0},"classes":[]}],"_links":{"self":[{"href":"https:\/\/sakaba.mghosteur.com\/en\/wp-json\/wp\/v2\/product\/24175","targetHints":{"allow":["GET"]}}],"collection":[{"href":"https:\/\/sakaba.mghosteur.com\/en\/wp-json\/wp\/v2\/product"}],"about":[{"href":"https:\/\/sakaba.mghosteur.com\/en\/wp-json\/wp\/v2\/types\/product"}],"replies":[{"embeddable":true,"href":"https:\/\/sakaba.mghosteur.com\/en\/wp-json\/wp\/v2\/comments?post=24175"}],"version-history":[{"count":0,"href":"https:\/\/sakaba.mghosteur.com\/en\/wp-json\/wp\/v2\/product\/24175\/revisions"}],"wp:attachment":[{"href":"https:\/\/sakaba.mghosteur.com\/en\/wp-json\/wp\/v2\/media?parent=24175"}],"wp:term":[{"taxonomy":"product_brand","embeddable":true,"href":"https:\/\/sakaba.mghosteur.com\/en\/wp-json\/wp\/v2\/product_brand?post=24175"},{"taxonomy":"product_cat","embeddable":true,"href":"https:\/\/sakaba.mghosteur.com\/en\/wp-json\/wp\/v2\/product_cat?post=24175"},{"taxonomy":"product_tag","embeddable":true,"href":"https:\/\/sakaba.mghosteur.com\/en\/wp-json\/wp\/v2\/product_tag?post=24175"}],"curies":[{"name":"wp","href":"https:\/\/api.w.org\/{rel}","templated":true}]}}