{"id":24181,"date":"2022-11-09T16:27:48","date_gmt":"2022-11-09T16:27:48","guid":{"rendered":"http:\/\/www.sakababeauty.com\/?post_type=product&#038;p=24181"},"modified":"2023-03-14T14:11:06","modified_gmt":"2023-03-14T14:11:06","slug":"cerave-hydrating-cleanser-bar","status":"publish","type":"product","link":"https:\/\/sakaba.mghosteur.com\/en\/product\/cerave-hydrating-cleanser-bar\/","title":{"rendered":"CERAVE HYDRATING CLEANSER BAR"},"content":{"rendered":"<p>La barre nettoyante hydratante CeraVe est un produit de soin de la peau de haute qualit\u00e9 qui a \u00e9t\u00e9 sp\u00e9cialement con\u00e7u pour les personnes ayant une peau normale \u00e0 s\u00e8che. Elle nettoie en douceur la peau tout en fournissant une hydratation en profondeur pour aider \u00e0 restaurer la barri\u00e8re cutan\u00e9e naturelle.<\/p>\n<p>Cette barre nettoyante est formul\u00e9e avec des ingr\u00e9dients b\u00e9n\u00e9fiques pour la peau, tels que des c\u00e9ramides et de l&#8217;acide hyaluronique, qui travaillent ensemble pour hydrater et prot\u00e9ger la peau. La formule non com\u00e9dog\u00e8ne de cette barre nettoyante signifie qu&#8217;elle n&#8217;obstrue pas vos pores, ce qui est particuli\u00e8rement important pour les personnes ayant une peau sujette \u00e0 l&#8217;acn\u00e9.<\/p>","protected":false},"excerpt":{"rendered":"<p>La barre nettoyante hydratante CeraVe est un produit de soin de la peau de haute qualit\u00e9 qui a \u00e9t\u00e9 sp\u00e9cialement con\u00e7u pour les personnes ayant une peau normale \u00e0 s\u00e8che. Elle nettoie en douceur la peau tout en fournissant une hydratation en profondeur pour aider \u00e0 restaurer la barri\u00e8re cutan\u00e9e naturelle. Cette barre nettoyante est<span class=\"read-more-faq\"><a href=\"https:\/\/sakaba.mghosteur.com\/en\/product\/cerave-hydrating-cleanser-bar\/\">Read More<\/a><\/span><\/p>","protected":false},"featured_media":0,"comment_status":"closed","ping_status":"closed","template":"","meta":[],"product_brand":[],"product_cat":[446],"product_tag":[],"class_list":{"0":"post-24181","1":"product","2":"type-product","3":"status-publish","5":"product_cat-nettoyant","7":"first","8":"instock","9":"shipping-taxable","10":"product-type-simple"},"jetpack-related-posts":[],"_links":{"self":[{"href":"https:\/\/sakaba.mghosteur.com\/en\/wp-json\/wp\/v2\/product\/24181","targetHints":{"allow":["GET"]}}],"collection":[{"href":"https:\/\/sakaba.mghosteur.com\/en\/wp-json\/wp\/v2\/product"}],"about":[{"href":"https:\/\/sakaba.mghosteur.com\/en\/wp-json\/wp\/v2\/types\/product"}],"replies":[{"embeddable":true,"href":"https:\/\/sakaba.mghosteur.com\/en\/wp-json\/wp\/v2\/comments?post=24181"}],"version-history":[{"count":0,"href":"https:\/\/sakaba.mghosteur.com\/en\/wp-json\/wp\/v2\/product\/24181\/revisions"}],"wp:attachment":[{"href":"https:\/\/sakaba.mghosteur.com\/en\/wp-json\/wp\/v2\/media?parent=24181"}],"wp:term":[{"taxonomy":"product_brand","embeddable":true,"href":"https:\/\/sakaba.mghosteur.com\/en\/wp-json\/wp\/v2\/product_brand?post=24181"},{"taxonomy":"product_cat","embeddable":true,"href":"https:\/\/sakaba.mghosteur.com\/en\/wp-json\/wp\/v2\/product_cat?post=24181"},{"taxonomy":"product_tag","embeddable":true,"href":"https:\/\/sakaba.mghosteur.com\/en\/wp-json\/wp\/v2\/product_tag?post=24181"}],"curies":[{"name":"wp","href":"https:\/\/api.w.org\/{rel}","templated":true}]}}