{"id":24187,"date":"2022-11-09T16:36:29","date_gmt":"2022-11-09T16:36:29","guid":{"rendered":"http:\/\/www.sakababeauty.com\/?post_type=product&#038;p=24187"},"modified":"2023-03-10T12:09:03","modified_gmt":"2023-03-10T12:09:03","slug":"cerave-facial-moisturizing-lotion-am-60ml","status":"publish","type":"product","link":"https:\/\/sakaba.mghosteur.com\/en\/product\/cerave-facial-moisturizing-lotion-am-60ml\/","title":{"rendered":"CERAVE FACIAL MOISTURIZING LOTION PM 60ML"},"content":{"rendered":"<p>La lotion hydratante pour le visage CeraVe PM est le choix parfait pour ceux qui cherchent une cr\u00e8me de nuit l\u00e9g\u00e8re et non grasse. Cette lotion a \u00e9t\u00e9 sp\u00e9cialement con\u00e7ue pour aider \u00e0 hydrater, calmer et apaiser votre peau tout en restaurant sa barri\u00e8re d&#8217;hydratation naturelle, gr\u00e2ce \u00e0 sa formule d\u00e9velopp\u00e9e avec des dermatologues.<\/p>\n<p>Cette cr\u00e8me de nuit contient de la niacinamide, de l&#8217;acide hyaluronique et trois c\u00e9ramides essentiels pour nourrir votre peau tout au long de la nuit. La technologie MVE de CeraVe fournit un flux constant d&#8217;hydratation, ce qui permet \u00e0 votre peau de rester hydrat\u00e9e et douce tout au long de la nuit.<\/p>\n<p>En utilisant la lotion hydratante pour le visage CeraVe PM chaque soir, vous pouvez vous assurer que votre peau est en mesure de se r\u00e9g\u00e9n\u00e9rer et de se r\u00e9parer pendant que vous dormez. Cette lotion l\u00e9g\u00e8re et non com\u00e9dog\u00e8ne convient \u00e0 tous les types de peau, m\u00eame les peaux grasses, et peut aider \u00e0 r\u00e9duire l&#8217;apparence des pores tout en maintenant votre peau hydrat\u00e9e et \u00e9quilibr\u00e9e.<\/p>\n<p>Si vous cherchez une cr\u00e8me de nuit qui vous aidera \u00e0 obtenir une peau hydrat\u00e9e, douce et apais\u00e9e, la lotion hydratante pour le visage CeraVe PM est le choix parfait pour vous. Essayez-la d\u00e8s maintenant et voyez la diff\u00e9rence que cela peut faire pour votre peau.<\/p>","protected":false},"excerpt":{"rendered":"<p>La lotion hydratante pour le visage CeraVe PM est le choix parfait pour ceux qui cherchent une cr\u00e8me de nuit l\u00e9g\u00e8re et non grasse. Cette lotion a \u00e9t\u00e9 sp\u00e9cialement con\u00e7ue pour aider \u00e0 hydrater, calmer et apaiser votre peau tout en restaurant sa barri\u00e8re d&#8217;hydratation naturelle, gr\u00e2ce \u00e0 sa formule d\u00e9velopp\u00e9e avec des dermatologues. Cette<span class=\"read-more-faq\"><a href=\"https:\/\/sakaba.mghosteur.com\/en\/product\/cerave-facial-moisturizing-lotion-am-60ml\/\">Read More<\/a><\/span><\/p>","protected":false},"featured_media":0,"comment_status":"closed","ping_status":"closed","template":"","meta":[],"product_brand":[],"product_cat":[377],"product_tag":[],"class_list":{"0":"post-24187","1":"product","2":"type-product","3":"status-publish","5":"product_cat-bath-body-works","7":"first","8":"instock","9":"shipping-taxable","10":"product-type-simple"},"jetpack-related-posts":[{"id":31957,"url":"https:\/\/sakaba.mghosteur.com\/en\/product\/cerave-facial-moisturizing-lotion-pm-89ml\/","url_meta":{"origin":24187,"position":0},"title":"CERAVE FACIAL MOISTURIZING LOTION PM 89ML","author":"admin","date":"May 13, 2024","format":false,"excerpt":"Quel que soit votre type de peau, m\u00eame si elle est grasse, votre peau a besoin d'hydratation 24 heures sur 24. Mais il peut aussi avoir besoin d'autres choses, comme des ingr\u00e9dients apaisants, une texture plus douce et une aide \u00e0 restaurer sa barri\u00e8re d'hydratation naturelle. L'int\u00e9gration d'une cr\u00e8me de\u2026","rel":"","context":"Similar post","block_context":{"text":"Similar post","link":""},"img":{"alt_text":"","src":"","width":0,"height":0},"classes":[]},{"id":32012,"url":"https:\/\/sakaba.mghosteur.com\/en\/product\/cerave-facial-moisturizing-lotion-pm-60ml\/","url_meta":{"origin":24187,"position":1},"title":"CERAVE FACIAL MOISTURIZING LOTION PM 60ML","author":"admin","date":"May 13, 2024","format":false,"excerpt":"Quel que soit votre type de peau, m\u00eame si elle est grasse, votre peau a besoin d'hydratation 24 heures sur 24. Mais il peut aussi avoir besoin d'autres choses, comme des ingr\u00e9dients apaisants, une texture plus douce et une aide \u00e0 restaurer sa barri\u00e8re d'hydratation naturelle. L'int\u00e9gration d'une cr\u00e8me de\u2026","rel":"","context":"Similar post","block_context":{"text":"Similar post","link":""},"img":{"alt_text":"","src":"","width":0,"height":0},"classes":[]},{"id":32007,"url":"https:\/\/sakaba.mghosteur.com\/en\/product\/cerave-facial-moisturizing-lotion-am-60ml-3\/","url_meta":{"origin":24187,"position":2},"title":"CERAVE FACIAL MOISTURIZING LOTION AM 60ML","author":"admin","date":"May 13, 2024","format":false,"excerpt":"L'hydratant pour le visage CeraVe AM avec \u00e9cran solaire SPF 30 \u00e0 large spectre est un soin matinal multit\u00e2che qui fournit une hydratation continue tout au long de la journ\u00e9e tout en aidant \u00e0 absorber et \u00e0 refl\u00e9ter les rayons UVA et UVB nocifs du soleil et \u00e0 restaurer la\u2026","rel":"","context":"Similar post","block_context":{"text":"Similar post","link":""},"img":{"alt_text":"","src":"","width":0,"height":0},"classes":[]},{"id":31965,"url":"https:\/\/sakaba.mghosteur.com\/en\/product\/cerave-facial-moisturizing-lotion-am-89ml-spf-30\/","url_meta":{"origin":24187,"position":3},"title":"CERAVE FACIAL MOISTURIZING LOTION AM 89ML SPF 30","author":"admin","date":"May 13, 2024","format":false,"excerpt":"L'hydratant pour le visage CeraVe AM avec \u00e9cran solaire SPF 30 \u00e0 large spectre est un soin matinal multit\u00e2che qui fournit une hydratation continue tout au long de la journ\u00e9e tout en aidant \u00e0 absorber et \u00e0 refl\u00e9ter les rayons UVA et UVB nocifs du soleil et \u00e0 restaurer la\u2026","rel":"","context":"Similar post","block_context":{"text":"Similar post","link":""},"img":{"alt_text":"","src":"","width":0,"height":0},"classes":[]},{"id":24213,"url":"https:\/\/sakaba.mghosteur.com\/en\/product\/cerave-daily-moisturizing-lotion-355-ml\/","url_meta":{"origin":24187,"position":4},"title":"CERAVE DAILY MOISTURIZING LOTION 355 ML","author":"admin","date":"November 9, 2022","format":false,"excerpt":"La Lotion Hydratante Quotidienne de CeraVe est sp\u00e9cialement con\u00e7ue pour les peaux normales \u00e0 s\u00e8ches et de poids l\u00e9ger. Sa formule l\u00e9g\u00e8re et sans huile est facilement absorb\u00e9e par la peau, offrant une hydratation instantan\u00e9e sans laisser de r\u00e9sidus gras. L'acide hyaluronique aide \u00e0 retenir l'humidit\u00e9 de la peau, tandis\u2026","rel":"","context":"Similar post","block_context":{"text":"Similar post","link":""},"img":{"alt_text":"","src":"","width":0,"height":0},"classes":[]},{"id":24192,"url":"https:\/\/sakaba.mghosteur.com\/en\/product\/cerave-facial-moisturizing-lotion-am-60ml-2\/","url_meta":{"origin":24187,"position":5},"title":"CERAVE FACIAL MOISTURIZING LOTION AM 60ML","author":"admin","date":"November 9, 2022","format":false,"excerpt":"La lotion hydratante pour le visage CeraVe AM avec FPS 30 est une cr\u00e8me hydratante quotidienne essentielle qui aide \u00e0 prot\u00e9ger votre peau des rayons UVA et UVB nocifs, tout en restaurant votre barri\u00e8re cutan\u00e9e. Enrichi en acide hyaluronique, niacinamide et c\u00e9ramides, cette formule non com\u00e9dog\u00e8ne hydrate la peau en\u2026","rel":"","context":"Similar post","block_context":{"text":"Similar post","link":""},"img":{"alt_text":"","src":"","width":0,"height":0},"classes":[]}],"_links":{"self":[{"href":"https:\/\/sakaba.mghosteur.com\/en\/wp-json\/wp\/v2\/product\/24187","targetHints":{"allow":["GET"]}}],"collection":[{"href":"https:\/\/sakaba.mghosteur.com\/en\/wp-json\/wp\/v2\/product"}],"about":[{"href":"https:\/\/sakaba.mghosteur.com\/en\/wp-json\/wp\/v2\/types\/product"}],"replies":[{"embeddable":true,"href":"https:\/\/sakaba.mghosteur.com\/en\/wp-json\/wp\/v2\/comments?post=24187"}],"version-history":[{"count":0,"href":"https:\/\/sakaba.mghosteur.com\/en\/wp-json\/wp\/v2\/product\/24187\/revisions"}],"wp:attachment":[{"href":"https:\/\/sakaba.mghosteur.com\/en\/wp-json\/wp\/v2\/media?parent=24187"}],"wp:term":[{"taxonomy":"product_brand","embeddable":true,"href":"https:\/\/sakaba.mghosteur.com\/en\/wp-json\/wp\/v2\/product_brand?post=24187"},{"taxonomy":"product_cat","embeddable":true,"href":"https:\/\/sakaba.mghosteur.com\/en\/wp-json\/wp\/v2\/product_cat?post=24187"},{"taxonomy":"product_tag","embeddable":true,"href":"https:\/\/sakaba.mghosteur.com\/en\/wp-json\/wp\/v2\/product_tag?post=24187"}],"curies":[{"name":"wp","href":"https:\/\/api.w.org\/{rel}","templated":true}]}}