{"id":24194,"date":"2022-11-09T16:43:10","date_gmt":"2022-11-09T16:43:10","guid":{"rendered":"http:\/\/www.sakababeauty.com\/?post_type=product&#038;p=24194"},"modified":"2024-09-01T03:38:09","modified_gmt":"2024-09-01T03:38:09","slug":"cerave-therapeutic-hand-cream","status":"publish","type":"product","link":"https:\/\/sakaba.mghosteur.com\/en\/product\/cerave-therapeutic-hand-cream\/","title":{"rendered":"CERAVE THERAPEUTIC HAND CREAM"},"content":{"rendered":"<p>La cr\u00e8me mains th\u00e9rapeutique CeraVe est la solution id\u00e9ale pour nourrir, prot\u00e9ger et hydrater vos mains, en particulier en p\u00e9riode de froid et de s\u00e9cheresse. Elle est sp\u00e9cialement formul\u00e9e pour les peaux sensibles, sans parfum et non grasse, ce qui la rend facile \u00e0 utiliser sans laisser de r\u00e9sidu collant ou gras.<\/p>\n<p>D\u00e9velopp\u00e9e avec des dermatologues, cette cr\u00e8me est enrichie en trois c\u00e9ramides essentiels pour aider \u00e0 renforcer la barri\u00e8re protectrice de votre peau et ainsi lutter contre les agressions ext\u00e9rieures qui peuvent causer une s\u00e9cheresse et des irritations. La technologie MVE assure une hydratation continue tout au long de la journ\u00e9e, tandis que l&#8217;acide hyaluronique et la niacinamide travaillent ensemble pour hydrater en profondeur et apaiser la peau.<\/p>\n<p>La cr\u00e8me mains th\u00e9rapeutique CeraVe est rapidement absorb\u00e9e et laisse vos mains douces, lisses et confortables, sans sensation de tiraillement ni de s\u00e9cheresse. Elle convient \u00e0 tous les types de peau, m\u00eame les plus sensibles, pour une protection et une hydratation optimales. N&#8217;attendez plus pour prendre soin de vos mains avec cette cr\u00e8me apaisante et nourrissante.<\/p>","protected":false},"excerpt":{"rendered":"<p>La cr\u00e8me mains th\u00e9rapeutique CeraVe est la solution id\u00e9ale pour nourrir, prot\u00e9ger et hydrater vos mains, en particulier en p\u00e9riode de froid et de s\u00e9cheresse. Elle est sp\u00e9cialement formul\u00e9e pour les peaux sensibles, sans parfum et non grasse, ce qui la rend facile \u00e0 utiliser sans laisser de r\u00e9sidu collant ou gras. D\u00e9velopp\u00e9e avec des<span class=\"read-more-faq\"><a href=\"https:\/\/sakaba.mghosteur.com\/en\/product\/cerave-therapeutic-hand-cream\/\">Read More<\/a><\/span><\/p>","protected":false},"featured_media":0,"comment_status":"closed","ping_status":"closed","template":"","meta":[],"product_brand":[],"product_cat":[447,364],"product_tag":[],"class_list":{"0":"post-24194","1":"product","2":"type-product","3":"status-publish","5":"product_cat-aac-bain-et-corps","6":"product_cat-soin-mains-pieds","8":"first","9":"instock","10":"shipping-taxable","11":"product-type-simple"},"jetpack-related-posts":[{"id":24171,"url":"https:\/\/sakaba.mghosteur.com\/en\/product\/cerave-hydrating-cream-to-foam-cleanser\/","url_meta":{"origin":24194,"position":0},"title":"CERAVE HYDRATING CREAM TO FOAM CLEANSER 355ML","author":"admin","date":"November 9, 2022","format":false,"excerpt":"Le nettoyant cr\u00e8me-mousse hydratant de CeraVe est sp\u00e9cialement con\u00e7u pour les peaux normales \u00e0 s\u00e8ches. Ce nettoyant pour le visage est formul\u00e9 pour \u00e9liminer en douceur la salet\u00e9, le s\u00e9bum, le maquillage et la pollution sans enlever l'hydratation naturelle de la peau. Cette formule innovante commence comme une cr\u00e8me, puis\u2026","rel":"","context":"Similar post","block_context":{"text":"Similar post","link":""},"img":{"alt_text":"","src":"","width":0,"height":0},"classes":[]},{"id":29088,"url":"https:\/\/sakaba.mghosteur.com\/en\/product\/cerave-moisturizing-cream-453g\/","url_meta":{"origin":24194,"position":1},"title":"CERAVE MOISTURIZING CREAM 453G","author":"admin","date":"March 13, 2023","format":false,"excerpt":"La cr\u00e8me hydratante CeraVe est une solution id\u00e9ale pour les personnes souffrant de s\u00e9cheresse cutan\u00e9e et de d\u00e9mangeaisons. Gr\u00e2ce \u00e0 sa formule riche en acide hyaluronique et en c\u00e9ramides, elle aide \u00e0 hydrater la peau en profondeur et \u00e0 restaurer sa barri\u00e8re naturelle de protection. La cr\u00e8me contient trois c\u00e9ramides\u2026","rel":"","context":"Similar post","block_context":{"text":"Similar post","link":""},"img":{"alt_text":"","src":"","width":0,"height":0},"classes":[]},{"id":23938,"url":"https:\/\/sakaba.mghosteur.com\/en\/product\/cerave-eye-repair-cream\/","url_meta":{"origin":24194,"position":2},"title":"CERAVE EYE REPAIR CREAM","author":"admin","date":"November 9, 2022","format":false,"excerpt":"La Cr\u00e8me R\u00e9paratrice Yeux s\u00e8che des diab\u00e9tiques de CeraVe est sp\u00e9cialement con\u00e7ue pour les personnes atteintes de diab\u00e8te qui souffrent de s\u00e9cheresse oculaire. Cette cr\u00e8me hydratante pour les yeux est formul\u00e9e avec de l'acide hyaluronique et des c\u00e9ramides qui aident \u00e0 hydrater et \u00e0 renforcer la barri\u00e8re protectrice de la\u2026","rel":"","context":"Similar post","block_context":{"text":"Similar post","link":""},"img":{"alt_text":"","src":"","width":0,"height":0},"classes":[]},{"id":23969,"url":"https:\/\/sakaba.mghosteur.com\/en\/product\/cerave-acne-foaming-cream-cleanser\/","url_meta":{"origin":24194,"position":3},"title":"CERAVE ACNE FOAMING CREAM CLEANSER","author":"admin","date":"November 9, 2022","format":false,"excerpt":"La cr\u00e8me nettoyante moussante contre l'acn\u00e9 de CeraVe est un produit essentiel pour tout r\u00e9gime de soin de la peau contre l'acn\u00e9. Cette formule efficace contient 4 % de peroxyde de benzoyle pour aider \u00e0 \u00e9liminer l'acn\u00e9 et les points noirs, tout en pr\u00e9venant la formation de nouvelles imperfections. Les\u2026","rel":"","context":"Similar post","block_context":{"text":"Similar post","link":""},"img":{"alt_text":"","src":"","width":0,"height":0},"classes":[]},{"id":29028,"url":"https:\/\/sakaba.mghosteur.com\/en\/product\/cerave-facial-moisturizing-cream-19-oz\/","url_meta":{"origin":24194,"position":4},"title":"Cerave Facial Moisturizing Cream 19 OZ","author":"admin","date":"March 10, 2023","format":false,"excerpt":"La cr\u00e8me hydratante restauratrice de barri\u00e8res CeraVe est sp\u00e9cialement con\u00e7ue pour les peaux s\u00e8ches \u00e0 tr\u00e8s s\u00e8ches du visage et du corps. Cette cr\u00e8me contient de l'acide hyaluronique et 3 c\u00e9ramides essentiels qui agissent ensemble pour hydrater la peau et restaurer sa barri\u00e8re naturelle. La technologie MVE encapsule les c\u00e9ramides\u2026","rel":"","context":"Similar post","block_context":{"text":"Similar post","link":""},"img":{"alt_text":"","src":"","width":0,"height":0},"classes":[]},{"id":24192,"url":"https:\/\/sakaba.mghosteur.com\/en\/product\/cerave-facial-moisturizing-lotion-am-60ml-2\/","url_meta":{"origin":24194,"position":5},"title":"CERAVE FACIAL MOISTURIZING LOTION AM 60ML","author":"admin","date":"November 9, 2022","format":false,"excerpt":"La lotion hydratante pour le visage CeraVe AM avec FPS 30 est une cr\u00e8me hydratante quotidienne essentielle qui aide \u00e0 prot\u00e9ger votre peau des rayons UVA et UVB nocifs, tout en restaurant votre barri\u00e8re cutan\u00e9e. Enrichi en acide hyaluronique, niacinamide et c\u00e9ramides, cette formule non com\u00e9dog\u00e8ne hydrate la peau en\u2026","rel":"","context":"Similar post","block_context":{"text":"Similar post","link":""},"img":{"alt_text":"","src":"","width":0,"height":0},"classes":[]}],"_links":{"self":[{"href":"https:\/\/sakaba.mghosteur.com\/en\/wp-json\/wp\/v2\/product\/24194","targetHints":{"allow":["GET"]}}],"collection":[{"href":"https:\/\/sakaba.mghosteur.com\/en\/wp-json\/wp\/v2\/product"}],"about":[{"href":"https:\/\/sakaba.mghosteur.com\/en\/wp-json\/wp\/v2\/types\/product"}],"replies":[{"embeddable":true,"href":"https:\/\/sakaba.mghosteur.com\/en\/wp-json\/wp\/v2\/comments?post=24194"}],"version-history":[{"count":0,"href":"https:\/\/sakaba.mghosteur.com\/en\/wp-json\/wp\/v2\/product\/24194\/revisions"}],"wp:attachment":[{"href":"https:\/\/sakaba.mghosteur.com\/en\/wp-json\/wp\/v2\/media?parent=24194"}],"wp:term":[{"taxonomy":"product_brand","embeddable":true,"href":"https:\/\/sakaba.mghosteur.com\/en\/wp-json\/wp\/v2\/product_brand?post=24194"},{"taxonomy":"product_cat","embeddable":true,"href":"https:\/\/sakaba.mghosteur.com\/en\/wp-json\/wp\/v2\/product_cat?post=24194"},{"taxonomy":"product_tag","embeddable":true,"href":"https:\/\/sakaba.mghosteur.com\/en\/wp-json\/wp\/v2\/product_tag?post=24194"}],"curies":[{"name":"wp","href":"https:\/\/api.w.org\/{rel}","templated":true}]}}