{"id":24207,"date":"2022-11-09T16:47:14","date_gmt":"2022-11-09T16:47:14","guid":{"rendered":"http:\/\/www.sakababeauty.com\/?post_type=product&#038;p=24207"},"modified":"2022-11-09T16:47:14","modified_gmt":"2022-11-09T16:47:14","slug":"cala-3d-faux-mink","status":"publish","type":"product","link":"https:\/\/sakaba.mghosteur.com\/en\/product\/cala-3d-faux-mink\/","title":{"rendered":"CALA 3D FAUX MINK"},"content":{"rendered":"","protected":false},"excerpt":{"rendered":"","protected":false},"featured_media":0,"comment_status":"closed","ping_status":"closed","template":"","meta":[],"product_brand":[],"product_cat":[297],"product_tag":[],"class_list":{"0":"post-24207","1":"product","2":"type-product","3":"status-publish","5":"product_cat-yeux","7":"first","8":"instock","9":"shipping-taxable","10":"product-type-simple"},"jetpack-related-posts":[{"id":33525,"url":"https:\/\/sakaba.mghosteur.com\/en\/product\/cala-3d-faux-mink-cashmere\/","url_meta":{"origin":24207,"position":0},"title":"CALA 3D FAUX MINK CASHMERE","author":"admin","date":"May 22, 2024","format":false,"excerpt":"","rel":"","context":"Similar post","block_context":{"text":"Similar post","link":""},"img":{"alt_text":"","src":"","width":0,"height":0},"classes":[]},{"id":33528,"url":"https:\/\/sakaba.mghosteur.com\/en\/product\/cala-3d-faux-mink-fuego\/","url_meta":{"origin":24207,"position":1},"title":"CALA 3D FAUX MINK FUEGO","author":"admin","date":"May 22, 2024","format":false,"excerpt":"","rel":"","context":"Similar post","block_context":{"text":"Similar post","link":""},"img":{"alt_text":"","src":"","width":0,"height":0},"classes":[]},{"id":33534,"url":"https:\/\/sakaba.mghosteur.com\/en\/product\/cala-3d-faux-mink-posh\/","url_meta":{"origin":24207,"position":2},"title":"CALA 3D FAUX MINK POSH","author":"admin","date":"May 22, 2024","format":false,"excerpt":"","rel":"","context":"Similar post","block_context":{"text":"Similar post","link":""},"img":{"alt_text":"","src":"","width":0,"height":0},"classes":[]},{"id":33540,"url":"https:\/\/sakaba.mghosteur.com\/en\/product\/cala-3d-faux-mink-sin-city\/","url_meta":{"origin":24207,"position":3},"title":"CALA 3D FAUX MINK SIN CITY","author":"admin","date":"May 22, 2024","format":false,"excerpt":"","rel":"","context":"Similar post","block_context":{"text":"Similar post","link":""},"img":{"alt_text":"","src":"","width":0,"height":0},"classes":[]},{"id":33537,"url":"https:\/\/sakaba.mghosteur.com\/en\/product\/cala-3d-faux-mink-sin-city-4-pairs\/","url_meta":{"origin":24207,"position":4},"title":"CALA 3D FAUX MINK SIN CITY 4 PAIRS","author":"admin","date":"May 22, 2024","format":false,"excerpt":"","rel":"","context":"Similar post","block_context":{"text":"Similar post","link":""},"img":{"alt_text":"","src":"","width":0,"height":0},"classes":[]},{"id":33531,"url":"https:\/\/sakaba.mghosteur.com\/en\/product\/cala-3d-faux-mink-pixie\/","url_meta":{"origin":24207,"position":5},"title":"CALA 3D FAUX MINK PIXIE","author":"admin","date":"May 22, 2024","format":false,"excerpt":"Ajoutez une profondeur de volume subtile \u00e0 n'importe quel regard avec ces faux cils 3D en vison l\u00e9gers. Le motif crois\u00e9 unique imite la formation de vos cils naturels, vous laissant avec une finition sans effort.","rel":"","context":"Similar post","block_context":{"text":"Similar post","link":""},"img":{"alt_text":"","src":"","width":0,"height":0},"classes":[]}],"_links":{"self":[{"href":"https:\/\/sakaba.mghosteur.com\/en\/wp-json\/wp\/v2\/product\/24207","targetHints":{"allow":["GET"]}}],"collection":[{"href":"https:\/\/sakaba.mghosteur.com\/en\/wp-json\/wp\/v2\/product"}],"about":[{"href":"https:\/\/sakaba.mghosteur.com\/en\/wp-json\/wp\/v2\/types\/product"}],"replies":[{"embeddable":true,"href":"https:\/\/sakaba.mghosteur.com\/en\/wp-json\/wp\/v2\/comments?post=24207"}],"version-history":[{"count":0,"href":"https:\/\/sakaba.mghosteur.com\/en\/wp-json\/wp\/v2\/product\/24207\/revisions"}],"wp:attachment":[{"href":"https:\/\/sakaba.mghosteur.com\/en\/wp-json\/wp\/v2\/media?parent=24207"}],"wp:term":[{"taxonomy":"product_brand","embeddable":true,"href":"https:\/\/sakaba.mghosteur.com\/en\/wp-json\/wp\/v2\/product_brand?post=24207"},{"taxonomy":"product_cat","embeddable":true,"href":"https:\/\/sakaba.mghosteur.com\/en\/wp-json\/wp\/v2\/product_cat?post=24207"},{"taxonomy":"product_tag","embeddable":true,"href":"https:\/\/sakaba.mghosteur.com\/en\/wp-json\/wp\/v2\/product_tag?post=24207"}],"curies":[{"name":"wp","href":"https:\/\/api.w.org\/{rel}","templated":true}]}}