{"id":24213,"date":"2022-11-09T16:48:37","date_gmt":"2022-11-09T16:48:37","guid":{"rendered":"http:\/\/www.sakababeauty.com\/?post_type=product&#038;p=24213"},"modified":"2023-03-10T10:49:23","modified_gmt":"2023-03-10T10:49:23","slug":"cerave-daily-moisturizing-lotion-355-ml","status":"publish","type":"product","link":"https:\/\/sakaba.mghosteur.com\/en\/product\/cerave-daily-moisturizing-lotion-355-ml\/","title":{"rendered":"CERAVE DAILY MOISTURIZING LOTION 355 ML"},"content":{"rendered":"<div class=\"w-full border-b border-black\/10 dark:border-gray-900\/50 text-gray-800 dark:text-gray-100 group bg-gray-50 dark:bg-[#444654]\">\n<div class=\"text-base gap-4 md:gap-6 m-auto md:max-w-2xl lg:max-w-2xl xl:max-w-3xl p-4 md:py-6 flex lg:px-0\">\n<div class=\"relative flex w-[calc(100%-50px)] flex-col gap-1 md:gap-3 lg:w-[calc(100%-115px)]\">\n<div class=\"flex flex-grow flex-col gap-3\">\n<div class=\"min-h-[20px] flex flex-col items-start gap-4 whitespace-pre-wrap\">\n<div class=\"markdown prose w-full break-words dark:prose-invert light\">\n<p>La Lotion Hydratante Quotidienne de CeraVe est sp\u00e9cialement con\u00e7ue pour les peaux normales \u00e0 s\u00e8ches et de poids l\u00e9ger. Sa formule l\u00e9g\u00e8re et sans huile est facilement absorb\u00e9e par la peau, offrant une hydratation instantan\u00e9e sans laisser de r\u00e9sidus gras. L&#8217;acide hyaluronique aide \u00e0 retenir l&#8217;humidit\u00e9 de la peau, tandis que les c\u00e9ramides aident \u00e0 restaurer et \u00e0 maintenir la barri\u00e8re protectrice de la peau, offrant une hydratation \u00e0 long terme.<\/p>\n<p>La technologie MVE de CeraVe garantit une lib\u00e9ration lente et continue des ingr\u00e9dients cl\u00e9s, offrant ainsi une hydratation en profondeur tout au long de la journ\u00e9e. Cette lotion l\u00e9g\u00e8re et non com\u00e9dog\u00e8ne convient parfaitement \u00e0 une utilisation quotidienne pour maintenir une peau douce, souple et hydrat\u00e9e. La Lotion Hydratante Quotidienne de CeraVe est sans parfum et convient aux peaux sensibles. Commencez votre journ\u00e9e avec cette lotion hydratante pour une peau saine et radieuse.<\/p>\n<\/div>\n<\/div>\n<\/div>\n<div class=\"flex justify-between\">\n<div class=\"text-gray-400 flex self-end lg:self-center justify-center mt-2 gap-3 md:gap-4 lg:gap-1 lg:absolute lg:top-0 lg:translate-x-full lg:right-0 lg:mt-0 lg:pl-2 visible\"><\/div>\n<\/div>\n<\/div>\n<\/div>\n<\/div>","protected":false},"excerpt":{"rendered":"<p>La Lotion Hydratante Quotidienne de CeraVe est sp\u00e9cialement con\u00e7ue pour les peaux normales \u00e0 s\u00e8ches et de poids l\u00e9ger. Sa formule l\u00e9g\u00e8re et sans huile est facilement absorb\u00e9e par la peau, offrant une hydratation instantan\u00e9e sans laisser de r\u00e9sidus gras. L&#8217;acide hyaluronique aide \u00e0 retenir l&#8217;humidit\u00e9 de la peau, tandis que les c\u00e9ramides aident \u00e0<span class=\"read-more-faq\"><a href=\"https:\/\/sakaba.mghosteur.com\/en\/product\/cerave-daily-moisturizing-lotion-355-ml\/\">Read More<\/a><\/span><\/p>","protected":false},"featured_media":0,"comment_status":"closed","ping_status":"closed","template":"","meta":[],"product_brand":[],"product_cat":[355],"product_tag":[],"class_list":{"0":"post-24213","1":"product","2":"type-product","3":"status-publish","5":"product_cat-hydratant-corps","7":"first","8":"instock","9":"shipping-taxable","10":"product-type-simple"},"jetpack-related-posts":[{"id":33409,"url":"https:\/\/sakaba.mghosteur.com\/en\/product\/sctch-porter-hydrate-nourish-beard-conditioner\/","url_meta":{"origin":24213,"position":0},"title":"SCOTCH PORTER HYDRATE &amp; NOURISH BEARD CONDITIONER","author":"admin","date":"May 21, 2024","format":false,"excerpt":"Scotch Porter Hydrate & Nourish Beard Conditioner is a sulfate-free, paraben-free, organic, and cruelty-free conditioner that is designed to hydrate and nourish beards while strengthening facial hair.\u00a0It contains coconut, biotin, and shea butter.\u00a0The conditioner is gentle on the skin and uses natural ingredients like biotin liposome and marshmallow root to\u2026","rel":"","context":"Similar post","block_context":{"text":"Similar post","link":""},"img":{"alt_text":"","src":"","width":0,"height":0},"classes":[]}],"_links":{"self":[{"href":"https:\/\/sakaba.mghosteur.com\/en\/wp-json\/wp\/v2\/product\/24213","targetHints":{"allow":["GET"]}}],"collection":[{"href":"https:\/\/sakaba.mghosteur.com\/en\/wp-json\/wp\/v2\/product"}],"about":[{"href":"https:\/\/sakaba.mghosteur.com\/en\/wp-json\/wp\/v2\/types\/product"}],"replies":[{"embeddable":true,"href":"https:\/\/sakaba.mghosteur.com\/en\/wp-json\/wp\/v2\/comments?post=24213"}],"version-history":[{"count":0,"href":"https:\/\/sakaba.mghosteur.com\/en\/wp-json\/wp\/v2\/product\/24213\/revisions"}],"wp:attachment":[{"href":"https:\/\/sakaba.mghosteur.com\/en\/wp-json\/wp\/v2\/media?parent=24213"}],"wp:term":[{"taxonomy":"product_brand","embeddable":true,"href":"https:\/\/sakaba.mghosteur.com\/en\/wp-json\/wp\/v2\/product_brand?post=24213"},{"taxonomy":"product_cat","embeddable":true,"href":"https:\/\/sakaba.mghosteur.com\/en\/wp-json\/wp\/v2\/product_cat?post=24213"},{"taxonomy":"product_tag","embeddable":true,"href":"https:\/\/sakaba.mghosteur.com\/en\/wp-json\/wp\/v2\/product_tag?post=24213"}],"curies":[{"name":"wp","href":"https:\/\/api.w.org\/{rel}","templated":true}]}}