{"id":24242,"date":"2022-11-09T16:56:18","date_gmt":"2022-11-09T16:56:18","guid":{"rendered":"http:\/\/www.sakababeauty.com\/?post_type=product&#038;p=24242"},"modified":"2022-11-09T16:56:18","modified_gmt":"2022-11-09T16:56:18","slug":"ulta-brightening-vitamin-c-body-scrub","status":"publish","type":"product","link":"https:\/\/sakaba.mghosteur.com\/en\/product\/ulta-brightening-vitamin-c-body-scrub\/","title":{"rendered":"Ulta Brightening Vitamin C Body Scrub"},"content":{"rendered":"","protected":false},"excerpt":{"rendered":"","protected":false},"featured_media":0,"comment_status":"closed","ping_status":"closed","template":"","meta":[],"product_brand":[],"product_cat":[358],"product_tag":[],"class_list":{"0":"post-24242","1":"product","2":"type-product","3":"status-publish","5":"product_cat-bain-douche","7":"first","8":"instock","9":"shipping-taxable","10":"product-type-simple"},"jetpack-related-posts":[{"id":32340,"url":"https:\/\/sakaba.mghosteur.com\/en\/product\/lighten-up-plus-brightening-shea-butter-face-scrub\/","url_meta":{"origin":24242,"position":0},"title":"LIGHTEN UP PLUS BRIGHTENING SHEA BUTTER FACE SCRUB","author":"admin","date":"May 14, 2024","format":false,"excerpt":"","rel":"","context":"Similar post","block_context":{"text":"Similar post","link":""},"img":{"alt_text":"","src":"","width":0,"height":0},"classes":[]},{"id":27870,"url":"https:\/\/sakaba.mghosteur.com\/en\/product\/truskin-vitamin-c-brightening-serum\/","url_meta":{"origin":24242,"position":1},"title":"TRUSKIN VITAMIN C BRIGHTENING SERUM","author":"admin","date":"November 29, 2022","format":false,"excerpt":"","rel":"","context":"Similar post","block_context":{"text":"Similar post","link":""},"img":{"alt_text":"","src":"","width":0,"height":0},"classes":[]},{"id":27035,"url":"https:\/\/sakaba.mghosteur.com\/en\/product\/hyper-clear-brightening-clearing-vitamin-c-serum\/","url_meta":{"origin":24242,"position":2},"title":"HYPER CLEAR BRIGHTENING CLEARING VITAMIN C SERUM","author":"admin","date":"November 28, 2022","format":false,"excerpt":"","rel":"","context":"Similar post","block_context":{"text":"Similar post","link":""},"img":{"alt_text":"","src":"","width":0,"height":0},"classes":[]},{"id":32880,"url":"https:\/\/sakaba.mghosteur.com\/en\/product\/differin-acne-clearing-body-scrub\/","url_meta":{"origin":24242,"position":3},"title":"DIFFERIN ACNE CLEARING BODY SCRUB","author":"admin","date":"May 16, 2024","format":false,"excerpt":"Traitement contre l'acn\u00e9 Cleanse2% d'acide salicylique Utilis\u00e9 quotidiennement, il aide \u00e0 \u00e9liminer les \u00e9ruptions cutan\u00e9es. Contient de l'acide glycolique pour exfolier et lisser en douceur. Vitamine E pour nourrir et apaiser la peau Formul\u00e9 avec de l'acide salicylique, ce gommage corporel \u00e9limine l'acn\u00e9 qui peut appara\u00eetre sur le dos, les\u2026","rel":"","context":"Similar post","block_context":{"text":"Similar post","link":""},"img":{"alt_text":"","src":"","width":0,"height":0},"classes":[]},{"id":56126,"url":"https:\/\/sakaba.mghosteur.com\/en\/product\/advanced-clinicals-vitamin-c-brightening-body-oil\/","url_meta":{"origin":24242,"position":4},"title":"Advanced Clinicals Vitamin C Brightening Body Oil","author":"Sope DIA","date":"January 2, 2026","format":false,"excerpt":"L'HUILE CORPORELLE \u00c0 LA VITAMINE C REVIENT LES TEINTS TERN\u00c9S POUR UN \u00c9CLAT \u00c9CLATANT ET SOUPLE \u2013 Cette huile corporelle nourrissante am\u00e9liore l'hydratation tout en adoucissant l'apparence des peaux irr\u00e9guli\u00e8res et ternes. La peau est douce, visiblement rafra\u00eechie et revitalis\u00e9e, avec un \u00e9clat sain. Formul\u00e9e par des chimistes cosm\u00e9tiques pour\u2026","rel":"","context":"Similar post","block_context":{"text":"Similar post","link":""},"img":{"alt_text":"","src":"","width":0,"height":0},"classes":[]},{"id":26787,"url":"https:\/\/sakaba.mghosteur.com\/en\/product\/olay-scrubs-detoxifying-vitamin-c-black-charcoal\/","url_meta":{"origin":24242,"position":5},"title":"Olay Scrubs Detoxifying Vitamin C + Black Charcoal","author":"admin","date":"November 28, 2022","format":false,"excerpt":"","rel":"","context":"Similar post","block_context":{"text":"Similar post","link":""},"img":{"alt_text":"","src":"","width":0,"height":0},"classes":[]}],"_links":{"self":[{"href":"https:\/\/sakaba.mghosteur.com\/en\/wp-json\/wp\/v2\/product\/24242","targetHints":{"allow":["GET"]}}],"collection":[{"href":"https:\/\/sakaba.mghosteur.com\/en\/wp-json\/wp\/v2\/product"}],"about":[{"href":"https:\/\/sakaba.mghosteur.com\/en\/wp-json\/wp\/v2\/types\/product"}],"replies":[{"embeddable":true,"href":"https:\/\/sakaba.mghosteur.com\/en\/wp-json\/wp\/v2\/comments?post=24242"}],"version-history":[{"count":0,"href":"https:\/\/sakaba.mghosteur.com\/en\/wp-json\/wp\/v2\/product\/24242\/revisions"}],"wp:attachment":[{"href":"https:\/\/sakaba.mghosteur.com\/en\/wp-json\/wp\/v2\/media?parent=24242"}],"wp:term":[{"taxonomy":"product_brand","embeddable":true,"href":"https:\/\/sakaba.mghosteur.com\/en\/wp-json\/wp\/v2\/product_brand?post=24242"},{"taxonomy":"product_cat","embeddable":true,"href":"https:\/\/sakaba.mghosteur.com\/en\/wp-json\/wp\/v2\/product_cat?post=24242"},{"taxonomy":"product_tag","embeddable":true,"href":"https:\/\/sakaba.mghosteur.com\/en\/wp-json\/wp\/v2\/product_tag?post=24242"}],"curies":[{"name":"wp","href":"https:\/\/api.w.org\/{rel}","templated":true}]}}