{"id":24244,"date":"2022-11-09T16:57:54","date_gmt":"2022-11-09T16:57:54","guid":{"rendered":"http:\/\/www.sakababeauty.com\/?post_type=product&#038;p=24244"},"modified":"2022-11-09T16:57:55","modified_gmt":"2022-11-09T16:57:55","slug":"m3-naturals-activated-charcoal-scrub-infused-with-collagen-and-stem-cell","status":"publish","type":"product","link":"https:\/\/sakaba.mghosteur.com\/en\/product\/m3-naturals-activated-charcoal-scrub-infused-with-collagen-and-stem-cell\/","title":{"rendered":"M3 Naturals Activated Charcoal Scrub Infused with Collagen and Stem Cell"},"content":{"rendered":"","protected":false},"excerpt":{"rendered":"","protected":false},"featured_media":0,"comment_status":"closed","ping_status":"closed","template":"","meta":[],"product_brand":[],"product_cat":[358],"product_tag":[],"class_list":{"0":"post-24244","1":"product","2":"type-product","3":"status-publish","5":"product_cat-bain-douche","7":"first","8":"instock","9":"shipping-taxable","10":"product-type-simple"},"jetpack-related-posts":[{"id":27643,"url":"https:\/\/sakaba.mghosteur.com\/en\/product\/m3-naturals-professional-facial-infused-with-collagen-stem-cell-and-vitamin-c\/","url_meta":{"origin":24244,"position":0},"title":"M3 Naturals Professional Facial Infused with Collagen, Stem Cell, and Vitamin C","author":"admin","date":"November 29, 2022","format":false,"excerpt":"","rel":"","context":"Similar post","block_context":{"text":"Similar post","link":""},"img":{"alt_text":"","src":"","width":0,"height":0},"classes":[]},{"id":25608,"url":"https:\/\/sakaba.mghosteur.com\/en\/product\/m3-naturals-anti-cellulite-massage-oil\/","url_meta":{"origin":24244,"position":1},"title":"M3 Naturals Anti Cellulite Massage Oil","author":"admin","date":"November 14, 2022","format":false,"excerpt":"","rel":"","context":"Similar post","block_context":{"text":"Similar post","link":""},"img":{"alt_text":"","src":"","width":0,"height":0},"classes":[]},{"id":26696,"url":"https:\/\/sakaba.mghosteur.com\/en\/product\/biore-mens-charcoal-acne-scrub\/","url_meta":{"origin":24244,"position":2},"title":"Biore Men&#8217;s Charcoal Acne Scrub","author":"admin","date":"November 28, 2022","format":false,"excerpt":"","rel":"","context":"Similar post","block_context":{"text":"Similar post","link":""},"img":{"alt_text":"","src":"","width":0,"height":0},"classes":[]},{"id":26787,"url":"https:\/\/sakaba.mghosteur.com\/en\/product\/olay-scrubs-detoxifying-vitamin-c-black-charcoal\/","url_meta":{"origin":24244,"position":3},"title":"Olay Scrubs Detoxifying Vitamin C + Black Charcoal","author":"admin","date":"November 28, 2022","format":false,"excerpt":"","rel":"","context":"Similar post","block_context":{"text":"Similar post","link":""},"img":{"alt_text":"","src":"","width":0,"height":0},"classes":[]},{"id":33817,"url":"https:\/\/sakaba.mghosteur.com\/en\/product\/pro-line-ii-comb-thru-texturizer-infused-with-olive-argan-oils\/","url_meta":{"origin":24244,"position":4},"title":"Pro-Line II Comb-Thru Texturizer Infused With Olive &#038; Argan Oils","author":"admin","date":"May 23, 2024","format":false,"excerpt":"","rel":"","context":"Similar post","block_context":{"text":"Similar post","link":""},"img":{"alt_text":"","src":"","width":0,"height":0},"classes":[]},{"id":30040,"url":"https:\/\/sakaba.mghosteur.com\/en\/product\/jergens-oil-infused-skin-firming\/","url_meta":{"origin":24244,"position":5},"title":"JERGENS OIL INFUSED SKIN FIRMING","author":"admin","date":"May 2, 2023","format":false,"excerpt":"D\u00e9couvrez la Lotion pour le corps raffermissante de Jergens, con\u00e7ue pour les peaux s\u00e8ches et test\u00e9e par des dermatologues. Cette lotion est enrichie en collag\u00e8ne et \u00e9lastine pour aider \u00e0 raffermir la peau et lui donner une apparence plus lisse et tonique. Offrez \u00e0 votre peau une hydratation exceptionnelle avec\u2026","rel":"","context":"Similar post","block_context":{"text":"Similar post","link":""},"img":{"alt_text":"","src":"","width":0,"height":0},"classes":[]}],"_links":{"self":[{"href":"https:\/\/sakaba.mghosteur.com\/en\/wp-json\/wp\/v2\/product\/24244","targetHints":{"allow":["GET"]}}],"collection":[{"href":"https:\/\/sakaba.mghosteur.com\/en\/wp-json\/wp\/v2\/product"}],"about":[{"href":"https:\/\/sakaba.mghosteur.com\/en\/wp-json\/wp\/v2\/types\/product"}],"replies":[{"embeddable":true,"href":"https:\/\/sakaba.mghosteur.com\/en\/wp-json\/wp\/v2\/comments?post=24244"}],"version-history":[{"count":0,"href":"https:\/\/sakaba.mghosteur.com\/en\/wp-json\/wp\/v2\/product\/24244\/revisions"}],"wp:attachment":[{"href":"https:\/\/sakaba.mghosteur.com\/en\/wp-json\/wp\/v2\/media?parent=24244"}],"wp:term":[{"taxonomy":"product_brand","embeddable":true,"href":"https:\/\/sakaba.mghosteur.com\/en\/wp-json\/wp\/v2\/product_brand?post=24244"},{"taxonomy":"product_cat","embeddable":true,"href":"https:\/\/sakaba.mghosteur.com\/en\/wp-json\/wp\/v2\/product_cat?post=24244"},{"taxonomy":"product_tag","embeddable":true,"href":"https:\/\/sakaba.mghosteur.com\/en\/wp-json\/wp\/v2\/product_tag?post=24244"}],"curies":[{"name":"wp","href":"https:\/\/api.w.org\/{rel}","templated":true}]}}