{"id":24246,"date":"2022-11-09T17:02:30","date_gmt":"2022-11-09T17:02:30","guid":{"rendered":"http:\/\/www.sakababeauty.com\/?post_type=product&#038;p=24246"},"modified":"2024-08-09T01:44:57","modified_gmt":"2024-08-09T01:44:57","slug":"victoria-secret-exfolianting-body-scrub","status":"publish","type":"product","link":"https:\/\/sakaba.mghosteur.com\/en\/product\/victoria-secret-exfolianting-body-scrub\/","title":{"rendered":"VICTORIA SECRET EXFOLIATING BODY SCRUB COCONUT MILK &amp; ROSE"},"content":{"rendered":"<p>Un nouveau genre de rituel corporel quotidien. R\u00e9v\u00e9lez une peau lisse et douce avec ce gommage au sucre riche. \u00c9limine la peau s\u00e8che gr\u00e2ce \u00e0 la poudre de coquille de noix exfoliante.<\/p>\n<p>Sentez-vous calme avec le parfum du lait de coco et de la rose. C&#8217;est une v\u00e9ritable tranquillit\u00e9.<\/p>\n<p>Fait partie de la collection de soins corporels Natural Beauty, inspir\u00e9e de la nature pour une peau douce et saine. Parfums et bienfaits. Formules luxueuses et efficaces. Inspiration botanique, transformation quotidienne.<\/p>\n<p>Style de parfum : Floral fruit\u00e9<\/p>\n<p>Pour maximiser les bienfaits de votre parfum, associez-le \u00e0 la cr\u00e8me nettoyante pour le corps hydratante et \u00e0 la lotion corporelle hydratante assorties<\/p>","protected":false},"excerpt":{"rendered":"<p>Un nouveau genre de rituel corporel quotidien. R\u00e9v\u00e9lez une peau lisse et douce avec ce gommage au sucre riche. \u00c9limine la peau s\u00e8che gr\u00e2ce \u00e0 la poudre de coquille de noix exfoliante. Sentez-vous calme avec le parfum du lait de coco et de la rose. C&#8217;est une v\u00e9ritable tranquillit\u00e9. Fait partie de la collection de<span class=\"read-more-faq\"><a href=\"https:\/\/sakaba.mghosteur.com\/en\/product\/victoria-secret-exfolianting-body-scrub\/\">Read More<\/a><\/span><\/p>","protected":false},"featured_media":0,"comment_status":"closed","ping_status":"closed","template":"","meta":[],"product_brand":[],"product_cat":[358,447,283,376],"product_tag":[],"class_list":{"0":"post-24246","1":"product","2":"type-product","3":"status-publish","5":"product_cat-bain-douche","6":"product_cat-aac-bain-et-corps","7":"product_cat-aah-parfums","8":"product_cat-victoria-secret","10":"first","11":"instock","12":"shipping-taxable","13":"product-type-variable"},"jetpack-related-posts":[{"id":31882,"url":"https:\/\/sakaba.mghosteur.com\/en\/product\/wildplus-huile-de-jus-corporel-peach-strawberry-shortcake\/","url_meta":{"origin":24246,"position":0},"title":"WILDPLUS Huile de jus corporel PEACH STRAWBERRY SHORTCAKE","author":"admin","date":"May 10, 2024","format":false,"excerpt":"Plongez dans une exp\u00e9rience olfactive exquise avec l'Huile de Jus Corporel WILDPLUS PEACH STRAWBERRY SHORTCAKE. Laissez-vous emporter par ce parfum enivrant qui transformera votre routine quotidienne en un moment luxueux. Disponible en deux d\u00e9licieuses variations : le parfum sabl\u00e9 aux fraises et le parfum de brioche \u00e0 la cannelle. Chaque\u2026","rel":"","context":"Similar post","block_context":{"text":"Similar post","link":""},"img":{"alt_text":"","src":"","width":0,"height":0},"classes":[]},{"id":32171,"url":"https:\/\/sakaba.mghosteur.com\/en\/product\/tree-hut-maroccan-rose-whipped-shea-butter\/","url_meta":{"origin":24246,"position":1},"title":"TREE HUT MOROCCAN ROSE WHIPPED SHEA BUTTER","author":"admin","date":"May 13, 2024","format":false,"excerpt":"Redonnez \u00e0 votre peau sa forme hydrat\u00e9e sans la sensation lourde des beurres corporels traditionnels. Notre formule l\u00e9g\u00e8re et a\u00e9r\u00e9e glisse sur la peau sans l\u00e9siner sur l'hydratation. Le beurre corporel fouett\u00e9 \u00e0 la rose marocaine est le soin parfait pour la peau apr\u00e8s le bain ou comme rafra\u00eechisseur de\u2026","rel":"","context":"Similar post","block_context":{"text":"Similar post","link":""},"img":{"alt_text":"","src":"","width":0,"height":0},"classes":[]},{"id":24662,"url":"https:\/\/sakaba.mghosteur.com\/en\/product\/aveeno-daily-moisturizing-body-wash\/","url_meta":{"origin":24246,"position":2},"title":"AVEENO DAILY MOISTURIZING BODY WASH","author":"admin","date":"November 10, 2022","format":false,"excerpt":"Le nettoyant corporel hydratant quotidien Aveeno\u00a0\u00ae\u00a0avec de l'avoine pr\u00e9biotique apaisante et un l\u00e9ger parfum nourrit la peau s\u00e8che. Ce gel douche cr\u00e9meux nettoie en douceur et aide \u00e0 pr\u00e9server la barri\u00e8re d'hydratation naturelle de la peau. 92 % ont convenu que ce nettoyant laissait leur peau nourrie pendant la douche.\u2026","rel":"","context":"Similar post","block_context":{"text":"Similar post","link":""},"img":{"alt_text":"","src":"","width":0,"height":0},"classes":[]},{"id":33039,"url":"https:\/\/sakaba.mghosteur.com\/en\/product\/dove-exfoliant-body-polish-mango\/","url_meta":{"origin":24246,"position":3},"title":"DOVE EXFOLIANT BODY POLISH MANGO","author":"admin","date":"May 17, 2024","format":false,"excerpt":"Un gommage corporel au parfum de mangue tropicale qui r\u00e9v\u00e8le votre \u00e9clat naturel en exfoliant mod\u00e9r\u00e9ment la peau. Le gommage corporel utilise une exfoliation mod\u00e9r\u00e9e pour \u00e9liminer la peau terne \u2022 Formul\u00e9 avec des nettoyants sans sulfate d'origine naturelle \u2022 Parfum de mangue juteuse et d'amande cr\u00e9meuse \u2022 Avec \u00bc\u2026","rel":"","context":"Similar post","block_context":{"text":"Similar post","link":""},"img":{"alt_text":"","src":"","width":0,"height":0},"classes":[]},{"id":32398,"url":"https:\/\/sakaba.mghosteur.com\/en\/product\/sol-janeiro-delicia-drench-body-butter-75ml\/","url_meta":{"origin":24246,"position":4},"title":"SOL JANEIRO DELICIA DRENCH BODY BUTTER 75ml","author":"admin","date":"May 14, 2024","format":false,"excerpt":"Dites adieu \u00e0 la peau s\u00e8che avec le beurre corporel Delicia Drench (75 ml) de Sol de Janeiro. Ce d\u00e9licieux beurre corporel est une v\u00e9ritable oasis pour votre peau assoiff\u00e9e. Infus\u00e9 avec un m\u00e9lange exotique d'ingr\u00e9dients riches, incluant le complexe apaisant br\u00e9silien de la marque - un mariage subtil de\u2026","rel":"","context":"Similar post","block_context":{"text":"Similar post","link":""},"img":{"alt_text":"","src":"","width":0,"height":0},"classes":[]},{"id":33036,"url":"https:\/\/sakaba.mghosteur.com\/en\/product\/dove-exfoliant-body-polish-brown-sugar-coconut\/","url_meta":{"origin":24246,"position":5},"title":"DOVE EXFOLIANT BODY POLISH BROWN SUGAR &amp; COCONUT","author":"admin","date":"May 17, 2024","format":false,"excerpt":"Un gommage corporel au doux parfum de noix de coco qui r\u00e9v\u00e8le votre \u00e9clat naturel en exfoliant la peau en profondeur. Le gommage corporel exfoliant \u00e9limine la peau terne et s\u00e8che \u2022 Fabriqu\u00e9 \u00e0 partir de nettoyants naturels sans sulfate \u2022 Enrichi avec \u00bc de cr\u00e8me hydratante pour prendre soin\u2026","rel":"","context":"Similar post","block_context":{"text":"Similar post","link":""},"img":{"alt_text":"","src":"","width":0,"height":0},"classes":[]}],"_links":{"self":[{"href":"https:\/\/sakaba.mghosteur.com\/en\/wp-json\/wp\/v2\/product\/24246","targetHints":{"allow":["GET"]}}],"collection":[{"href":"https:\/\/sakaba.mghosteur.com\/en\/wp-json\/wp\/v2\/product"}],"about":[{"href":"https:\/\/sakaba.mghosteur.com\/en\/wp-json\/wp\/v2\/types\/product"}],"replies":[{"embeddable":true,"href":"https:\/\/sakaba.mghosteur.com\/en\/wp-json\/wp\/v2\/comments?post=24246"}],"version-history":[{"count":0,"href":"https:\/\/sakaba.mghosteur.com\/en\/wp-json\/wp\/v2\/product\/24246\/revisions"}],"wp:attachment":[{"href":"https:\/\/sakaba.mghosteur.com\/en\/wp-json\/wp\/v2\/media?parent=24246"}],"wp:term":[{"taxonomy":"product_brand","embeddable":true,"href":"https:\/\/sakaba.mghosteur.com\/en\/wp-json\/wp\/v2\/product_brand?post=24246"},{"taxonomy":"product_cat","embeddable":true,"href":"https:\/\/sakaba.mghosteur.com\/en\/wp-json\/wp\/v2\/product_cat?post=24246"},{"taxonomy":"product_tag","embeddable":true,"href":"https:\/\/sakaba.mghosteur.com\/en\/wp-json\/wp\/v2\/product_tag?post=24246"}],"curies":[{"name":"wp","href":"https:\/\/api.w.org\/{rel}","templated":true}]}}