{"id":24257,"date":"2022-11-09T17:04:18","date_gmt":"2022-11-09T17:04:18","guid":{"rendered":"http:\/\/www.sakababeauty.com\/?post_type=product&#038;p=24257"},"modified":"2024-09-01T14:16:24","modified_gmt":"2024-09-01T14:16:24","slug":"vaseline-original-healing-jelly","status":"publish","type":"product","link":"https:\/\/sakaba.mghosteur.com\/en\/product\/vaseline-original-healing-jelly\/","title":{"rendered":"VASELINE ORIGINAL HEALING JELLY"},"content":{"rendered":"<p>Vaseline Original Healing Jelly est un protecteur cutan\u00e9 \u00e0 base de p\u00e9trole blanc qui est utilis\u00e9 pour prot\u00e9ger, aider \u00e0 gu\u00e9rir et retenir l&#8217;humidit\u00e9 de la peau s\u00e8che et craquel\u00e9e depuis 1870. Il est triplement purifi\u00e9 et hypoallerg\u00e9nique, et est le produit id\u00e9al pour une multitude d&#8217;utilisations, y compris comme hydratant pour les peaux sensibles.<\/p>","protected":false},"excerpt":{"rendered":"<p>Vaseline Original Healing Jelly est un protecteur cutan\u00e9 \u00e0 base de p\u00e9trole blanc qui est utilis\u00e9 pour prot\u00e9ger, aider \u00e0 gu\u00e9rir et retenir l&#8217;humidit\u00e9 de la peau s\u00e8che et craquel\u00e9e depuis 1870. Il est triplement purifi\u00e9 et hypoallerg\u00e9nique, et est le produit id\u00e9al pour une multitude d&#8217;utilisations, y compris comme hydratant pour les peaux sensibles.<\/p>","protected":false},"featured_media":0,"comment_status":"closed","ping_status":"closed","template":"","meta":[],"product_brand":[],"product_cat":[447,1061,388],"product_tag":[],"class_list":{"0":"post-24257","1":"product","2":"type-product","3":"status-publish","5":"product_cat-aac-bain-et-corps","6":"product_cat-lait-huile_corporelle","7":"product_cat-peaux-seches","9":"first","10":"instock","11":"shipping-taxable","12":"product-type-simple"},"jetpack-related-posts":[{"id":29887,"url":"https:\/\/sakaba.mghosteur.com\/en\/product\/vaseline-100-healing-petroleum-jelly-212g\/","url_meta":{"origin":24257,"position":0},"title":"VASELINE 100% HEALING PETROLEUM JELLY 212G","author":"admin","date":"April 27, 2023","format":false,"excerpt":"D\u00e9couvrez la gel\u00e9e cicatrisante originale de la marque Vaseline pour une peau hydrat\u00e9e et soign\u00e9e. Cette gel\u00e9e est triplement purifi\u00e9e et 100 % pure pour aider \u00e0 gu\u00e9rir les peaux ab\u00eem\u00e9es, craquel\u00e9es et s\u00e8ches. Elle cr\u00e9e une barri\u00e8re protectrice et favorise le processus naturel de gu\u00e9rison de la peau gr\u00e2ce\u2026","rel":"","context":"Similar post","block_context":{"text":"Similar post","link":""},"img":{"alt_text":"","src":"","width":0,"height":0},"classes":[]},{"id":31530,"url":"https:\/\/sakaba.mghosteur.com\/en\/product\/vaseline-cocoa-butter-healing-jelly-212g\/","url_meta":{"origin":24257,"position":1},"title":"VASELINE COCOA BUTTER HEALING JELLY 212G","author":"admin","date":"May 10, 2024","format":false,"excerpt":"D\u00e9couvrez cette gel\u00e9e cicatrisante Vaseline, une solution pour la peau s\u00e8che et terne. Enrichie en beurre de cacao, cette formule ravive et nourrit la peau, lui redonnant un \u00e9clat radieux et une apparence saine. Id\u00e9ale pour les peaux s\u00e8ches et ternes, cette gel\u00e9e cicatrisante est fabriqu\u00e9e avec de la vaseline\u2026","rel":"","context":"Similar post","block_context":{"text":"Similar post","link":""},"img":{"alt_text":"","src":"","width":0,"height":0},"classes":[]},{"id":29890,"url":"https:\/\/sakaba.mghosteur.com\/en\/product\/vaseline-100-pure-petroleum-jelly-50g\/","url_meta":{"origin":24257,"position":2},"title":"VASELINE 100% PURE PETROLEUM JELLY 50G","author":"admin","date":"April 27, 2023","format":false,"excerpt":"D\u00e9couvrez la gel\u00e9e de p\u00e9trole Vaseline\u00ae, une solution efficace pour prendre soin de votre peau s\u00e8che, ab\u00eem\u00e9e ou craquel\u00e9e. Sa formule triplement purifi\u00e9e est cliniquement prouv\u00e9e pour aider \u00e0 gu\u00e9rir les dommages cutan\u00e9s en cr\u00e9ant une barri\u00e8re protectrice et en emprisonnant l'humidit\u00e9. Cette gel\u00e9e hypoallerg\u00e9nique et non com\u00e9dog\u00e8ne est parfaite\u2026","rel":"","context":"Similar post","block_context":{"text":"Similar post","link":""},"img":{"alt_text":"","src":"","width":0,"height":0},"classes":[]},{"id":29899,"url":"https:\/\/sakaba.mghosteur.com\/en\/product\/vaseline-calm-healing-600ml\/","url_meta":{"origin":24257,"position":3},"title":"VASELINE CALM HEALING 600ML","author":"admin","date":"April 27, 2023","format":false,"excerpt":"D\u00e9couvrez la lotion apaisante Vaseline Intensive Care pour une peau s\u00e8che et stress\u00e9e. Cette lotion test\u00e9e par des dermatologues est con\u00e7ue pour aider \u00e0 gu\u00e9rir et \u00e0 restaurer la peau s\u00e8che tout en procurant un moment de d\u00e9tente gr\u00e2ce \u00e0 son l\u00e9ger parfum de lavande. Elle contient de l'extrait de\u2026","rel":"","context":"Similar post","block_context":{"text":"Similar post","link":""},"img":{"alt_text":"","src":"","width":0,"height":0},"classes":[]},{"id":31550,"url":"https:\/\/sakaba.mghosteur.com\/en\/product\/vaseline-lip-therapy-original\/","url_meta":{"origin":24257,"position":4},"title":"VASELINE LIP THERAPY ORIGINAL","author":"admin","date":"May 10, 2024","format":false,"excerpt":"Le baume \u00e0 l\u00e8vres Vaseline Lip Therapy Mini Original est un incontournable pour garder vos l\u00e8vres hydrat\u00e9es et en bonne sant\u00e9. Cliniquement prouv\u00e9 pour gu\u00e9rir les l\u00e8vres s\u00e8ches, sa formule non collante et douce fond d\u00e9licatement sur vos l\u00e8vres, procurant un soulagement durable. Pr\u00e9sent\u00e9 dans un emballage embl\u00e9matique, ce baume\u2026","rel":"","context":"Similar post","block_context":{"text":"Similar post","link":""},"img":{"alt_text":"","src":"","width":0,"height":0},"classes":[]},{"id":31523,"url":"https:\/\/sakaba.mghosteur.com\/en\/product\/vaseline-daily-brightening-even-tone-lotion-200ml\/","url_meta":{"origin":24257,"position":5},"title":"VASELINE DAILY BRIGHTENING EVEN TONE LOTION 200ML","author":"admin","date":"May 10, 2024","format":false,"excerpt":"VASELINE DAILY BRIGHTENING LOTION D\u00e9tails La lotion Vaseline Healthy Bright est reconnue comme l'une des meilleures lotions \u00e9claircissantes pour la peau, aidant \u00e0 soigner* la peau s\u00e8che et endommag\u00e9e tout en restaurant naturellement son \u00e9clat en seulement 2 semaines. Avantages Obtenez une peau radieuse en seulement 2 semaines. Une lotion\u2026","rel":"","context":"Similar post","block_context":{"text":"Similar post","link":""},"img":{"alt_text":"","src":"","width":0,"height":0},"classes":[]}],"_links":{"self":[{"href":"https:\/\/sakaba.mghosteur.com\/en\/wp-json\/wp\/v2\/product\/24257","targetHints":{"allow":["GET"]}}],"collection":[{"href":"https:\/\/sakaba.mghosteur.com\/en\/wp-json\/wp\/v2\/product"}],"about":[{"href":"https:\/\/sakaba.mghosteur.com\/en\/wp-json\/wp\/v2\/types\/product"}],"replies":[{"embeddable":true,"href":"https:\/\/sakaba.mghosteur.com\/en\/wp-json\/wp\/v2\/comments?post=24257"}],"version-history":[{"count":0,"href":"https:\/\/sakaba.mghosteur.com\/en\/wp-json\/wp\/v2\/product\/24257\/revisions"}],"wp:attachment":[{"href":"https:\/\/sakaba.mghosteur.com\/en\/wp-json\/wp\/v2\/media?parent=24257"}],"wp:term":[{"taxonomy":"product_brand","embeddable":true,"href":"https:\/\/sakaba.mghosteur.com\/en\/wp-json\/wp\/v2\/product_brand?post=24257"},{"taxonomy":"product_cat","embeddable":true,"href":"https:\/\/sakaba.mghosteur.com\/en\/wp-json\/wp\/v2\/product_cat?post=24257"},{"taxonomy":"product_tag","embeddable":true,"href":"https:\/\/sakaba.mghosteur.com\/en\/wp-json\/wp\/v2\/product_tag?post=24257"}],"curies":[{"name":"wp","href":"https:\/\/api.w.org\/{rel}","templated":true}]}}