{"id":24264,"date":"2022-11-09T17:07:26","date_gmt":"2022-11-09T17:07:26","guid":{"rendered":"http:\/\/www.sakababeauty.com\/?post_type=product&#038;p=24264"},"modified":"2022-11-09T17:07:27","modified_gmt":"2022-11-09T17:07:27","slug":"simple-replenishing-rich-moisturiser","status":"publish","type":"product","link":"https:\/\/sakaba.mghosteur.com\/en\/product\/simple-replenishing-rich-moisturiser\/","title":{"rendered":"SIMPLE REPLENISHING RICH MOISTURISER"},"content":{"rendered":"","protected":false},"excerpt":{"rendered":"","protected":false},"featured_media":0,"comment_status":"closed","ping_status":"closed","template":"","meta":[],"product_brand":[],"product_cat":[355],"product_tag":[],"class_list":{"0":"post-24264","1":"product","2":"type-product","3":"status-publish","5":"product_cat-hydratant-corps","7":"first","8":"instock","9":"shipping-taxable","10":"product-type-simple"},"jetpack-related-posts":[{"id":26984,"url":"https:\/\/sakaba.mghosteur.com\/en\/product\/facetheory-regena-c-moisturiser\/","url_meta":{"origin":24264,"position":0},"title":"FACETHEORY Regena-C Moisturiser M4","author":"admin","date":"November 28, 2022","format":false,"excerpt":"Le Regena-C Moisturiser M4 de la marque FACETHEORY est une cr\u00e8me hydratante rapidement absorb\u00e9e qui contient de l'ester de r\u00e9tinol pour prot\u00e9ger la peau contre les dommages environnementaux et favoriser son renouvellement cellulaire. Cette cr\u00e8me est formul\u00e9e avec de la vitamine C et de la vitamine E, qui aident \u00e0\u2026","rel":"","context":"Similar post","block_context":{"text":"Similar post","link":""},"img":{"alt_text":"","src":"","width":0,"height":0},"classes":[]},{"id":34438,"url":"https:\/\/sakaba.mghosteur.com\/en\/product\/simple-hydrating-light-moisturiser-12h-moisturisat\/","url_meta":{"origin":24264,"position":1},"title":"SIMPLE HYDRATING LIGHT MOISTURISER 12H MOISTURISAT","author":"admin","date":"May 28, 2024","format":false,"excerpt":"","rel":"","context":"Similar post","block_context":{"text":"Similar post","link":""},"img":{"alt_text":"","src":"","width":0,"height":0},"classes":[]},{"id":26960,"url":"https:\/\/sakaba.mghosteur.com\/en\/product\/supergel-moisturiser-oil-free\/","url_meta":{"origin":24264,"position":2},"title":"FACETHEORY Supergel Oil-free Moisturiser M3 for Oily and Acne","author":"admin","date":"November 28, 2022","format":false,"excerpt":"D\u00e9couvrez le Supergel Hydratant sans huile M3 de FACETHEORY, sp\u00e9cialement formul\u00e9 pour les peaux grasses et sujettes \u00e0 l'acn\u00e9. Ce gel d'aloe vera l\u00e9ger hydrate la peau sans laisser de r\u00e9sidus gras et aide \u00e0 r\u00e9duire la taille des pores gr\u00e2ce au niacinamide et \u00e0 soulager la congestion cutan\u00e9e gr\u00e2ce\u2026","rel":"","context":"Similar post","block_context":{"text":"Similar post","link":""},"img":{"alt_text":"","src":"","width":0,"height":0},"classes":[]},{"id":28115,"url":"https:\/\/sakaba.mghosteur.com\/en\/product\/sheer-hydration-replenishingbody-lotion\/","url_meta":{"origin":24264,"position":3},"title":"SHEER HYDRATION REPLENISHING BODY LOTION","author":"admin","date":"November 30, 2022","format":false,"excerpt":"","rel":"","context":"Similar post","block_context":{"text":"Similar post","link":""},"img":{"alt_text":"","src":"","width":0,"height":0},"classes":[]},{"id":24581,"url":"https:\/\/sakaba.mghosteur.com\/en\/product\/weleda-skin-food-original-ultra-rich-cream\/","url_meta":{"origin":24264,"position":4},"title":"WELEDA SKIN FOOD ORIGINAL ULTRA RICH CREAM","author":"admin","date":"November 10, 2022","format":false,"excerpt":"","rel":"","context":"Similar post","block_context":{"text":"Similar post","link":""},"img":{"alt_text":"","src":"","width":0,"height":0},"classes":[]},{"id":28069,"url":"https:\/\/sakaba.mghosteur.com\/en\/product\/naturium-mixed-greens-nutrient-rich-cleanser\/","url_meta":{"origin":24264,"position":5},"title":"NATURIUM MIXED GREENS NUTRIENT RICH CLEANSER","author":"admin","date":"November 29, 2022","format":false,"excerpt":"","rel":"","context":"Similar post","block_context":{"text":"Similar post","link":""},"img":{"alt_text":"","src":"","width":0,"height":0},"classes":[]}],"_links":{"self":[{"href":"https:\/\/sakaba.mghosteur.com\/en\/wp-json\/wp\/v2\/product\/24264","targetHints":{"allow":["GET"]}}],"collection":[{"href":"https:\/\/sakaba.mghosteur.com\/en\/wp-json\/wp\/v2\/product"}],"about":[{"href":"https:\/\/sakaba.mghosteur.com\/en\/wp-json\/wp\/v2\/types\/product"}],"replies":[{"embeddable":true,"href":"https:\/\/sakaba.mghosteur.com\/en\/wp-json\/wp\/v2\/comments?post=24264"}],"version-history":[{"count":0,"href":"https:\/\/sakaba.mghosteur.com\/en\/wp-json\/wp\/v2\/product\/24264\/revisions"}],"wp:attachment":[{"href":"https:\/\/sakaba.mghosteur.com\/en\/wp-json\/wp\/v2\/media?parent=24264"}],"wp:term":[{"taxonomy":"product_brand","embeddable":true,"href":"https:\/\/sakaba.mghosteur.com\/en\/wp-json\/wp\/v2\/product_brand?post=24264"},{"taxonomy":"product_cat","embeddable":true,"href":"https:\/\/sakaba.mghosteur.com\/en\/wp-json\/wp\/v2\/product_cat?post=24264"},{"taxonomy":"product_tag","embeddable":true,"href":"https:\/\/sakaba.mghosteur.com\/en\/wp-json\/wp\/v2\/product_tag?post=24264"}],"curies":[{"name":"wp","href":"https:\/\/api.w.org\/{rel}","templated":true}]}}