{"id":24267,"date":"2022-11-09T17:09:54","date_gmt":"2022-11-09T17:09:54","guid":{"rendered":"http:\/\/www.sakababeauty.com\/?post_type=product&#038;p=24267"},"modified":"2024-09-01T15:16:40","modified_gmt":"2024-09-01T15:16:40","slug":"simple-refreshing-facial-wash","status":"publish","type":"product","link":"https:\/\/sakaba.mghosteur.com\/en\/product\/simple-refreshing-facial-wash\/","title":{"rendered":"SIMPLE REFRESHING FACIAL WASH"},"content":{"rendered":"<p>Gel nettoyant rafra\u00eechissant pour le visage, un m\u00e9lange parfait d&#8217;ingr\u00e9dients b\u00e9n\u00e9fiques et de vitamines, laisse votre peau parfaitement nettoy\u00e9e et revitalis\u00e9e. Parfait surtout pour les peaux sensibles. Notre philosophie est la suivante : simple dit : n&#8217;utilisez jamais de parfums, de colorants ou d&#8217;irritants agressifs qui peuvent perturber votre peau. Simple dit : contentez-vous uniquement d&#8217;ingr\u00e9dients qui r\u00e9pondent aux normes de puret\u00e9 de simple. Simple dit : faites confiance \u00e0 la bont\u00e9 naturelle de tous nos produits, en particulier pour les peaux sensibles. Simple dit : la beaut\u00e9 naturelle vient de la bont\u00e9.<\/p>\n<p>Gel nettoyant rafra\u00eechissant pour le visage Simple Kind to Skin (150 ml)<\/p>\n<p>Nettoyant visage 100 % sans savon<\/p>\n<p>\u00c9limine la salet\u00e9, l&#8217;huile et les impuret\u00e9s<\/p>\n<p>Laisse la peau propre et revitalis\u00e9e<\/p>\n<p>Parfait m\u00eame pour les peaux les plus sensibles<\/p>","protected":false},"excerpt":{"rendered":"<p>Gel nettoyant rafra\u00eechissant pour le visage, un m\u00e9lange parfait d&#8217;ingr\u00e9dients b\u00e9n\u00e9fiques et de vitamines, laisse votre peau parfaitement nettoy\u00e9e et revitalis\u00e9e. Parfait surtout pour les peaux sensibles. Notre philosophie est la suivante : simple dit : n&#8217;utilisez jamais de parfums, de colorants ou d&#8217;irritants agressifs qui peuvent perturber votre peau. Simple dit : contentez-vous uniquement<span class=\"read-more-faq\"><a href=\"https:\/\/sakaba.mghosteur.com\/en\/product\/simple-refreshing-facial-wash\/\">Read More<\/a><\/span><\/p>","protected":false},"featured_media":0,"comment_status":"closed","ping_status":"closed","template":"","meta":[],"product_brand":[],"product_cat":[324,292,451],"product_tag":[],"class_list":{"0":"post-24267","1":"product","2":"type-product","3":"status-publish","5":"product_cat-demaquillant-nettoyant","6":"product_cat-peaux-sensibles","7":"product_cat-aab-soin-du-visage","9":"first","10":"instock","11":"shipping-taxable","12":"product-type-simple"},"jetpack-related-posts":[{"id":31692,"url":"https:\/\/sakaba.mghosteur.com\/en\/product\/haruhara-wonder-black-rice-moisture-5-5-soft-cleansing-gel-unscented\/","url_meta":{"origin":24267,"position":0},"title":"HARUHARA WONDER BLACK RICE MOISTURE 5.5 SOFT CLEANSING GEL UNSCENTED","author":"admin","date":"May 10, 2024","format":false,"excerpt":"D\u00e9couvrez ce gel nettoyant doux et l\u00e9g\u00e8rement acide, id\u00e9al pour vos matins charg\u00e9s ! Formul\u00e9 sans parfum, il hydrate et nettoie en profondeur pour une routine matinale rafra\u00eechissante. Sa formule saine et l\u00e9g\u00e8rement acide maintient un pH \u00e9quilibr\u00e9, essentiel pour une peau \u00e9clatante et bien prot\u00e9g\u00e9e. Les tensioactifs naturels, puis\u00e9s\u2026","rel":"","context":"Similar post","block_context":{"text":"Similar post","link":""},"img":{"alt_text":"","src":"","width":0,"height":0},"classes":[]},{"id":30254,"url":"https:\/\/sakaba.mghosteur.com\/en\/product\/hydro-boost-exfolianting-cleanser\/","url_meta":{"origin":24267,"position":1},"title":"HYDRO BOOST EXFOLIATING CLEANSER","author":"admin","date":"May 5, 2023","format":false,"excerpt":"Le gel-cr\u00e8me exfoliant nettoyant quotidien Hydro Boost avec acide hyaluronique de Neutrogena est le choix parfait pour une peau instantan\u00e9ment douce et rafra\u00eechie. Sa formule l\u00e9g\u00e8re \u00e9limine efficacement la salet\u00e9, l'huile et les cellules mortes de la peau, tout en stimulant l'hydratation gr\u00e2ce \u00e0 l'acide hyaluronique, un ingr\u00e9dient cliniquement prouv\u00e9\u2026","rel":"","context":"Similar post","block_context":{"text":"Similar post","link":""},"img":{"alt_text":"","src":"","width":0,"height":0},"classes":[]},{"id":30429,"url":"https:\/\/sakaba.mghosteur.com\/en\/product\/refreshingly-clear-facial-wash\/","url_meta":{"origin":24267,"position":2},"title":"REFRESHINGLY CLEAR FACIAL WASH","author":"admin","date":"May 10, 2023","format":false,"excerpt":"D\u00e9couvrez le nettoyant pour le visage NEUTROGENA Rafra\u00eechissant et clair au pamplemousse rose et \u00e0 la vitamine C, un nettoyant quotidien vivifiant pour le visage d\u00e9velopp\u00e9 avec des dermatologues. Sp\u00e9cialement con\u00e7u pour les peaux sujettes aux imperfections, ce gel nettoyant nettoie en douceur pour aider \u00e0 pr\u00e9venir les imperfections, sans\u2026","rel":"","context":"Similar post","block_context":{"text":"Similar post","link":""},"img":{"alt_text":"","src":"","width":0,"height":0},"classes":[]},{"id":34649,"url":"https:\/\/sakaba.mghosteur.com\/en\/product\/fenty-skin-cocoa-cleansr-soothing-all-over\/","url_meta":{"origin":24267,"position":3},"title":"FENTY SKIN COCOA CLEANS&#8217;R SOOTHING ALL-OVER","author":"admin","date":"May 30, 2024","format":false,"excerpt":"Dites adieu \u00e0 votre peau cendr\u00e9e avec ce savon nourrissant pour le visage et le corps. Les vibrations tropicales se lib\u00e8rent tandis que la mousse moelleuse et d\u00e9cadente cr\u00e9e une exp\u00e9rience sous la douche ultra-sensorielle qui impr\u00e8gne votre salle de bain d'un parfum inspir\u00e9 de la plage. Description Assez doux\u2026","rel":"","context":"Similar post","block_context":{"text":"Similar post","link":""},"img":{"alt_text":"","src":"","width":0,"height":0},"classes":[]},{"id":30293,"url":"https:\/\/sakaba.mghosteur.com\/en\/product\/beauty-of-joseon-green-plum-refreshing-cleanser\/","url_meta":{"origin":24267,"position":4},"title":"BEAUTY OF JOSEON Green Plum Refreshing Cleanser","author":"admin","date":"May 8, 2023","format":false,"excerpt":"D\u00e9couvrez le Nettoyant Rafra\u00eechissant \u00e0 la Prune Verte de la marque Beauty of Joseon, un nettoyant pour le visage \u00e0 base d'ingr\u00e9dients naturels du Hanbang. Sa formule hypoallerg\u00e9nique l\u00e9g\u00e8rement acide aide \u00e0 nettoyer votre peau sans endommager sa barri\u00e8re cutan\u00e9e naturelle, tandis que sa formule gel humide ne dess\u00e8che pas\u2026","rel":"","context":"Similar post","block_context":{"text":"Similar post","link":""},"img":{"alt_text":"","src":"","width":0,"height":0},"classes":[]},{"id":23930,"url":"https:\/\/sakaba.mghosteur.com\/en\/product\/cerave-hydrating-body-wash\/","url_meta":{"origin":24267,"position":5},"title":"CERAVE HYDRATING BODY WASH","author":"admin","date":"November 9, 2022","format":false,"excerpt":"Le gel douche hydratant CeraVe est parfait pour ceux qui recherchent un nettoyant pour le corps doux et hydratant. Cette formule nettoyante moussante est con\u00e7ue pour les peaux normales \u00e0 s\u00e8ches et aide \u00e0 \u00e9liminer la salet\u00e9 et les impuret\u00e9s sans dess\u00e9cher la peau. Au lieu de cela, il contient\u2026","rel":"","context":"Similar post","block_context":{"text":"Similar post","link":""},"img":{"alt_text":"","src":"","width":0,"height":0},"classes":[]}],"_links":{"self":[{"href":"https:\/\/sakaba.mghosteur.com\/en\/wp-json\/wp\/v2\/product\/24267","targetHints":{"allow":["GET"]}}],"collection":[{"href":"https:\/\/sakaba.mghosteur.com\/en\/wp-json\/wp\/v2\/product"}],"about":[{"href":"https:\/\/sakaba.mghosteur.com\/en\/wp-json\/wp\/v2\/types\/product"}],"replies":[{"embeddable":true,"href":"https:\/\/sakaba.mghosteur.com\/en\/wp-json\/wp\/v2\/comments?post=24267"}],"version-history":[{"count":0,"href":"https:\/\/sakaba.mghosteur.com\/en\/wp-json\/wp\/v2\/product\/24267\/revisions"}],"wp:attachment":[{"href":"https:\/\/sakaba.mghosteur.com\/en\/wp-json\/wp\/v2\/media?parent=24267"}],"wp:term":[{"taxonomy":"product_brand","embeddable":true,"href":"https:\/\/sakaba.mghosteur.com\/en\/wp-json\/wp\/v2\/product_brand?post=24267"},{"taxonomy":"product_cat","embeddable":true,"href":"https:\/\/sakaba.mghosteur.com\/en\/wp-json\/wp\/v2\/product_cat?post=24267"},{"taxonomy":"product_tag","embeddable":true,"href":"https:\/\/sakaba.mghosteur.com\/en\/wp-json\/wp\/v2\/product_tag?post=24267"}],"curies":[{"name":"wp","href":"https:\/\/api.w.org\/{rel}","templated":true}]}}