{"id":24272,"date":"2022-11-09T17:11:37","date_gmt":"2022-11-09T17:11:37","guid":{"rendered":"http:\/\/www.sakababeauty.com\/?post_type=product&#038;p=24272"},"modified":"2022-11-09T17:11:37","modified_gmt":"2022-11-09T17:11:37","slug":"simple-moisturising-facial-wash-100-soap-free","status":"publish","type":"product","link":"https:\/\/sakaba.mghosteur.com\/en\/product\/simple-moisturising-facial-wash-100-soap-free\/","title":{"rendered":"SIMPLE MOISTURISING FACIAL WASH 100% SOAP FREE"},"content":{"rendered":"","protected":false},"excerpt":{"rendered":"","protected":false},"featured_media":0,"comment_status":"closed","ping_status":"closed","template":"","meta":[],"product_brand":[],"product_cat":[446],"product_tag":[],"class_list":{"0":"post-24272","1":"product","2":"type-product","3":"status-publish","5":"product_cat-nettoyant","7":"first","8":"instock","9":"shipping-taxable","10":"product-type-simple"},"jetpack-related-posts":[{"id":24276,"url":"https:\/\/sakaba.mghosteur.com\/en\/product\/simple-soothing-facial-toner-100-alcohol-free\/","url_meta":{"origin":24272,"position":0},"title":"SIMPLE SOOTHING FACIAL TONER 100% ALCOHOL FREE","author":"admin","date":"November 9, 2022","format":false,"excerpt":"","rel":"","context":"Similar post","block_context":{"text":"Similar post","link":""},"img":{"alt_text":"","src":"","width":0,"height":0},"classes":[]},{"id":24267,"url":"https:\/\/sakaba.mghosteur.com\/en\/product\/simple-refreshing-facial-wash\/","url_meta":{"origin":24272,"position":1},"title":"SIMPLE REFRESHING FACIAL WASH","author":"admin","date":"November 9, 2022","format":false,"excerpt":"Gel nettoyant rafra\u00eechissant pour le visage, un m\u00e9lange parfait d'ingr\u00e9dients b\u00e9n\u00e9fiques et de vitamines, laisse votre peau parfaitement nettoy\u00e9e et revitalis\u00e9e. Parfait surtout pour les peaux sensibles. Notre philosophie est la suivante : simple dit : n'utilisez jamais de parfums, de colorants ou d'irritants agressifs qui peuvent perturber votre peau.\u2026","rel":"","context":"Similar post","block_context":{"text":"Similar post","link":""},"img":{"alt_text":"","src":"","width":0,"height":0},"classes":[]},{"id":26672,"url":"https:\/\/sakaba.mghosteur.com\/en\/product\/clinique-facial-soap-mild-with-dish\/","url_meta":{"origin":24272,"position":2},"title":"Clinique Facial Soap Mild with Dish","author":"admin","date":"November 28, 2022","format":false,"excerpt":"","rel":"","context":"Similar post","block_context":{"text":"Similar post","link":""},"img":{"alt_text":"","src":"","width":0,"height":0},"classes":[]},{"id":26596,"url":"https:\/\/sakaba.mghosteur.com\/en\/product\/clinique-all-about-clean-liquid-facial-soap-mild-peau\/","url_meta":{"origin":24272,"position":3},"title":"Clinique All About Clean Liquid Facial Soap Mild- Peau","author":"admin","date":"November 28, 2022","format":false,"excerpt":"","rel":"","context":"Similar post","block_context":{"text":"Similar post","link":""},"img":{"alt_text":"","src":"","width":0,"height":0},"classes":[]},{"id":30347,"url":"https:\/\/sakaba.mghosteur.com\/en\/product\/neutrogena-oil-free-acne-wash-scrub\/","url_meta":{"origin":24272,"position":4},"title":"NEUTROGENA OIL FREE ACNE WASH SCRUB","author":"admin","date":"May 8, 2023","format":false,"excerpt":"Le Nettoyant Moussant pour le Visage Anti-acn\u00e9 Neutrogena au Pamplemousse Rose est un gommage facial moussant con\u00e7u pour aider \u00e0 traiter les \u00e9ruptions cutan\u00e9es tout en exfoliant en douceur votre peau. Il est formul\u00e9 avec une technologie MicroClear et un m\u00e9dicament contre l'acn\u00e9 \u00e0 l'acide salicylique de force maximale pour\u2026","rel":"","context":"Similar post","block_context":{"text":"Similar post","link":""},"img":{"alt_text":"","src":"","width":0,"height":0},"classes":[]},{"id":29851,"url":"https:\/\/sakaba.mghosteur.com\/en\/product\/kojie-san-skin-lightening-facial-wash-with-hydromoist\/","url_meta":{"origin":24272,"position":5},"title":"Kojie San Skin Lightening Facial Wash with Hydromoist","author":"admin","date":"April 26, 2023","format":false,"excerpt":"D\u00e9couvrez le Kojie San Skin Lightening Facial Wash with Hydromoist, un nettoyant pour le visage de qualit\u00e9 de 100g qui \u00e9claircit, restaure et hydrate la peau. L'acide kojique et la niacinamide travaillent ensemble pour \u00e9claircir et apaiser la peau, laissant votre visage \u00e9clatant et hydrat\u00e9. Ce nettoyant en bouteille de\u2026","rel":"","context":"Similar post","block_context":{"text":"Similar post","link":""},"img":{"alt_text":"","src":"","width":0,"height":0},"classes":[]}],"_links":{"self":[{"href":"https:\/\/sakaba.mghosteur.com\/en\/wp-json\/wp\/v2\/product\/24272","targetHints":{"allow":["GET"]}}],"collection":[{"href":"https:\/\/sakaba.mghosteur.com\/en\/wp-json\/wp\/v2\/product"}],"about":[{"href":"https:\/\/sakaba.mghosteur.com\/en\/wp-json\/wp\/v2\/types\/product"}],"replies":[{"embeddable":true,"href":"https:\/\/sakaba.mghosteur.com\/en\/wp-json\/wp\/v2\/comments?post=24272"}],"version-history":[{"count":0,"href":"https:\/\/sakaba.mghosteur.com\/en\/wp-json\/wp\/v2\/product\/24272\/revisions"}],"wp:attachment":[{"href":"https:\/\/sakaba.mghosteur.com\/en\/wp-json\/wp\/v2\/media?parent=24272"}],"wp:term":[{"taxonomy":"product_brand","embeddable":true,"href":"https:\/\/sakaba.mghosteur.com\/en\/wp-json\/wp\/v2\/product_brand?post=24272"},{"taxonomy":"product_cat","embeddable":true,"href":"https:\/\/sakaba.mghosteur.com\/en\/wp-json\/wp\/v2\/product_cat?post=24272"},{"taxonomy":"product_tag","embeddable":true,"href":"https:\/\/sakaba.mghosteur.com\/en\/wp-json\/wp\/v2\/product_tag?post=24272"}],"curies":[{"name":"wp","href":"https:\/\/api.w.org\/{rel}","templated":true}]}}