{"id":24276,"date":"2022-11-09T17:12:58","date_gmt":"2022-11-09T17:12:58","guid":{"rendered":"http:\/\/www.sakababeauty.com\/?post_type=product&#038;p=24276"},"modified":"2022-11-09T17:12:59","modified_gmt":"2022-11-09T17:12:59","slug":"simple-soothing-facial-toner-100-alcohol-free","status":"publish","type":"product","link":"https:\/\/sakaba.mghosteur.com\/en\/product\/simple-soothing-facial-toner-100-alcohol-free\/","title":{"rendered":"SIMPLE SOOTHING FACIAL TONER 100% ALCOHOL FREE"},"content":{"rendered":"","protected":false},"excerpt":{"rendered":"","protected":false},"featured_media":0,"comment_status":"closed","ping_status":"closed","template":"","meta":[],"product_brand":[],"product_cat":[377],"product_tag":[],"class_list":{"0":"post-24276","1":"product","2":"type-product","3":"status-publish","5":"product_cat-bath-body-works","7":"first","8":"instock","9":"shipping-taxable","10":"product-type-simple"},"jetpack-related-posts":[{"id":31593,"url":"https:\/\/sakaba.mghosteur.com\/en\/product\/cosrx-centella-water-alcohol-free-toner\/","url_meta":{"origin":24276,"position":0},"title":"COSRX CENTELLA WATER ALCOHOL FREE TONER","author":"admin","date":"May 10, 2024","format":false,"excerpt":"Centella Water Alcohol-Free Toner Pour une peau apais\u00e9e et hydrat\u00e9e ! Une solution parfaite pour les propri\u00e9taires de peau sensible. Ce tonique aqueux, pr\u00e9sent\u00e9 sous forme de spray, est sp\u00e9cialement con\u00e7u pour soulager les peaux irrit\u00e9es et sensibles, tout en r\u00e9duisant les rougeurs. Sa liste d'ingr\u00e9dients courte et simple exclut\u2026","rel":"","context":"Similar post","block_context":{"text":"Similar post","link":""},"img":{"alt_text":"","src":"","width":0,"height":0},"classes":[]},{"id":24272,"url":"https:\/\/sakaba.mghosteur.com\/en\/product\/simple-moisturising-facial-wash-100-soap-free\/","url_meta":{"origin":24276,"position":1},"title":"SIMPLE MOISTURISING FACIAL WASH 100% SOAP FREE","author":"admin","date":"November 9, 2022","format":false,"excerpt":"","rel":"","context":"Similar post","block_context":{"text":"Similar post","link":""},"img":{"alt_text":"","src":"","width":0,"height":0},"classes":[]},{"id":31852,"url":"https:\/\/sakaba.mghosteur.com\/en\/product\/anua-heartleaf-77-soothing-toner-250ml\/","url_meta":{"origin":24276,"position":2},"title":"ANUA HEARTLEAF 77% SOOTHING TONER 250ML","author":"admin","date":"May 10, 2024","format":false,"excerpt":"Excellent soin pour les probl\u00e8mes de peau. Il s'agit du toner qui contient de l'extrait de houttuynia cordata au plus haut niveau, ce qui est bon pour les soins des probl\u00e8mes de peau. La feuille de c\u0153ur est tr\u00e8s efficace pour calmer les probl\u00e8mes de peau. \u00c9quilibre optimis\u00e9 de l'huile\u2026","rel":"","context":"Similar post","block_context":{"text":"Similar post","link":""},"img":{"alt_text":"","src":"","width":0,"height":0},"classes":[]},{"id":24066,"url":"https:\/\/sakaba.mghosteur.com\/en\/product\/thayers-facial-toner-witch-hazel\/","url_meta":{"origin":24276,"position":3},"title":"THAYERS Facial Toner Witch Hazel","author":"admin","date":"November 9, 2022","format":false,"excerpt":"","rel":"","context":"Similar post","block_context":{"text":"Similar post","link":""},"img":{"alt_text":"","src":"","width":0,"height":0},"classes":[]},{"id":27044,"url":"https:\/\/sakaba.mghosteur.com\/en\/product\/fresh-rose-deep-hydration-facial-toner\/","url_meta":{"origin":24276,"position":4},"title":"FRESH ROSE DEEP HYDRATION FACIAL TONER","author":"admin","date":"November 28, 2022","format":false,"excerpt":"","rel":"","context":"Similar post","block_context":{"text":"Similar post","link":""},"img":{"alt_text":"","src":"","width":0,"height":0},"classes":[]},{"id":34649,"url":"https:\/\/sakaba.mghosteur.com\/en\/product\/fenty-skin-cocoa-cleansr-soothing-all-over\/","url_meta":{"origin":24276,"position":5},"title":"FENTY SKIN COCOA CLEANS&#8217;R SOOTHING ALL-OVER","author":"admin","date":"May 30, 2024","format":false,"excerpt":"Dites adieu \u00e0 votre peau cendr\u00e9e avec ce savon nourrissant pour le visage et le corps. Les vibrations tropicales se lib\u00e8rent tandis que la mousse moelleuse et d\u00e9cadente cr\u00e9e une exp\u00e9rience sous la douche ultra-sensorielle qui impr\u00e8gne votre salle de bain d'un parfum inspir\u00e9 de la plage. Description Assez doux\u2026","rel":"","context":"Similar post","block_context":{"text":"Similar post","link":""},"img":{"alt_text":"","src":"","width":0,"height":0},"classes":[]}],"_links":{"self":[{"href":"https:\/\/sakaba.mghosteur.com\/en\/wp-json\/wp\/v2\/product\/24276","targetHints":{"allow":["GET"]}}],"collection":[{"href":"https:\/\/sakaba.mghosteur.com\/en\/wp-json\/wp\/v2\/product"}],"about":[{"href":"https:\/\/sakaba.mghosteur.com\/en\/wp-json\/wp\/v2\/types\/product"}],"replies":[{"embeddable":true,"href":"https:\/\/sakaba.mghosteur.com\/en\/wp-json\/wp\/v2\/comments?post=24276"}],"version-history":[{"count":0,"href":"https:\/\/sakaba.mghosteur.com\/en\/wp-json\/wp\/v2\/product\/24276\/revisions"}],"wp:attachment":[{"href":"https:\/\/sakaba.mghosteur.com\/en\/wp-json\/wp\/v2\/media?parent=24276"}],"wp:term":[{"taxonomy":"product_brand","embeddable":true,"href":"https:\/\/sakaba.mghosteur.com\/en\/wp-json\/wp\/v2\/product_brand?post=24276"},{"taxonomy":"product_cat","embeddable":true,"href":"https:\/\/sakaba.mghosteur.com\/en\/wp-json\/wp\/v2\/product_cat?post=24276"},{"taxonomy":"product_tag","embeddable":true,"href":"https:\/\/sakaba.mghosteur.com\/en\/wp-json\/wp\/v2\/product_tag?post=24276"}],"curies":[{"name":"wp","href":"https:\/\/api.w.org\/{rel}","templated":true}]}}