{"id":24280,"date":"2022-11-09T17:15:24","date_gmt":"2022-11-09T17:15:24","guid":{"rendered":"http:\/\/www.sakababeauty.com\/?post_type=product&#038;p=24280"},"modified":"2022-11-09T17:15:24","modified_gmt":"2022-11-09T17:15:24","slug":"grande-cosmetics-lash-enhancing-serum-350","status":"publish","type":"product","link":"https:\/\/sakaba.mghosteur.com\/en\/product\/grande-cosmetics-lash-enhancing-serum-350\/","title":{"rendered":"GRANDE COSMETICS LASH ENHANCING SERUM 350"},"content":{"rendered":"","protected":false},"excerpt":{"rendered":"","protected":false},"featured_media":0,"comment_status":"closed","ping_status":"closed","template":"","meta":[],"product_brand":[],"product_cat":[301],"product_tag":[],"class_list":{"0":"post-24280","1":"product","2":"type-product","3":"status-publish","5":"product_cat-faux-cils","7":"first","8":"instock","9":"shipping-taxable","10":"product-type-simple"},"jetpack-related-posts":[{"id":24270,"url":"https:\/\/sakaba.mghosteur.com\/en\/product\/babe-lash-essential-serum-mini\/","url_meta":{"origin":24280,"position":0},"title":"BABE LASH ESSENTIAL SERUM MINI","author":"admin","date":"November 9, 2022","format":false,"excerpt":"","rel":"","context":"Similar post","block_context":{"text":"Similar post","link":""},"img":{"alt_text":"","src":"","width":0,"height":0},"classes":[]},{"id":24285,"url":"https:\/\/sakaba.mghosteur.com\/en\/product\/the-ordinary-hair-care-multi-peptide-serum\/","url_meta":{"origin":24280,"position":1},"title":"THE ORDINARY LASH AND BROW SERUM","author":"admin","date":"November 9, 2022","format":false,"excerpt":"Obtenez des cils et des sourcils plus \u00e9pais et plus sains avec le s\u00e9rum multi-peptide pour les cils et les sourcils de The Ordinary. Cette formule l\u00e9g\u00e8re et non grasse contient 11 ingr\u00e9dients actifs, dont quatre complexes peptidiques et une s\u00e9rie d'extraits naturels, pour aider \u00e0 nourrir et \u00e0 prot\u00e9ger\u2026","rel":"","context":"Similar post","block_context":{"text":"Similar post","link":""},"img":{"alt_text":"","src":"","width":0,"height":0},"classes":[]},{"id":24363,"url":"https:\/\/sakaba.mghosteur.com\/en\/product\/duo-line-it-lash-it-2in-1-eyeliner-lash-adhesive\/","url_meta":{"origin":24280,"position":2},"title":"DUO LINE IT LASH IT 2IN 1 EYELINER &#038; LASH ADHESIVE","author":"admin","date":"November 10, 2022","format":false,"excerpt":"","rel":"","context":"Similar post","block_context":{"text":"Similar post","link":""},"img":{"alt_text":"","src":"","width":0,"height":0},"classes":[]},{"id":24508,"url":"https:\/\/sakaba.mghosteur.com\/en\/product\/la-colors-drama-lash-mascara\/","url_meta":{"origin":24280,"position":3},"title":"LA Colors Drama Lash Mascara","author":"admin","date":"November 10, 2022","format":false,"excerpt":"","rel":"","context":"Similar post","block_context":{"text":"Similar post","link":""},"img":{"alt_text":"","src":"","width":0,"height":0},"classes":[]},{"id":24511,"url":"https:\/\/sakaba.mghosteur.com\/en\/product\/la-colors-mega-dramati-lash-mascara\/","url_meta":{"origin":24280,"position":4},"title":"LA Colors MEGA Dramati Lash Mascara","author":"admin","date":"November 10, 2022","format":false,"excerpt":"","rel":"","context":"Similar post","block_context":{"text":"Similar post","link":""},"img":{"alt_text":"","src":"","width":0,"height":0},"classes":[]},{"id":24199,"url":"https:\/\/sakaba.mghosteur.com\/en\/product\/ardell-professional-double-up-triop-lash\/","url_meta":{"origin":24280,"position":5},"title":"Ardell Professional Double Up Triop lash","author":"admin","date":"November 9, 2022","format":false,"excerpt":"","rel":"","context":"Similar post","block_context":{"text":"Similar post","link":""},"img":{"alt_text":"","src":"","width":0,"height":0},"classes":[]}],"_links":{"self":[{"href":"https:\/\/sakaba.mghosteur.com\/en\/wp-json\/wp\/v2\/product\/24280","targetHints":{"allow":["GET"]}}],"collection":[{"href":"https:\/\/sakaba.mghosteur.com\/en\/wp-json\/wp\/v2\/product"}],"about":[{"href":"https:\/\/sakaba.mghosteur.com\/en\/wp-json\/wp\/v2\/types\/product"}],"replies":[{"embeddable":true,"href":"https:\/\/sakaba.mghosteur.com\/en\/wp-json\/wp\/v2\/comments?post=24280"}],"version-history":[{"count":0,"href":"https:\/\/sakaba.mghosteur.com\/en\/wp-json\/wp\/v2\/product\/24280\/revisions"}],"wp:attachment":[{"href":"https:\/\/sakaba.mghosteur.com\/en\/wp-json\/wp\/v2\/media?parent=24280"}],"wp:term":[{"taxonomy":"product_brand","embeddable":true,"href":"https:\/\/sakaba.mghosteur.com\/en\/wp-json\/wp\/v2\/product_brand?post=24280"},{"taxonomy":"product_cat","embeddable":true,"href":"https:\/\/sakaba.mghosteur.com\/en\/wp-json\/wp\/v2\/product_cat?post=24280"},{"taxonomy":"product_tag","embeddable":true,"href":"https:\/\/sakaba.mghosteur.com\/en\/wp-json\/wp\/v2\/product_tag?post=24280"}],"curies":[{"name":"wp","href":"https:\/\/api.w.org\/{rel}","templated":true}]}}