{"id":24284,"date":"2022-11-09T17:16:37","date_gmt":"2022-11-09T17:16:37","guid":{"rendered":"http:\/\/www.sakababeauty.com\/?post_type=product&#038;p=24284"},"modified":"2023-05-08T16:32:32","modified_gmt":"2023-05-08T16:32:32","slug":"neutrogena-oil-free-acne-wash","status":"publish","type":"product","link":"https:\/\/sakaba.mghosteur.com\/en\/product\/neutrogena-oil-free-acne-wash\/","title":{"rendered":"NEUTROGENA OIL FREE ACNE WASH"},"content":{"rendered":"<p>D\u00e9couvrez le nettoyant anti-acn\u00e9 sans huile de la marque Neutrogena, sp\u00e9cialement con\u00e7u pour \u00e9liminer les impuret\u00e9s de votre peau en seulement une semaine. Ce nettoyant pour le visage au pamplemousse rose contient de l&#8217;extrait de pamplemousse d&#8217;origine naturelle et de la vitamine C, pour une action douce mais efficace. Gr\u00e2ce \u00e0 sa formule avanc\u00e9e Micro-Clear et \u00e0 l&#8217;acide salicylique \u00e0 puissance maximale, ce nettoyant combat les \u00e9ruptions cutan\u00e9es et les points noirs en profondeur. Vous appr\u00e9cierez sa texture l\u00e9g\u00e8re et non-grasse qui laisse la peau fra\u00eeche et propre, sans la dess\u00e9cher. Essayez d\u00e8s maintenant le nettoyant pour le visage au pamplemousse rose anti-acn\u00e9 sans huile Neutrogena pour retrouver une peau claire et lumineuse.<\/p>","protected":false},"excerpt":{"rendered":"<p>D\u00e9couvrez le nettoyant anti-acn\u00e9 sans huile de la marque Neutrogena, sp\u00e9cialement con\u00e7u pour \u00e9liminer les impuret\u00e9s de votre peau en seulement une semaine. Ce nettoyant pour le visage au pamplemousse rose contient de l&#8217;extrait de pamplemousse d&#8217;origine naturelle et de la vitamine C, pour une action douce mais efficace. Gr\u00e2ce \u00e0 sa formule avanc\u00e9e Micro-Clear<span class=\"read-more-faq\"><a href=\"https:\/\/sakaba.mghosteur.com\/en\/product\/neutrogena-oil-free-acne-wash\/\">Read More<\/a><\/span><\/p>","protected":false},"featured_media":0,"comment_status":"closed","ping_status":"closed","template":"","meta":[],"product_brand":[],"product_cat":[377],"product_tag":[],"class_list":{"0":"post-24284","1":"product","2":"type-product","3":"status-publish","5":"product_cat-bath-body-works","7":"first","8":"instock","9":"shipping-taxable","10":"product-type-simple"},"jetpack-related-posts":[{"id":30347,"url":"https:\/\/sakaba.mghosteur.com\/en\/product\/neutrogena-oil-free-acne-wash-scrub\/","url_meta":{"origin":24284,"position":0},"title":"NEUTROGENA OIL FREE ACNE WASH SCRUB","author":"admin","date":"May 8, 2023","format":false,"excerpt":"Le Nettoyant Moussant pour le Visage Anti-acn\u00e9 Neutrogena au Pamplemousse Rose est un gommage facial moussant con\u00e7u pour aider \u00e0 traiter les \u00e9ruptions cutan\u00e9es tout en exfoliant en douceur votre peau. Il est formul\u00e9 avec une technologie MicroClear et un m\u00e9dicament contre l'acn\u00e9 \u00e0 l'acide salicylique de force maximale pour\u2026","rel":"","context":"Similar post","block_context":{"text":"Similar post","link":""},"img":{"alt_text":"","src":"","width":0,"height":0},"classes":[]},{"id":24287,"url":"https:\/\/sakaba.mghosteur.com\/en\/product\/neutrogena-oil-free-acne-moisturizer-pink-grapefruit\/","url_meta":{"origin":24284,"position":1},"title":"Neutrogena Oil-Free Acne Moisturizer pink grapefruit","author":"admin","date":"November 9, 2022","format":false,"excerpt":"Description du produit : L'hydratant pour le visage contre l'acn\u00e9 au pamplemousse rose de la marque NEUTROGENA est un produit l\u00e9ger et non com\u00e9dog\u00e8ne qui hydrate et combat les \u00e9ruptions cutan\u00e9es pour obtenir une peau claire et douce. Sa formule sans huile et \u00e0 base d'acide salicylique aide \u00e0 \u00e9liminer\u2026","rel":"","context":"Similar post","block_context":{"text":"Similar post","link":""},"img":{"alt_text":"","src":"","width":0,"height":0},"classes":[]},{"id":30429,"url":"https:\/\/sakaba.mghosteur.com\/en\/product\/refreshingly-clear-facial-wash\/","url_meta":{"origin":24284,"position":2},"title":"REFRESHINGLY CLEAR FACIAL WASH","author":"admin","date":"May 10, 2023","format":false,"excerpt":"D\u00e9couvrez le nettoyant pour le visage NEUTROGENA Rafra\u00eechissant et clair au pamplemousse rose et \u00e0 la vitamine C, un nettoyant quotidien vivifiant pour le visage d\u00e9velopp\u00e9 avec des dermatologues. Sp\u00e9cialement con\u00e7u pour les peaux sujettes aux imperfections, ce gel nettoyant nettoie en douceur pour aider \u00e0 pr\u00e9venir les imperfections, sans\u2026","rel":"","context":"Similar post","block_context":{"text":"Similar post","link":""},"img":{"alt_text":"","src":"","width":0,"height":0},"classes":[]},{"id":30389,"url":"https:\/\/sakaba.mghosteur.com\/en\/product\/neutrogena-stubborn-texture\/","url_meta":{"origin":24284,"position":3},"title":"NEUTROGENA STUBBORN TEXTURE","author":"admin","date":"May 10, 2023","format":false,"excerpt":"D\u00e9couvrez le Nettoyant anti-acn\u00e9 Stubborn Texture de la marque Neutrogena pour lutter contre l'acn\u00e9 tenace et am\u00e9liorer la texture de votre peau. Ce nettoyant quotidien sans huile contient un complexe acide de qualit\u00e9 dermatologique, compos\u00e9 de 1 % d'acide salicylique (BHA), 2 % d'acide glycolique (AHA) et 2 % d'acide\u2026","rel":"","context":"Similar post","block_context":{"text":"Similar post","link":""},"img":{"alt_text":"","src":"","width":0,"height":0},"classes":[]},{"id":24021,"url":"https:\/\/sakaba.mghosteur.com\/en\/product\/neutrogena-refreshingly-clear\/","url_meta":{"origin":24284,"position":4},"title":"NEUTROGENA REFRESHINGLY CLEAR","author":"admin","date":"November 9, 2022","format":false,"excerpt":"D\u00e9couvrez l'hydratant sans huile NEUTROGENA Refreshingly Clear, con\u00e7u pour les peaux sujettes aux imperfections. Cette formule l\u00e9g\u00e8re et rafra\u00eechissante, d\u00e9velopp\u00e9e avec des dermatologues, procure une hydratation 24 heures sans obstruer les pores. Son parfum de pamplemousse rose vous offre une exp\u00e9rience rafra\u00eechissante. Utilisez-le matin et soir sur le visage et\u2026","rel":"","context":"Similar post","block_context":{"text":"Similar post","link":""},"img":{"alt_text":"","src":"","width":0,"height":0},"classes":[]},{"id":30411,"url":"https:\/\/sakaba.mghosteur.com\/en\/product\/neutrogenastubborn-marks-pm-treatment\/","url_meta":{"origin":24284,"position":5},"title":"NEUTROGENA STUBBORN MARKS PM TREATMENT","author":"admin","date":"May 10, 2023","format":false,"excerpt":"D\u00e9couvrez le traitement des marques tenaces PM de Neutrogena, un produit dermatologique qui peut r\u00e9duire visiblement les marques d'acn\u00e9 pendant votre sommeil. Ce traitement est inspir\u00e9 d'un r\u00e9gime recommand\u00e9 par les dermatologues pour une peau nette. Pour de meilleurs r\u00e9sultats, nous vous recommandons d'utiliser \u00e9galement le traitement Neutrogena Stubborn Acne\u2026","rel":"","context":"Similar post","block_context":{"text":"Similar post","link":""},"img":{"alt_text":"","src":"","width":0,"height":0},"classes":[]}],"_links":{"self":[{"href":"https:\/\/sakaba.mghosteur.com\/en\/wp-json\/wp\/v2\/product\/24284","targetHints":{"allow":["GET"]}}],"collection":[{"href":"https:\/\/sakaba.mghosteur.com\/en\/wp-json\/wp\/v2\/product"}],"about":[{"href":"https:\/\/sakaba.mghosteur.com\/en\/wp-json\/wp\/v2\/types\/product"}],"replies":[{"embeddable":true,"href":"https:\/\/sakaba.mghosteur.com\/en\/wp-json\/wp\/v2\/comments?post=24284"}],"version-history":[{"count":0,"href":"https:\/\/sakaba.mghosteur.com\/en\/wp-json\/wp\/v2\/product\/24284\/revisions"}],"wp:attachment":[{"href":"https:\/\/sakaba.mghosteur.com\/en\/wp-json\/wp\/v2\/media?parent=24284"}],"wp:term":[{"taxonomy":"product_brand","embeddable":true,"href":"https:\/\/sakaba.mghosteur.com\/en\/wp-json\/wp\/v2\/product_brand?post=24284"},{"taxonomy":"product_cat","embeddable":true,"href":"https:\/\/sakaba.mghosteur.com\/en\/wp-json\/wp\/v2\/product_cat?post=24284"},{"taxonomy":"product_tag","embeddable":true,"href":"https:\/\/sakaba.mghosteur.com\/en\/wp-json\/wp\/v2\/product_tag?post=24284"}],"curies":[{"name":"wp","href":"https:\/\/api.w.org\/{rel}","templated":true}]}}