{"id":24285,"date":"2022-11-09T17:24:50","date_gmt":"2022-11-09T17:24:50","guid":{"rendered":"http:\/\/www.sakababeauty.com\/?post_type=product&#038;p=24285"},"modified":"2024-08-15T01:36:06","modified_gmt":"2024-08-15T01:36:06","slug":"the-ordinary-hair-care-multi-peptide-serum","status":"publish","type":"product","link":"https:\/\/sakaba.mghosteur.com\/en\/product\/the-ordinary-hair-care-multi-peptide-serum\/","title":{"rendered":"THE ORDINARY LASH AND BROW SERUM"},"content":{"rendered":"<p>Obtenez des cils et des sourcils plus \u00e9pais et plus sains avec le s\u00e9rum multi-peptide pour les cils et les sourcils de The Ordinary. Cette formule l\u00e9g\u00e8re et non grasse contient 11 ingr\u00e9dients actifs, dont quatre complexes peptidiques et une s\u00e9rie d&#8217;extraits naturels, pour aider \u00e0 nourrir et \u00e0 prot\u00e9ger vos cils et sourcils tout en am\u00e9liorant leur densit\u00e9 et leur apparence g\u00e9n\u00e9rale.<\/p>\n<p>Le complexe SYMPEPTIDE XLASH\u00ae (avec Myristoyl Pentapeptide-17), le complexe Anargy\u00ae (avec Oligopeptide-2 et Glycoprot\u00e9ines), le complexe Widelash\u2122 (avec Biotinoyl Tripeptide-1 et Panth\u00e9nol), le complexe REDENSYL\u2122 (avec Larix Europaea Wood Extract, extrait de feuille de Camellia Sinensis et chlorure de zinc), complexe CAPIXYL\u2122 (ac\u00e9tyl t\u00e9trapeptide-3 et extrait de fleur de Trifolium Pratense) et caf\u00e9ine \u00e0 haute solubilit\u00e9 agissent ensemble pour offrir des r\u00e9sultats visibles en aussi peu que quatre semaines.<\/p>\n<p>Facile \u00e0 utiliser, ce s\u00e9rum doit \u00eatre appliqu\u00e9 le long de la ligne des cils et des sourcils matin et soir, apr\u00e8s avoir nettoy\u00e9 et s\u00e9ch\u00e9 la zone d&#8217;application. Il est important de suivre les instructions d&#8217;utilisation et de tester les patchs avant utilisation.<\/p>","protected":false},"excerpt":{"rendered":"<p>Obtenez des cils et des sourcils plus \u00e9pais et plus sains avec le s\u00e9rum multi-peptide pour les cils et les sourcils de The Ordinary. Cette formule l\u00e9g\u00e8re et non grasse contient 11 ingr\u00e9dients actifs, dont quatre complexes peptidiques et une s\u00e9rie d&#8217;extraits naturels, pour aider \u00e0 nourrir et \u00e0 prot\u00e9ger vos cils et sourcils tout<span class=\"read-more-faq\"><a href=\"https:\/\/sakaba.mghosteur.com\/en\/product\/the-ordinary-hair-care-multi-peptide-serum\/\">Read More<\/a><\/span><\/p>","protected":false},"featured_media":0,"comment_status":"closed","ping_status":"closed","template":"","meta":[],"product_brand":[],"product_cat":[451,334],"product_tag":[],"class_list":{"0":"post-24285","1":"product","2":"type-product","3":"status-publish","5":"product_cat-aab-soin-du-visage","6":"product_cat-traitement-serum","8":"first","9":"instock","10":"shipping-taxable","11":"product-type-simple"},"jetpack-related-posts":[{"id":31651,"url":"https:\/\/sakaba.mghosteur.com\/en\/product\/the-ordinary-multi-peptide-ha-serum\/","url_meta":{"origin":24285,"position":0},"title":"The Ordinary MULTI-PEPTIDE + HA SERUM","author":"admin","date":"May 10, 2024","format":false,"excerpt":"D\u00e9couvrez le S\u00e9rum Multi-Peptide + HA, anciennement connu sous le nom de \"Buffet\". Cette formule universelle r\u00e9unit une multitude de technologies pour sublimer votre peau et agir sur plusieurs signes de vieillissement simultan\u00e9ment. Enrichi de quatre technologies peptidiques \u00e9prouv\u00e9es, d'acides amin\u00e9s b\u00e9n\u00e9fiques pour la peau et de complexes d'acide hyaluronique\u2026","rel":"","context":"Similar post","block_context":{"text":"Similar post","link":""},"img":{"alt_text":"","src":"","width":0,"height":0},"classes":[]},{"id":28981,"url":"https:\/\/sakaba.mghosteur.com\/en\/product\/the-ordinary-multi-peptide-eye-serum\/","url_meta":{"origin":24285,"position":1},"title":"THE ORDINARY Multi-Peptide Eye Serum","author":"admin","date":"March 8, 2023","format":false,"excerpt":"Le S\u00e9rum Yeux Multi-Peptides de la marque The Ordinary est une solution pour lutter contre les signes de vieillissement autour des yeux, gr\u00e2ce \u00e0 une formule \u00e0 base d'eau contenant plusieurs technologies peptidiques, de la niacinamide et de l'extrait d'\u00e9corce de fraxinus excelsior. Ce s\u00e9rum offre des r\u00e9sultats cliniques incroyables\u2026","rel":"","context":"Similar post","block_context":{"text":"Similar post","link":""},"img":{"alt_text":"","src":"","width":0,"height":0},"classes":[]},{"id":31603,"url":"https:\/\/sakaba.mghosteur.com\/en\/product\/the-ordinary-soothing-barrier-support\/","url_meta":{"origin":24285,"position":2},"title":"The Ordinary SOOTHING &amp; BARRIER SUPPORT","author":"admin","date":"May 10, 2024","format":false,"excerpt":"D\u00e9couvrez le S\u00e9rum de Soutien Apaisant et Barri\u00e8re, une solution multi-active cibl\u00e9e pour apaiser la peau irrit\u00e9e. Ce s\u00e9rum innovant aide \u00e0 restaurer la barri\u00e8re cutan\u00e9e en seulement 2 heures*, offrant un boost imm\u00e9diat de 86%** d'hydratation pour une peau confortable et apais\u00e9e. Gr\u00e2ce \u00e0 sa formulation avanc\u00e9e contenant plusieurs\u2026","rel":"","context":"Similar post","block_context":{"text":"Similar post","link":""},"img":{"alt_text":"","src":"","width":0,"height":0},"classes":[]},{"id":28064,"url":"https:\/\/sakaba.mghosteur.com\/en\/product\/naturium-vitamin-c-complex-serum\/","url_meta":{"origin":24285,"position":3},"title":"NATURIUM VITAMIN C COMPLEX SERUM","author":"admin","date":"November 29, 2022","format":false,"excerpt":"Le puissant s\u00e9rum \u00e0 la vitamine C est formul\u00e9 avec un complexe de vitamine C \u00e0 base d'or et d'acide L-ascorbique hautement stabilis\u00e9, du phosphate d'ascorbyle de sodium et un m\u00e9lange de fruits bioactifs qui aide \u00e0 d\u00e9fendre la peau contre les facteurs de stress environnementaux, favorisant ainsi une peau\u2026","rel":"","context":"Similar post","block_context":{"text":"Similar post","link":""},"img":{"alt_text":"","src":"","width":0,"height":0},"classes":[]},{"id":31584,"url":"https:\/\/sakaba.mghosteur.com\/en\/product\/cosrx-the-6-peptide-skin-booster\/","url_meta":{"origin":24285,"position":4},"title":"COSRX THE 6 PEPTIDE SKIN BOOSTER","author":"admin","date":"May 10, 2024","format":false,"excerpt":"Le S\u00e9rum Booster Cutan\u00e9 aux 6 Peptides Formul\u00e9 avec 6 peptides puissants, ce s\u00e9rum am\u00e9liore l'\u00e9tat global de la peau d\u00e8s la premi\u00e8re \u00e9tape de votre routine de soins. Format : 150 ml (5,07 fl.oz) AVANTAGES \u2022 Am\u00e9liore l'aspect g\u00e9n\u00e9ral de la peau, y compris les pores, le s\u00e9bum, la\u2026","rel":"","context":"Similar post","block_context":{"text":"Similar post","link":""},"img":{"alt_text":"","src":"","width":0,"height":0},"classes":[]},{"id":29399,"url":"https:\/\/sakaba.mghosteur.com\/en\/product\/paula-choice-omega-complex-moisturizer\/","url_meta":{"origin":24285,"position":5},"title":"PAULA CHOICE OMEGA + COMPLEX MOISTURIZER","author":"admin","date":"April 3, 2023","format":false,"excerpt":"Le Complexe Om\u00e9ga+ Hydratant est une cr\u00e8me nourrissante qui redonne vie aux peaux d\u00e9shydrat\u00e9es. Elle est formul\u00e9e avec un m\u00e9lange d'acides gras om\u00e9ga nourrissants, de c\u00e9ramides r\u00e9g\u00e9n\u00e9rants et d'antioxydants pour aider \u00e0 prot\u00e9ger la peau contre les agressions ext\u00e9rieures. Cette cr\u00e8me contient des om\u00e9gas 3, 6 et 9 qui aident\u2026","rel":"","context":"Similar post","block_context":{"text":"Similar post","link":""},"img":{"alt_text":"","src":"","width":0,"height":0},"classes":[]}],"_links":{"self":[{"href":"https:\/\/sakaba.mghosteur.com\/en\/wp-json\/wp\/v2\/product\/24285","targetHints":{"allow":["GET"]}}],"collection":[{"href":"https:\/\/sakaba.mghosteur.com\/en\/wp-json\/wp\/v2\/product"}],"about":[{"href":"https:\/\/sakaba.mghosteur.com\/en\/wp-json\/wp\/v2\/types\/product"}],"replies":[{"embeddable":true,"href":"https:\/\/sakaba.mghosteur.com\/en\/wp-json\/wp\/v2\/comments?post=24285"}],"version-history":[{"count":0,"href":"https:\/\/sakaba.mghosteur.com\/en\/wp-json\/wp\/v2\/product\/24285\/revisions"}],"wp:attachment":[{"href":"https:\/\/sakaba.mghosteur.com\/en\/wp-json\/wp\/v2\/media?parent=24285"}],"wp:term":[{"taxonomy":"product_brand","embeddable":true,"href":"https:\/\/sakaba.mghosteur.com\/en\/wp-json\/wp\/v2\/product_brand?post=24285"},{"taxonomy":"product_cat","embeddable":true,"href":"https:\/\/sakaba.mghosteur.com\/en\/wp-json\/wp\/v2\/product_cat?post=24285"},{"taxonomy":"product_tag","embeddable":true,"href":"https:\/\/sakaba.mghosteur.com\/en\/wp-json\/wp\/v2\/product_tag?post=24285"}],"curies":[{"name":"wp","href":"https:\/\/api.w.org\/{rel}","templated":true}]}}