{"id":24289,"date":"2022-11-09T17:19:54","date_gmt":"2022-11-09T17:19:54","guid":{"rendered":"http:\/\/www.sakababeauty.com\/?post_type=product&#038;p=24289"},"modified":"2022-11-09T17:19:55","modified_gmt":"2022-11-09T17:19:55","slug":"simple-soothing-eye-balm","status":"publish","type":"product","link":"https:\/\/sakaba.mghosteur.com\/en\/product\/simple-soothing-eye-balm\/","title":{"rendered":"SIMPLE SOOTHING EYE BALM"},"content":{"rendered":"","protected":false},"excerpt":{"rendered":"","protected":false},"featured_media":0,"comment_status":"closed","ping_status":"closed","template":"","meta":[],"product_brand":[],"product_cat":[297],"product_tag":[],"class_list":{"0":"post-24289","1":"product","2":"type-product","3":"status-publish","5":"product_cat-yeux","7":"first","8":"instock","9":"shipping-taxable","10":"product-type-simple"},"jetpack-related-posts":[{"id":24276,"url":"https:\/\/sakaba.mghosteur.com\/en\/product\/simple-soothing-facial-toner-100-alcohol-free\/","url_meta":{"origin":24289,"position":0},"title":"SIMPLE SOOTHING FACIAL TONER 100% ALCOHOL FREE","author":"admin","date":"November 9, 2022","format":false,"excerpt":"","rel":"","context":"Similar post","block_context":{"text":"Similar post","link":""},"img":{"alt_text":"","src":"","width":0,"height":0},"classes":[]},{"id":28112,"url":"https:\/\/sakaba.mghosteur.com\/en\/product\/baby-ultra-soothing-lotion\/","url_meta":{"origin":24289,"position":1},"title":"BABY ULTRA SOOTHING LOTION","author":"admin","date":"November 30, 2022","format":false,"excerpt":"","rel":"","context":"Similar post","block_context":{"text":"Similar post","link":""},"img":{"alt_text":"","src":"","width":0,"height":0},"classes":[]},{"id":33504,"url":"https:\/\/sakaba.mghosteur.com\/en\/product\/aloe-vera-soothing-gel\/","url_meta":{"origin":24289,"position":2},"title":"ALOE VERA SOOTHING GEL","author":"admin","date":"May 22, 2024","format":false,"excerpt":"","rel":"","context":"Similar post","block_context":{"text":"Similar post","link":""},"img":{"alt_text":"","src":"","width":0,"height":0},"classes":[]},{"id":29445,"url":"https:\/\/sakaba.mghosteur.com\/en\/product\/cosrx-aloe-soothing-sun-cream\/","url_meta":{"origin":24289,"position":3},"title":"COSRX ALOE SOOTHING SUN CREAM","author":"admin","date":"April 4, 2023","format":false,"excerpt":"Le produit est une cr\u00e8me solaire apaisante Alo\u00e8s SPF50+\/ PA+++ de la marque COSRX. Cette cr\u00e8me solaire ne laisse pas de trace blanche et contient de l'extrait de feuille d'Aloe Arborescens pour apaiser la peau. Elle convient pour une utilisation quotidienne et est l\u00e9g\u00e8re comme un hydratant.","rel":"","context":"Similar post","block_context":{"text":"Similar post","link":""},"img":{"alt_text":"","src":"","width":0,"height":0},"classes":[]},{"id":27517,"url":"https:\/\/sakaba.mghosteur.com\/en\/product\/hydrating-soothing-mist-brume-hydratante\/","url_meta":{"origin":24289,"position":4},"title":"HYDRATING &amp; SOOTHING MIST BRUME HYDRATANTE","author":"admin","date":"November 29, 2022","format":false,"excerpt":"D\u00e9couvrez \"Comme la brume au beurre\" de la marque TOPICALS - une brume corporelle apaisante pour tous vos besoins de peau. Avec des plantes puissantes, cette brume apaise les coups de soleil, les \u00e9ruptions cutan\u00e9es, les frottements et m\u00eame les peaux s\u00e8ches du corps. Obtenez une peau incroyablement douce qui\u2026","rel":"","context":"Similar post","block_context":{"text":"Similar post","link":""},"img":{"alt_text":"","src":"","width":0,"height":0},"classes":[]},{"id":31852,"url":"https:\/\/sakaba.mghosteur.com\/en\/product\/anua-heartleaf-77-soothing-toner-250ml\/","url_meta":{"origin":24289,"position":5},"title":"ANUA HEARTLEAF 77% SOOTHING TONER 250ML","author":"admin","date":"May 10, 2024","format":false,"excerpt":"Excellent soin pour les probl\u00e8mes de peau. Il s'agit du toner qui contient de l'extrait de houttuynia cordata au plus haut niveau, ce qui est bon pour les soins des probl\u00e8mes de peau. La feuille de c\u0153ur est tr\u00e8s efficace pour calmer les probl\u00e8mes de peau. \u00c9quilibre optimis\u00e9 de l'huile\u2026","rel":"","context":"Similar post","block_context":{"text":"Similar post","link":""},"img":{"alt_text":"","src":"","width":0,"height":0},"classes":[]}],"_links":{"self":[{"href":"https:\/\/sakaba.mghosteur.com\/en\/wp-json\/wp\/v2\/product\/24289","targetHints":{"allow":["GET"]}}],"collection":[{"href":"https:\/\/sakaba.mghosteur.com\/en\/wp-json\/wp\/v2\/product"}],"about":[{"href":"https:\/\/sakaba.mghosteur.com\/en\/wp-json\/wp\/v2\/types\/product"}],"replies":[{"embeddable":true,"href":"https:\/\/sakaba.mghosteur.com\/en\/wp-json\/wp\/v2\/comments?post=24289"}],"version-history":[{"count":0,"href":"https:\/\/sakaba.mghosteur.com\/en\/wp-json\/wp\/v2\/product\/24289\/revisions"}],"wp:attachment":[{"href":"https:\/\/sakaba.mghosteur.com\/en\/wp-json\/wp\/v2\/media?parent=24289"}],"wp:term":[{"taxonomy":"product_brand","embeddable":true,"href":"https:\/\/sakaba.mghosteur.com\/en\/wp-json\/wp\/v2\/product_brand?post=24289"},{"taxonomy":"product_cat","embeddable":true,"href":"https:\/\/sakaba.mghosteur.com\/en\/wp-json\/wp\/v2\/product_cat?post=24289"},{"taxonomy":"product_tag","embeddable":true,"href":"https:\/\/sakaba.mghosteur.com\/en\/wp-json\/wp\/v2\/product_tag?post=24289"}],"curies":[{"name":"wp","href":"https:\/\/api.w.org\/{rel}","templated":true}]}}