{"id":24295,"date":"2022-11-09T17:26:24","date_gmt":"2022-11-09T17:26:24","guid":{"rendered":"http:\/\/www.sakababeauty.com\/?post_type=product&#038;p=24295"},"modified":"2023-05-10T12:49:26","modified_gmt":"2023-05-10T12:49:26","slug":"neutrogena-ultra-gentle-hydrating-daily-facial-cleanser-for-sensitive-skin","status":"publish","type":"product","link":"https:\/\/sakaba.mghosteur.com\/en\/product\/neutrogena-ultra-gentle-hydrating-daily-facial-cleanser-for-sensitive-skin\/","title":{"rendered":"Neutrogena Ultra Gentle Hydrating Daily Facial Cleanser for Sensitive Skin 171ML"},"content":{"rendered":"<p><span style=\"vertical-align: inherit;\"><span style=\"vertical-align: inherit;\"><span style=\"vertical-align: inherit;\"><span style=\"vertical-align: inherit;\"><span style=\"vertical-align: inherit;\"><span style=\"vertical-align: inherit;\">D\u00e9couvrez le Nettoyant quotidien ultra doux Neutrogena, con\u00e7u pour r\u00e9pondre aux besoins des peaux sensibles. <\/span><\/span><\/span><\/span><\/span><span style=\"vertical-align: inherit;\"><span style=\"vertical-align: inherit;\"><span style=\"vertical-align: inherit;\"><span style=\"vertical-align: inherit;\"><span style=\"vertical-align: inherit;\">Sa formule brevet\u00e9e efficace mais douce nettoie en profondeur sans perturber la barri\u00e8re d&#8217;hydratation naturelle de la peau, laisse votre peau fra\u00eeche et propre sans r\u00e9sidu. <\/span><\/span><\/span><\/span><\/span><span style=\"vertical-align: inherit;\"><span style=\"vertical-align: inherit;\"><span style=\"vertical-align: inherit;\"><span style=\"vertical-align: inherit;\"><span style=\"vertical-align: inherit;\">Ce nettoyant moussant est hypoallerg\u00e9nique, non com\u00e9dog\u00e8ne, sans huile ni savon, offrant ainsi une exp\u00e9rience de nettoyage douce et efficace pour votre peau sensible.<\/span><\/span><\/span><\/span><\/span><\/span><\/p>\n<p><span style=\"vertical-align: inherit;\"><span style=\"vertical-align: inherit;\"><span style=\"vertical-align: inherit;\"><span style=\"vertical-align: inherit;\"><span style=\"vertical-align: inherit;\"><span style=\"vertical-align: inherit;\">Utilisation : mouillez votre visage et vos mains \u00e0 l&#8217;eau ti\u00e8de, pompez une petite quantit\u00e9 de nettoyant dans vos mains et faites-le mousser. <\/span><\/span><\/span><\/span><\/span><span style=\"vertical-align: inherit;\"><span style=\"vertical-align: inherit;\"><span style=\"vertical-align: inherit;\"><span style=\"vertical-align: inherit;\"><span style=\"vertical-align: inherit;\">Appliquez sur votre visage avec un mouvement doux et circulaire, puis rincez \u00e0 l&#8217;eau ti\u00e8de et s\u00e9chez avec une serviette douce.<\/span><\/span><\/span><\/span><\/span><\/span><\/p>\n<p><span style=\"vertical-align: inherit;\"><span style=\"vertical-align: inherit;\"><span style=\"vertical-align: inherit;\"><span style=\"vertical-align: inherit;\"><span style=\"vertical-align: inherit;\"><span style=\"vertical-align: inherit;\">Donnez \u00e0 votre peau sensible l&#8217;attention qu&#8217;elle m\u00e9rite avec le Nettoyant quotidien ultra doux Neutrogena, une solution de nettoyage efficace et douce pour une peau propre, rafra\u00eechie et \u00e9quilibr\u00e9e.<\/span><\/span><\/span><\/span><\/span><\/span><\/p>","protected":false},"excerpt":{"rendered":"<p>D\u00e9couvrez le Nettoyant quotidien ultra doux Neutrogena, con\u00e7u pour r\u00e9pondre aux besoins des peaux sensibles. Sa formule brevet\u00e9e efficace mais douce nettoie en profondeur sans perturber la barri\u00e8re d&#8217;hydratation naturelle de la peau, laisse votre peau fra\u00eeche et propre sans r\u00e9sidu. Ce nettoyant moussant est hypoallerg\u00e9nique, non com\u00e9dog\u00e8ne, sans huile ni savon, offrant ainsi une<span class=\"read-more-faq\"><a href=\"https:\/\/sakaba.mghosteur.com\/en\/product\/neutrogena-ultra-gentle-hydrating-daily-facial-cleanser-for-sensitive-skin\/\">Read More<\/a><\/span><\/p>","protected":false},"featured_media":0,"comment_status":"closed","ping_status":"closed","template":"","meta":[],"product_brand":[],"product_cat":[378],"product_tag":[],"class_list":{"0":"post-24295","1":"product","2":"type-product","3":"status-publish","5":"product_cat-protection-solaire-corps","7":"first","8":"instock","9":"shipping-taxable","10":"product-type-simple"},"jetpack-related-posts":[{"id":30396,"url":"https:\/\/sakaba.mghosteur.com\/en\/product\/neutrogena-ultra-gentle-hydrating-daily-facial-cleanser-for-sensitive-skin-354-ml\/","url_meta":{"origin":24295,"position":0},"title":"Neutrogena Ultra Gentle Hydrating Daily Facial Cleanser for Sensitive Skin 354 ML","author":"admin","date":"May 10, 2023","format":false,"excerpt":"D\u00e9couvrez le Nettoyant quotidien ultra doux Neutrogena, con\u00e7u pour r\u00e9pondre aux besoins des peaux sensibles. Sa formule brevet\u00e9e efficace mais douce nettoie en profondeur sans perturber la barri\u00e8re d'hydratation naturelle de la peau, laissant votre peau fra\u00eeche et propre sans r\u00e9sidu. Ce nettoyant moussant est hypoallerg\u00e9nique, non com\u00e9dog\u00e8ne, sans huile\u2026","rel":"","context":"Similar post","block_context":{"text":"Similar post","link":""},"img":{"alt_text":"","src":"","width":0,"height":0},"classes":[]},{"id":24299,"url":"https:\/\/sakaba.mghosteur.com\/en\/product\/neutrogena-soothing-clear-mousse-cleanser-turmeric\/","url_meta":{"origin":24295,"position":1},"title":"Neutrogena Soothing Clear Mousse Cleanser-Turmeric","author":"admin","date":"November 9, 2022","format":false,"excerpt":"D\u00e9couvrez la mousse nettoyante apaisante au curcuma Neutrogena, sp\u00e9cialement formul\u00e9e pour nettoyer en douceur et apaiser les peaux stress\u00e9es sujettes aux taches. Enrichi en curcuma doux pour la peau, ce nettoyant mousse riche et coussin\u00e9 \u00e9limine efficacement la salet\u00e9, le s\u00e9bum et le maquillage qui obstruent les pores sans d\u00e9caper\u2026","rel":"","context":"Similar post","block_context":{"text":"Similar post","link":""},"img":{"alt_text":"","src":"","width":0,"height":0},"classes":[]},{"id":30379,"url":"https:\/\/sakaba.mghosteur.com\/en\/product\/neutrogena-skin-balancing-2-polyhydroxy-acid\/","url_meta":{"origin":24295,"position":2},"title":"NEUTROGENA SKIN BALANCING 2% POLYHYDROXY ACID","author":"admin","date":"May 9, 2023","format":false,"excerpt":"Optez pour le Gel nettoyant \u00e9quilibrant pour la peau pour peaux mixtes de Neutrogena, une formule douce et efficace qui nettoie, exfolie et revitalise votre peau en une seule \u00e9tape. Avec sa formule hypoallerg\u00e9nique d\u00e9velopp\u00e9e avec des dermatologues, ce gel nettoyant respecte le pH naturel de votre peau, la laissant\u2026","rel":"","context":"Similar post","block_context":{"text":"Similar post","link":""},"img":{"alt_text":"","src":"","width":0,"height":0},"classes":[]},{"id":24009,"url":"https:\/\/sakaba.mghosteur.com\/en\/product\/neutrogena-hydro-boost-hydrating-cleansing-gel\/","url_meta":{"origin":24295,"position":3},"title":"NEUTROGENA HYDRO BOOST HYDRATING CLEANSING GEL","author":"admin","date":"November 9, 2022","format":false,"excerpt":"D\u00e9couvrez le Gel Nettoyant et D\u00e9maquillant sans Huile de Neutrogena, le compagnon parfait pour une peau d'apparence saine et hydrat\u00e9e. Ce nettoyant pour le visage l\u00e9ger est formul\u00e9 avec de l'acide hyaluronique, offrant une hydratation en profondeur pour une peau douce et \u00e9clatante. Il \u00e9limine efficacement les impuret\u00e9s, l'exc\u00e8s de\u2026","rel":"","context":"Similar post","block_context":{"text":"Similar post","link":""},"img":{"alt_text":"","src":"","width":0,"height":0},"classes":[]},{"id":30341,"url":"https:\/\/sakaba.mghosteur.com\/en\/product\/neutrogena-oil-balancing-facial-wash\/","url_meta":{"origin":24295,"position":4},"title":"NEUTROGENA OIL BALANCING FACIAL WASH","author":"admin","date":"May 8, 2023","format":false,"excerpt":"D\u00e9couvrez le nettoyant visage \u00e9quilibrant NEUTROGENA \u00e0 base de citron vert et d'aloe vera, con\u00e7u pour les peaux grasses et d\u00e9velopp\u00e9 avec des dermatologues. Ce nettoyant quotidien vivifiant pour le visage aide \u00e0 resserrer les pores et matifier la peau, la laissant parfaitement \u00e9quilibr\u00e9e. Formul\u00e9 sans huile, ce nettoyant pour\u2026","rel":"","context":"Similar post","block_context":{"text":"Similar post","link":""},"img":{"alt_text":"","src":"","width":0,"height":0},"classes":[]},{"id":30389,"url":"https:\/\/sakaba.mghosteur.com\/en\/product\/neutrogena-stubborn-texture\/","url_meta":{"origin":24295,"position":5},"title":"NEUTROGENA STUBBORN TEXTURE","author":"admin","date":"May 10, 2023","format":false,"excerpt":"D\u00e9couvrez le Nettoyant anti-acn\u00e9 Stubborn Texture de la marque Neutrogena pour lutter contre l'acn\u00e9 tenace et am\u00e9liorer la texture de votre peau. Ce nettoyant quotidien sans huile contient un complexe acide de qualit\u00e9 dermatologique, compos\u00e9 de 1 % d'acide salicylique (BHA), 2 % d'acide glycolique (AHA) et 2 % d'acide\u2026","rel":"","context":"Similar post","block_context":{"text":"Similar post","link":""},"img":{"alt_text":"","src":"","width":0,"height":0},"classes":[]}],"_links":{"self":[{"href":"https:\/\/sakaba.mghosteur.com\/en\/wp-json\/wp\/v2\/product\/24295","targetHints":{"allow":["GET"]}}],"collection":[{"href":"https:\/\/sakaba.mghosteur.com\/en\/wp-json\/wp\/v2\/product"}],"about":[{"href":"https:\/\/sakaba.mghosteur.com\/en\/wp-json\/wp\/v2\/types\/product"}],"replies":[{"embeddable":true,"href":"https:\/\/sakaba.mghosteur.com\/en\/wp-json\/wp\/v2\/comments?post=24295"}],"version-history":[{"count":0,"href":"https:\/\/sakaba.mghosteur.com\/en\/wp-json\/wp\/v2\/product\/24295\/revisions"}],"wp:attachment":[{"href":"https:\/\/sakaba.mghosteur.com\/en\/wp-json\/wp\/v2\/media?parent=24295"}],"wp:term":[{"taxonomy":"product_brand","embeddable":true,"href":"https:\/\/sakaba.mghosteur.com\/en\/wp-json\/wp\/v2\/product_brand?post=24295"},{"taxonomy":"product_cat","embeddable":true,"href":"https:\/\/sakaba.mghosteur.com\/en\/wp-json\/wp\/v2\/product_cat?post=24295"},{"taxonomy":"product_tag","embeddable":true,"href":"https:\/\/sakaba.mghosteur.com\/en\/wp-json\/wp\/v2\/product_tag?post=24295"}],"curies":[{"name":"wp","href":"https:\/\/api.w.org\/{rel}","templated":true}]}}