{"id":24299,"date":"2022-11-09T17:28:58","date_gmt":"2022-11-09T17:28:58","guid":{"rendered":"http:\/\/www.sakababeauty.com\/?post_type=product&#038;p=24299"},"modified":"2024-09-02T04:39:32","modified_gmt":"2024-09-02T04:39:32","slug":"neutrogena-soothing-clear-mousse-cleanser-turmeric","status":"publish","type":"product","link":"https:\/\/sakaba.mghosteur.com\/en\/product\/neutrogena-soothing-clear-mousse-cleanser-turmeric\/","title":{"rendered":"Neutrogena Soothing Clear Mousse Cleanser-Turmeric"},"content":{"rendered":"<p>D\u00e9couvrez la mousse nettoyante apaisante au curcuma Neutrogena, sp\u00e9cialement formul\u00e9e pour nettoyer en douceur et apaiser les peaux stress\u00e9es sujettes aux taches. Enrichi en curcuma doux pour la peau, ce nettoyant mousse riche et coussin\u00e9 \u00e9limine efficacement la salet\u00e9, le s\u00e9bum et le maquillage qui obstruent les pores sans d\u00e9caper la peau. Cette formule sans huile est id\u00e9ale pour les peaux sensibles sujettes aux boutons, mixtes ou d\u00e9shydrat\u00e9es. Elle se rince compl\u00e8tement, sans r\u00e9sidus ind\u00e9sirables, laissant votre peau douce et d&#8217;apparence saine. La formule a \u00e9t\u00e9 cliniquement prouv\u00e9e pour nettoyer et apaiser la peau en douceur, test\u00e9e dermatologiquement et convient aux peaux stress\u00e9es \u00e0 tendance tachet\u00e9e. Utilisez-la jusqu&#8217;\u00e0 deux fois par jour en moussant le nettoyant dans les mains et en massant doucement sur le visage. Offrez \u00e0 votre peau le soin qu&#8217;elle m\u00e9rite avec la mousse nettoyante apaisante au curcuma Neutrogena.<\/p>","protected":false},"excerpt":{"rendered":"<p>D\u00e9couvrez la mousse nettoyante apaisante au curcuma Neutrogena, sp\u00e9cialement formul\u00e9e pour nettoyer en douceur et apaiser les peaux stress\u00e9es sujettes aux taches. Enrichi en curcuma doux pour la peau, ce nettoyant mousse riche et coussin\u00e9 \u00e9limine efficacement la salet\u00e9, le s\u00e9bum et le maquillage qui obstruent les pores sans d\u00e9caper la peau. Cette formule sans<span class=\"read-more-faq\"><a href=\"https:\/\/sakaba.mghosteur.com\/en\/product\/neutrogena-soothing-clear-mousse-cleanser-turmeric\/\">Read More<\/a><\/span><\/p>","protected":false},"featured_media":0,"comment_status":"closed","ping_status":"closed","template":"","meta":[],"product_brand":[],"product_cat":[324,451],"product_tag":[],"class_list":{"0":"post-24299","1":"product","2":"type-product","3":"status-publish","5":"product_cat-demaquillant-nettoyant","6":"product_cat-aab-soin-du-visage","8":"first","9":"instock","10":"shipping-taxable","11":"product-type-simple"},"jetpack-related-posts":[],"_links":{"self":[{"href":"https:\/\/sakaba.mghosteur.com\/en\/wp-json\/wp\/v2\/product\/24299","targetHints":{"allow":["GET"]}}],"collection":[{"href":"https:\/\/sakaba.mghosteur.com\/en\/wp-json\/wp\/v2\/product"}],"about":[{"href":"https:\/\/sakaba.mghosteur.com\/en\/wp-json\/wp\/v2\/types\/product"}],"replies":[{"embeddable":true,"href":"https:\/\/sakaba.mghosteur.com\/en\/wp-json\/wp\/v2\/comments?post=24299"}],"version-history":[{"count":0,"href":"https:\/\/sakaba.mghosteur.com\/en\/wp-json\/wp\/v2\/product\/24299\/revisions"}],"wp:attachment":[{"href":"https:\/\/sakaba.mghosteur.com\/en\/wp-json\/wp\/v2\/media?parent=24299"}],"wp:term":[{"taxonomy":"product_brand","embeddable":true,"href":"https:\/\/sakaba.mghosteur.com\/en\/wp-json\/wp\/v2\/product_brand?post=24299"},{"taxonomy":"product_cat","embeddable":true,"href":"https:\/\/sakaba.mghosteur.com\/en\/wp-json\/wp\/v2\/product_cat?post=24299"},{"taxonomy":"product_tag","embeddable":true,"href":"https:\/\/sakaba.mghosteur.com\/en\/wp-json\/wp\/v2\/product_tag?post=24299"}],"curies":[{"name":"wp","href":"https:\/\/api.w.org\/{rel}","templated":true}]}}