{"id":24304,"date":"2022-11-09T17:30:46","date_gmt":"2022-11-09T17:30:46","guid":{"rendered":"http:\/\/www.sakababeauty.com\/?post_type=product&#038;p=24304"},"modified":"2024-09-02T04:40:21","modified_gmt":"2024-09-02T04:40:21","slug":"neutrogena-soothing-clear-turmeric-oil-free-gel-moisturizer","status":"publish","type":"product","link":"https:\/\/sakaba.mghosteur.com\/en\/product\/neutrogena-soothing-clear-turmeric-oil-free-gel-moisturizer\/","title":{"rendered":"Neutrogena Soothing Clear Turmeric oil-free gel moisturizer"},"content":{"rendered":"<div class=\"group w-full text-gray-800 dark:text-gray-100 border-b border-black\/10 dark:border-gray-900\/50 bg-gray-50 dark:bg-[#444654]\">\n<div class=\"flex p-4 gap-4 text-base md:gap-6 md:max-w-2xl lg:max-w-xl xl:max-w-3xl md:py-6 lg:px-0 m-auto\">\n<div class=\"relative flex flex-col w-[calc(100%-50px)] gap-1 md:gap-3 lg:w-[calc(100%-115px)]\">\n<div class=\"flex flex-grow flex-col gap-3\">\n<div class=\"min-h-[20px] flex flex-col items-start gap-4 whitespace-pre-wrap break-words\">\n<div class=\"markdown prose w-full break-words dark:prose-invert light\">\n<p>Offrez \u00e0 votre peau une hydratation et une sensation de confort avec l&#8217;hydratant pour le visage au gel de curcuma apaisant et nourrissant de Neutrogena. Ce gel hydratant pour le visage est sp\u00e9cialement con\u00e7u pour les peaux mixtes, d\u00e9shydrat\u00e9es ou \u00e0 tendance acn\u00e9ique. Il est formul\u00e9 avec du curcuma, reconnu pour ses propri\u00e9t\u00e9s apaisantes et riches en antioxydants. Ce gel hydratant doux est absorb\u00e9 rapidement pour nourrir et apaiser votre peau, tout en laissant une apparence saine. La formule l\u00e9g\u00e8re, non grasse, non com\u00e9dog\u00e8ne et non collante ne laisse aucun r\u00e9sidu sur la peau. Sans paraben, huile min\u00e9rale, sulfate ou silicone, il est \u00e9galement non test\u00e9 sur les animaux. Utilisez ce gel hydratant apaisant pour le visage de Neutrogena matin et soir, ou avant de vous maquiller, pour une peau hydrat\u00e9e et apais\u00e9e tout au long de la journ\u00e9e.<\/p>\n<\/div>\n<\/div>\n<\/div>\n<\/div>\n<\/div>\n<\/div>","protected":false},"excerpt":{"rendered":"<p>Offrez \u00e0 votre peau une hydratation et une sensation de confort avec l&#8217;hydratant pour le visage au gel de curcuma apaisant et nourrissant de Neutrogena. Ce gel hydratant pour le visage est sp\u00e9cialement con\u00e7u pour les peaux mixtes, d\u00e9shydrat\u00e9es ou \u00e0 tendance acn\u00e9ique. Il est formul\u00e9 avec du curcuma, reconnu pour ses propri\u00e9t\u00e9s apaisantes et<span class=\"read-more-faq\"><a href=\"https:\/\/sakaba.mghosteur.com\/en\/product\/neutrogena-soothing-clear-turmeric-oil-free-gel-moisturizer\/\">Read More<\/a><\/span><\/p>","protected":false},"featured_media":0,"comment_status":"closed","ping_status":"closed","template":"","meta":[],"product_brand":[],"product_cat":[331,384,451],"product_tag":[],"class_list":{"0":"post-24304","1":"product","2":"type-product","3":"status-publish","5":"product_cat-hydratant-visage","6":"product_cat-peaux-grasses","7":"product_cat-aab-soin-du-visage","9":"first","10":"instock","11":"shipping-taxable","12":"product-type-simple"},"jetpack-related-posts":[{"id":30334,"url":"https:\/\/sakaba.mghosteur.com\/en\/product\/neutrogena-hydro-boost-water-gel-48g\/","url_meta":{"origin":24304,"position":0},"title":"NEUTROGENA HYDRO BOOST WATER GEL 48g","author":"admin","date":"May 8, 2023","format":false,"excerpt":"D\u00e9couvrez le Gel d'eau Hydro Boost \u00e0 l'acide hyaluronique de Neutrogena\u00ae, sp\u00e9cialement con\u00e7u pour r\u00e9pondre aux besoins de la peau s\u00e8che. Gr\u00e2ce \u00e0 sa formule prim\u00e9e, ce gel hydratant p\u00e9n\u00e8tre rapidement dans la peau pour offrir une hydratation intense et durable. Cette cr\u00e8me hydratante pour le visage est la plus\u2026","rel":"","context":"Similar post","block_context":{"text":"Similar post","link":""},"img":{"alt_text":"","src":"","width":0,"height":0},"classes":[]},{"id":25683,"url":"https:\/\/sakaba.mghosteur.com\/en\/product\/neutrogena-hydro-boost-body-gel-cream\/","url_meta":{"origin":24304,"position":1},"title":"NEUTROGENA Hydro Boost Body gel Cream","author":"admin","date":"November 17, 2022","format":false,"excerpt":"D\u00e9couvrez le Gel-Cr\u00e8me Hydro Boost Extra Dry de Neutrogena, l'hydratant id\u00e9al pour les peaux extra-s\u00e8ches. Sa formule l\u00e9g\u00e8re et non grasse contient de l'acide hyaluronique, un ingr\u00e9dient hydratant naturel, pour aider \u00e0 renforcer la barri\u00e8re d'hydratation de la peau et lui donner un aspect sain et \u00e9clatant. Cliniquement prouv\u00e9e pour\u2026","rel":"","context":"Similar post","block_context":{"text":"Similar post","link":""},"img":{"alt_text":"","src":"","width":0,"height":0},"classes":[]},{"id":24299,"url":"https:\/\/sakaba.mghosteur.com\/en\/product\/neutrogena-soothing-clear-mousse-cleanser-turmeric\/","url_meta":{"origin":24304,"position":2},"title":"Neutrogena Soothing Clear Mousse Cleanser-Turmeric","author":"admin","date":"November 9, 2022","format":false,"excerpt":"D\u00e9couvrez la mousse nettoyante apaisante au curcuma Neutrogena, sp\u00e9cialement formul\u00e9e pour nettoyer en douceur et apaiser les peaux stress\u00e9es sujettes aux taches. Enrichi en curcuma doux pour la peau, ce nettoyant mousse riche et coussin\u00e9 \u00e9limine efficacement la salet\u00e9, le s\u00e9bum et le maquillage qui obstruent les pores sans d\u00e9caper\u2026","rel":"","context":"Similar post","block_context":{"text":"Similar post","link":""},"img":{"alt_text":"","src":"","width":0,"height":0},"classes":[]},{"id":30266,"url":"https:\/\/sakaba.mghosteur.com\/en\/product\/neutragena-hydro-boost-water-gel-hyaluronic-acid\/","url_meta":{"origin":24304,"position":3},"title":"NEUTROGENA HYDRO BOOST WATER GEL HYALURONIC ACID","author":"admin","date":"May 5, 2023","format":false,"excerpt":"D\u00e9couvrez le Gel d'Eau Hydro Boost de Neutrogena, une solution r\u00e9volutionnaire pour les peaux s\u00e8ches en qu\u00eate d'hydratation. Gr\u00e2ce \u00e0 sa formule prim\u00e9e \u00e0 l'acide hyaluronique, ce gel hydratant p\u00e9n\u00e8tre rapidement comme un gel tout en offrant une hydratation intense et durable comme une cr\u00e8me. Cliniquement prouv\u00e9 pour renforcer la\u2026","rel":"","context":"Similar post","block_context":{"text":"Similar post","link":""},"img":{"alt_text":"","src":"","width":0,"height":0},"classes":[]},{"id":24017,"url":"https:\/\/sakaba.mghosteur.com\/en\/product\/neutrogene-hydro-boost-body-gel-cream\/","url_meta":{"origin":24304,"position":4},"title":"NEUTROGENA Hydro Boost Body gel Cream","author":"admin","date":"November 9, 2022","format":false,"excerpt":"Le Gel-cr\u00e8me corporel Hydro Boost de Neutrogena est un produit de soin du corps expert en hydratation, con\u00e7u pour apporter une expertise avanc\u00e9e en mati\u00e8re d'hydratation du visage aux soins du corps. Cette formule ultra-l\u00e9g\u00e8re et rafra\u00eechissante est aliment\u00e9e par de l'acide hyaluronique, capable de retenir jusqu'\u00e0 1000 fois son\u2026","rel":"","context":"Similar post","block_context":{"text":"Similar post","link":""},"img":{"alt_text":"","src":"","width":0,"height":0},"classes":[]},{"id":25540,"url":"https:\/\/sakaba.mghosteur.com\/en\/product\/eucerin-skin-calming-body-wash\/","url_meta":{"origin":24304,"position":5},"title":"EUCERIN SKIN CALMING BODY WASH","author":"admin","date":"November 14, 2022","format":false,"excerpt":"Le gel douche apaisant pour la peau d\u2019Eucerin nettoie et apaise la peau s\u00e8che et qui d\u00e9mange. Sa formule sans savon nettoie en douceur sans dess\u00e9cher la peau afin de ne pas l\u2019irriter. Ce gel douche doux aide \u00e0 conserver l\u2019hydratation essentielle de la peau et est formul\u00e9 avec des\u2026","rel":"","context":"Similar post","block_context":{"text":"Similar post","link":""},"img":{"alt_text":"","src":"","width":0,"height":0},"classes":[]}],"_links":{"self":[{"href":"https:\/\/sakaba.mghosteur.com\/en\/wp-json\/wp\/v2\/product\/24304","targetHints":{"allow":["GET"]}}],"collection":[{"href":"https:\/\/sakaba.mghosteur.com\/en\/wp-json\/wp\/v2\/product"}],"about":[{"href":"https:\/\/sakaba.mghosteur.com\/en\/wp-json\/wp\/v2\/types\/product"}],"replies":[{"embeddable":true,"href":"https:\/\/sakaba.mghosteur.com\/en\/wp-json\/wp\/v2\/comments?post=24304"}],"version-history":[{"count":0,"href":"https:\/\/sakaba.mghosteur.com\/en\/wp-json\/wp\/v2\/product\/24304\/revisions"}],"wp:attachment":[{"href":"https:\/\/sakaba.mghosteur.com\/en\/wp-json\/wp\/v2\/media?parent=24304"}],"wp:term":[{"taxonomy":"product_brand","embeddable":true,"href":"https:\/\/sakaba.mghosteur.com\/en\/wp-json\/wp\/v2\/product_brand?post=24304"},{"taxonomy":"product_cat","embeddable":true,"href":"https:\/\/sakaba.mghosteur.com\/en\/wp-json\/wp\/v2\/product_cat?post=24304"},{"taxonomy":"product_tag","embeddable":true,"href":"https:\/\/sakaba.mghosteur.com\/en\/wp-json\/wp\/v2\/product_tag?post=24304"}],"curies":[{"name":"wp","href":"https:\/\/api.w.org\/{rel}","templated":true}]}}