{"id":24306,"date":"2022-11-09T17:31:45","date_gmt":"2022-11-09T17:31:45","guid":{"rendered":"http:\/\/www.sakababeauty.com\/?post_type=product&#038;p=24306"},"modified":"2024-09-02T04:21:14","modified_gmt":"2024-09-02T04:21:14","slug":"neutrogena-visibly-even-daily-moisturerizer","status":"publish","type":"product","link":"https:\/\/sakaba.mghosteur.com\/en\/product\/neutrogena-visibly-even-daily-moisturerizer\/","title":{"rendered":"Neutrogena visibly even daily moisturizer"},"content":{"rendered":"<p><span style=\"vertical-align: inherit\"><span style=\"vertical-align: inherit\">D\u00e9couvrez l&#8217;hydratant quotidien Visibly Even\u00ae de Neutrogena, un produit complet pour le visage qui aide \u00e0 \u00e9claircir, tonifier et prot\u00e9ger votre peau contre les rayons UV vieillissants pour un teint plus \u00e9clatant. <\/span><span style=\"vertical-align: inherit\">Sa formule douce pour les peaux sensibles du soja essentiel contient un \u00e9claircissant naturel pour la peau, qui r\u00e9duit visiblement les taches et la d\u00e9coloration, tout en minimisant l&#8217;apparence des taches brunes. <\/span><span style=\"vertical-align: inherit\">Gr\u00e2ce \u00e0 la technologie de protection solaire avanc\u00e9e Helioplex, cet hydratant offre une protection SPF 30 \u00e0 large spectre contre les rayons UVA et UVB, aidant \u00e0 pr\u00e9venir les signes pr\u00e9matur\u00e9s du vieillissement et la d\u00e9coloration future caus\u00e9s par le soleil. <\/span><span style=\"vertical-align: inherit\">Cette lotion pour le visage est hypoallerg\u00e9nique, non com\u00e9dog\u00e8ne et ne bouche pas les pores.<\/span><\/span><\/p>","protected":false},"excerpt":{"rendered":"<p>D\u00e9couvrez l&#8217;hydratant quotidien Visibly Even\u00ae de Neutrogena, un produit complet pour le visage qui aide \u00e0 \u00e9claircir, tonifier et prot\u00e9ger votre peau contre les rayons UV vieillissants pour un teint plus \u00e9clatant. Sa formule douce pour les peaux sensibles du soja essentiel contient un \u00e9claircissant naturel pour la peau, qui r\u00e9duit visiblement les taches et<span class=\"read-more-faq\"><a href=\"https:\/\/sakaba.mghosteur.com\/en\/product\/neutrogena-visibly-even-daily-moisturerizer\/\">Read More<\/a><\/span><\/p>","protected":false},"featured_media":0,"comment_status":"closed","ping_status":"closed","template":"","meta":[],"product_brand":[],"product_cat":[331,451],"product_tag":[],"class_list":{"0":"post-24306","1":"product","2":"type-product","3":"status-publish","5":"product_cat-hydratant-visage","6":"product_cat-aab-soin-du-visage","8":"first","9":"instock","10":"shipping-taxable","11":"product-type-simple"},"jetpack-related-posts":[{"id":25576,"url":"https:\/\/sakaba.mghosteur.com\/en\/product\/neutrogena-beach-defense-water-sun-protection\/","url_meta":{"origin":24306,"position":0},"title":"NEUTROGENA BEACH DEFENSE WATER +sun protection","author":"admin","date":"November 14, 2022","format":false,"excerpt":"La lotion Beach Defense de Neutrogena est un \u00e9cran solaire SPF 70 \u00e0 large spectre, parfait pour prot\u00e9ger votre peau pendant les journ\u00e9es ensoleill\u00e9es \u00e0 la plage. Cette lotion l\u00e9g\u00e8re et r\u00e9sistante \u00e0 l'eau pendant 80 minutes est formul\u00e9e sans huile ni PABA, ce qui la rend facile \u00e0 appliquer\u2026","rel":"","context":"Similar post","block_context":{"text":"Similar post","link":""},"img":{"alt_text":"","src":"","width":0,"height":0},"classes":[]},{"id":26972,"url":"https:\/\/sakaba.mghosteur.com\/en\/product\/exaglow-serum-5tranexamic-acid\/","url_meta":{"origin":24306,"position":1},"title":"FACETHEO S\u00e9rum Exaglow S10 5% acide tranexamique","author":"admin","date":"November 28, 2022","format":false,"excerpt":"D\u00e9couvrez le s\u00e9rum Exaglow S10 de FACETHEORY, un s\u00e9rum \u00e9claircissant qui utilise des actifs cl\u00e9s pour un maximum de r\u00e9sultats. Formul\u00e9 avec de l'acide tranexamique, de la vitamine C et de la r\u00e9glisse, ce s\u00e9rum est con\u00e7u pour \u00e9claircir les taches brunes et la pigmentation, ainsi que pour lisser les\u2026","rel":"","context":"Similar post","block_context":{"text":"Similar post","link":""},"img":{"alt_text":"","src":"","width":0,"height":0},"classes":[]},{"id":26244,"url":"https:\/\/sakaba.mghosteur.com\/en\/product\/lighten-up-plus-lightening-body-lotion\/","url_meta":{"origin":24306,"position":2},"title":"LIGHTEN UP PLUS LIGHTENING BODY LOTION","author":"admin","date":"November 24, 2022","format":false,"excerpt":"Lighten Up PLUS Lightening Body Lotion est le produit parfait pour ceux qui cherchent \u00e0 uniformiser leur teint et \u00e0 \u00e9claircir leur peau en seulement 7 jours. Cette luxueuse lotion pour le corps hydrate en profondeur la peau tout en la clarifiant et en r\u00e9duisant les taches brunes. Elle contient\u2026","rel":"","context":"Similar post","block_context":{"text":"Similar post","link":""},"img":{"alt_text":"","src":"","width":0,"height":0},"classes":[]},{"id":25583,"url":"https:\/\/sakaba.mghosteur.com\/en\/product\/neutrogena-hydro-boost-water-gel-30-lotion-sunscreen\/","url_meta":{"origin":24306,"position":3},"title":"NEUTROGENA HYDRO BOOST WATER GEL 30 LOTION SUNSCREEN","author":"admin","date":"November 14, 2022","format":false,"excerpt":"La lotion Neutrogena Hydro Boost Water Gel avec FPS 30 est un \u00e9cran solaire haute performance qui offre une protection UVA\/UVB \u00e0 large spectre tout en hydratant votre peau en profondeur. Sa formule r\u00e9volutionnaire d\u00e9salt\u00e8re votre peau et la garde en bonne sant\u00e9 tout en vous prot\u00e9geant du soleil. Cette\u2026","rel":"","context":"Similar post","block_context":{"text":"Similar post","link":""},"img":{"alt_text":"","src":"","width":0,"height":0},"classes":[]},{"id":31816,"url":"https:\/\/sakaba.mghosteur.com\/en\/product\/anua-niacinamide-10-txa-4-dark-spot-30ml\/","url_meta":{"origin":24306,"position":4},"title":"ANUA NIACINAMIDE 10% +TXA 4% DARK SPOT 30ML","author":"admin","date":"May 10, 2024","format":false,"excerpt":"Anua Niacinamide 10% + TXA 4% Dark Spot 30ML est un s\u00e9rum qui contient 10% de niacinamide et 4% d'acide tranexamique pour aider \u00e0 r\u00e9duire la d\u00e9coloration et cibler les taches brunes tenaces et l'hyperpigmentation. Il contient \u00e9galement 2% d'arbutine pour aider \u00e0 corriger le teint irr\u00e9gulier en limitant la\u2026","rel":"","context":"Similar post","block_context":{"text":"Similar post","link":""},"img":{"alt_text":"","src":"","width":0,"height":0},"classes":[]},{"id":25571,"url":"https:\/\/sakaba.mghosteur.com\/en\/product\/neutrogena-beach-defense-70\/","url_meta":{"origin":24306,"position":5},"title":"Neutrogena Beach Defense 70","author":"admin","date":"November 14, 2022","format":false,"excerpt":"Le spray solaire Beach Defense\u00ae Water + Sun Protection SPF 70 de Neutrogena est le choix parfait pour profiter d'une journ\u00e9e \u00e0 la plage tout en restant prot\u00e9g\u00e9 contre les dommages caus\u00e9s par le soleil. Cette brume l\u00e9g\u00e8re \u00e0 absorption rapide offre une protection solaire UVA\/UVB \u00e0 large spectre pour\u2026","rel":"","context":"Similar post","block_context":{"text":"Similar post","link":""},"img":{"alt_text":"","src":"","width":0,"height":0},"classes":[]}],"_links":{"self":[{"href":"https:\/\/sakaba.mghosteur.com\/en\/wp-json\/wp\/v2\/product\/24306","targetHints":{"allow":["GET"]}}],"collection":[{"href":"https:\/\/sakaba.mghosteur.com\/en\/wp-json\/wp\/v2\/product"}],"about":[{"href":"https:\/\/sakaba.mghosteur.com\/en\/wp-json\/wp\/v2\/types\/product"}],"replies":[{"embeddable":true,"href":"https:\/\/sakaba.mghosteur.com\/en\/wp-json\/wp\/v2\/comments?post=24306"}],"version-history":[{"count":0,"href":"https:\/\/sakaba.mghosteur.com\/en\/wp-json\/wp\/v2\/product\/24306\/revisions"}],"wp:attachment":[{"href":"https:\/\/sakaba.mghosteur.com\/en\/wp-json\/wp\/v2\/media?parent=24306"}],"wp:term":[{"taxonomy":"product_brand","embeddable":true,"href":"https:\/\/sakaba.mghosteur.com\/en\/wp-json\/wp\/v2\/product_brand?post=24306"},{"taxonomy":"product_cat","embeddable":true,"href":"https:\/\/sakaba.mghosteur.com\/en\/wp-json\/wp\/v2\/product_cat?post=24306"},{"taxonomy":"product_tag","embeddable":true,"href":"https:\/\/sakaba.mghosteur.com\/en\/wp-json\/wp\/v2\/product_tag?post=24306"}],"curies":[{"name":"wp","href":"https:\/\/api.w.org\/{rel}","templated":true}]}}