{"id":24310,"date":"2022-11-10T10:52:45","date_gmt":"2022-11-10T10:52:45","guid":{"rendered":"http:\/\/www.sakababeauty.com\/?post_type=product&#038;p=24310"},"modified":"2022-11-10T10:52:46","modified_gmt":"2022-11-10T10:52:46","slug":"eylure-london-promagnetic-10-magnets","status":"publish","type":"product","link":"https:\/\/sakaba.mghosteur.com\/en\/product\/eylure-london-promagnetic-10-magnets\/","title":{"rendered":"EYLURE LONDON PROMAGNETIC 10 MAGNETS"},"content":{"rendered":"","protected":false},"excerpt":{"rendered":"","protected":false},"featured_media":0,"comment_status":"closed","ping_status":"closed","template":"","meta":[],"product_brand":[],"product_cat":[297],"product_tag":[],"class_list":{"0":"post-24310","1":"product","2":"type-product","3":"status-publish","5":"product_cat-yeux","7":"first","8":"instock","9":"shipping-taxable","10":"product-type-simple"},"jetpack-related-posts":[{"id":24485,"url":"https:\/\/sakaba.mghosteur.com\/en\/product\/revolution-makeup-london-vintage-lace\/","url_meta":{"origin":24310,"position":0},"title":"REVOLUTION MAKEUP LONDON VINTAGE LACE","author":"admin","date":"November 10, 2022","format":false,"excerpt":"","rel":"","context":"Similar post","block_context":{"text":"Similar post","link":""},"img":{"alt_text":"","src":"","width":0,"height":0},"classes":[]},{"id":34670,"url":"https:\/\/sakaba.mghosteur.com\/en\/product\/fenty-trio-conceal-contour-highlight-deep\/","url_meta":{"origin":24310,"position":1},"title":"FENTY TRIO CONCEAL ,CONTOUR ,HIGHLIGHT DEEP","author":"admin","date":"May 30, 2024","format":false,"excerpt":"Un trio magn\u00e9tis\u00e9 de b\u00e2tons de maquillage longue tenue, l\u00e9gers comme l'air, s\u00e9lectionn\u00e9s en fonction du teint, avec deux Match Stix MATTE Skinsticks pour dissimuler et contourner, et un Match Stix SHIMMER Skinstick pour mettre en valeur. Avec les Match Stix Trios, faites passer votre teint au niveau sup\u00e9rieur sans\u2026","rel":"","context":"Similar post","block_context":{"text":"Similar post","link":""},"img":{"alt_text":"","src":"","width":0,"height":0},"classes":[]},{"id":27465,"url":"https:\/\/sakaba.mghosteur.com\/en\/product\/the-ordinary-argireline-solution-10\/","url_meta":{"origin":24310,"position":2},"title":"THE ORDINARY ARGIRELINE SOLUTION 10%","author":"admin","date":"November 29, 2022","format":false,"excerpt":"The Ordinary Argireline Solution 10% est un s\u00e9rum con\u00e7u pour r\u00e9duire l'apparence des rides et ridules. Il contient 10 % d'argireline, un peptide qui d\u00e9tend les muscles du visage et lisse la peau. Le s\u00e9rum est l\u00e9ger et glisse sans effort sur la peau. Il emp\u00eache \u00e9galement activement les contractions\u2026","rel":"","context":"Similar post","block_context":{"text":"Similar post","link":""},"img":{"alt_text":"","src":"","width":0,"height":0},"classes":[]},{"id":26862,"url":"https:\/\/sakaba.mghosteur.com\/en\/product\/paula-choice-10-niacinamide-booster\/","url_meta":{"origin":24310,"position":3},"title":"PAULA  CHOICE 10% NIACINAMIDE BOOSTER","author":"admin","date":"November 28, 2022","format":false,"excerpt":"Le 10% Niacinamide Booster de Paula's Choice est un s\u00e9rum concentr\u00e9 qui am\u00e9liore la texture de la peau, affine la taille des pores et r\u00e9duit les ridules. Ce produit contient 10% de niacinamide (vitamine B3) qui favorise une apparence plus lumineuse et plus jeune de la peau. La formule est\u2026","rel":"","context":"Similar post","block_context":{"text":"Similar post","link":""},"img":{"alt_text":"","src":"","width":0,"height":0},"classes":[]},{"id":26203,"url":"https:\/\/sakaba.mghosteur.com\/en\/product\/azelaic-topical-acid-10\/","url_meta":{"origin":24310,"position":4},"title":"AZELAIC TOPICAL ACID 10%","author":"admin","date":"November 24, 2022","format":false,"excerpt":"","rel":"","context":"Similar post","block_context":{"text":"Similar post","link":""},"img":{"alt_text":"","src":"","width":0,"height":0},"classes":[]},{"id":26334,"url":"https:\/\/sakaba.mghosteur.com\/en\/product\/glycolic-acid-resurfacing-gel-10\/","url_meta":{"origin":24310,"position":5},"title":"GLYCOLIC ACID RESURFACING GEL 10%","author":"admin","date":"November 24, 2022","format":false,"excerpt":"","rel":"","context":"Similar post","block_context":{"text":"Similar post","link":""},"img":{"alt_text":"","src":"","width":0,"height":0},"classes":[]}],"_links":{"self":[{"href":"https:\/\/sakaba.mghosteur.com\/en\/wp-json\/wp\/v2\/product\/24310","targetHints":{"allow":["GET"]}}],"collection":[{"href":"https:\/\/sakaba.mghosteur.com\/en\/wp-json\/wp\/v2\/product"}],"about":[{"href":"https:\/\/sakaba.mghosteur.com\/en\/wp-json\/wp\/v2\/types\/product"}],"replies":[{"embeddable":true,"href":"https:\/\/sakaba.mghosteur.com\/en\/wp-json\/wp\/v2\/comments?post=24310"}],"version-history":[{"count":0,"href":"https:\/\/sakaba.mghosteur.com\/en\/wp-json\/wp\/v2\/product\/24310\/revisions"}],"wp:attachment":[{"href":"https:\/\/sakaba.mghosteur.com\/en\/wp-json\/wp\/v2\/media?parent=24310"}],"wp:term":[{"taxonomy":"product_brand","embeddable":true,"href":"https:\/\/sakaba.mghosteur.com\/en\/wp-json\/wp\/v2\/product_brand?post=24310"},{"taxonomy":"product_cat","embeddable":true,"href":"https:\/\/sakaba.mghosteur.com\/en\/wp-json\/wp\/v2\/product_cat?post=24310"},{"taxonomy":"product_tag","embeddable":true,"href":"https:\/\/sakaba.mghosteur.com\/en\/wp-json\/wp\/v2\/product_tag?post=24310"}],"curies":[{"name":"wp","href":"https:\/\/api.w.org\/{rel}","templated":true}]}}