{"id":24312,"date":"2022-11-10T10:41:05","date_gmt":"2022-11-10T10:41:05","guid":{"rendered":"http:\/\/www.sakababeauty.com\/?post_type=product&#038;p=24312"},"modified":"2024-09-02T04:37:35","modified_gmt":"2024-09-02T04:37:35","slug":"neutrogena-rapid-tone-repair-brightening-20-vitamin-c-serum-capsules","status":"publish","type":"product","link":"https:\/\/sakaba.mghosteur.com\/en\/product\/neutrogena-rapid-tone-repair-brightening-20-vitamin-c-serum-capsules\/","title":{"rendered":"Neutrogena Rapid Tone Repair Brightening 20% Vitamin C Serum Capsules"},"content":{"rendered":"","protected":false},"excerpt":{"rendered":"","protected":false},"featured_media":0,"comment_status":"closed","ping_status":"closed","template":"","meta":[],"product_brand":[],"product_cat":[1095,293,451,334],"product_tag":[],"class_list":{"0":"post-24312","1":"product","2":"type-product","3":"status-publish","5":"product_cat-anti-age","6":"product_cat-anti-taches","7":"product_cat-aab-soin-du-visage","8":"product_cat-traitement-serum","10":"first","11":"instock","12":"shipping-taxable","13":"product-type-simple"},"jetpack-related-posts":[{"id":30367,"url":"https:\/\/sakaba.mghosteur.com\/en\/product\/neutrogena-rapid-tone-repair-200-vitamin-c-serum\/","url_meta":{"origin":24312,"position":0},"title":"Neutrogena Rapid Tone Repair Brightening 20% Vitamin C Serum Capsules","author":"admin","date":"May 9, 2023","format":false,"excerpt":"Obtenez une peau plus jeune et plus \u00e9clatante en une semaine avec les capsules de s\u00e9rum \u00e0 la vitamine C Rapid Tone Repair de Neutrogena. Chaque capsule biod\u00e9gradable contient 20 % de vitamine C pure pour r\u00e9duire visiblement les taches brunes et les signes du vieillissement cutan\u00e9. Ce s\u00e9rum lissant\u2026","rel":"","context":"Similar post","block_context":{"text":"Similar post","link":""},"img":{"alt_text":"","src":"","width":0,"height":0},"classes":[]},{"id":28864,"url":"https:\/\/sakaba.mghosteur.com\/en\/product\/hyper-even-for-brightening-dark-spot-and-discolora\/","url_meta":{"origin":24312,"position":1},"title":"HYPER EVEN FOR BRIGHTENING DARK SPOT AND DISCOLORANTION","author":"admin","date":"March 6, 2023","format":false,"excerpt":"Dites adieu aux taches brunes tenaces et bonjour \u00e0 une peau uniforme et \u00e9clatante avec le s\u00e9rum Hyper Brightening \u00e0 la Vitamine C pour les Taches Sombres de HYPER EVEN. Cette formule intensive est con\u00e7ue pour combattre efficacement l'hyperpigmentation et les signes du vieillissement. Notre ingr\u00e9dient phare, la vitamine C\u2026","rel":"","context":"Similar post","block_context":{"text":"Similar post","link":""},"img":{"alt_text":"","src":"","width":0,"height":0},"classes":[]},{"id":31836,"url":"https:\/\/sakaba.mghosteur.com\/en\/product\/olay-tone-serum-max-b3-2x-viamin-c\/","url_meta":{"origin":24312,"position":2},"title":"OLAY TONE SERUM MAX B3+ 2X VIAMIN C","author":"admin","date":"May 10, 2024","format":false,"excerpt":"Lib\u00e9rez votre \u00e9clat int\u00e9rieur avec le s\u00e9rum tonifiant Regenerist MAX d'OLAY, formul\u00e9 avec 2 fois plus de vitamine C. Ce s\u00e9rum l\u00e9ger p\u00e9n\u00e8tre la surface de votre peau pour att\u00e9nuer visiblement les taches et uniformiser l'apparence du teint. \u00c9labor\u00e9e avec une concentration maximale de complexe \u00e9nergisant pour la peau avec\u2026","rel":"","context":"Similar post","block_context":{"text":"Similar post","link":""},"img":{"alt_text":"","src":"","width":0,"height":0},"classes":[]},{"id":27870,"url":"https:\/\/sakaba.mghosteur.com\/en\/product\/truskin-vitamin-c-brightening-serum\/","url_meta":{"origin":24312,"position":3},"title":"TRUSKIN VITAMIN C BRIGHTENING SERUM","author":"admin","date":"November 29, 2022","format":false,"excerpt":"","rel":"","context":"Similar post","block_context":{"text":"Similar post","link":""},"img":{"alt_text":"","src":"","width":0,"height":0},"classes":[]},{"id":27035,"url":"https:\/\/sakaba.mghosteur.com\/en\/product\/hyper-clear-brightening-clearing-vitamin-c-serum\/","url_meta":{"origin":24312,"position":4},"title":"HYPER CLEAR BRIGHTENING CLEARING VITAMIN C SERUM","author":"admin","date":"November 28, 2022","format":false,"excerpt":"","rel":"","context":"Similar post","block_context":{"text":"Similar post","link":""},"img":{"alt_text":"","src":"","width":0,"height":0},"classes":[]},{"id":31523,"url":"https:\/\/sakaba.mghosteur.com\/en\/product\/vaseline-daily-brightening-even-tone-lotion-200ml\/","url_meta":{"origin":24312,"position":5},"title":"VASELINE DAILY BRIGHTENING EVEN TONE LOTION 200ML","author":"admin","date":"May 10, 2024","format":false,"excerpt":"VASELINE DAILY BRIGHTENING LOTION D\u00e9tails La lotion Vaseline Healthy Bright est reconnue comme l'une des meilleures lotions \u00e9claircissantes pour la peau, aidant \u00e0 soigner* la peau s\u00e8che et endommag\u00e9e tout en restaurant naturellement son \u00e9clat en seulement 2 semaines. Avantages Obtenez une peau radieuse en seulement 2 semaines. Une lotion\u2026","rel":"","context":"Similar post","block_context":{"text":"Similar post","link":""},"img":{"alt_text":"","src":"","width":0,"height":0},"classes":[]}],"_links":{"self":[{"href":"https:\/\/sakaba.mghosteur.com\/en\/wp-json\/wp\/v2\/product\/24312","targetHints":{"allow":["GET"]}}],"collection":[{"href":"https:\/\/sakaba.mghosteur.com\/en\/wp-json\/wp\/v2\/product"}],"about":[{"href":"https:\/\/sakaba.mghosteur.com\/en\/wp-json\/wp\/v2\/types\/product"}],"replies":[{"embeddable":true,"href":"https:\/\/sakaba.mghosteur.com\/en\/wp-json\/wp\/v2\/comments?post=24312"}],"version-history":[{"count":0,"href":"https:\/\/sakaba.mghosteur.com\/en\/wp-json\/wp\/v2\/product\/24312\/revisions"}],"wp:attachment":[{"href":"https:\/\/sakaba.mghosteur.com\/en\/wp-json\/wp\/v2\/media?parent=24312"}],"wp:term":[{"taxonomy":"product_brand","embeddable":true,"href":"https:\/\/sakaba.mghosteur.com\/en\/wp-json\/wp\/v2\/product_brand?post=24312"},{"taxonomy":"product_cat","embeddable":true,"href":"https:\/\/sakaba.mghosteur.com\/en\/wp-json\/wp\/v2\/product_cat?post=24312"},{"taxonomy":"product_tag","embeddable":true,"href":"https:\/\/sakaba.mghosteur.com\/en\/wp-json\/wp\/v2\/product_tag?post=24312"}],"curies":[{"name":"wp","href":"https:\/\/api.w.org\/{rel}","templated":true}]}}