{"id":24352,"date":"2022-11-10T10:44:52","date_gmt":"2022-11-10T10:44:52","guid":{"rendered":"http:\/\/www.sakababeauty.com\/?post_type=product&#038;p=24352"},"modified":"2024-09-02T04:30:50","modified_gmt":"2024-09-02T04:30:50","slug":"neutrogena-rapid-clear-acne-eliminating-spot-gel","status":"publish","type":"product","link":"https:\/\/sakaba.mghosteur.com\/en\/product\/neutrogena-rapid-clear-acne-eliminating-spot-gel\/","title":{"rendered":"NEUTROGENA RAPID CLEAR ACNE ELIMINATING SPOT GEL"},"content":{"rendered":"<p><span style=\"vertical-align: inherit\"><span style=\"vertical-align: inherit\"><span style=\"vertical-align: inherit\"><span style=\"vertical-align: inherit\">D\u00e9couvrez le traitement rapide et transparent de l&#8217;acn\u00e9 \u00e0 l&#8217;acide salicylique avec hamam\u00e9lis de la marque Neutrogena. <\/span><\/span><\/span><span style=\"vertical-align: inherit\"><span style=\"vertical-align: inherit\"><span style=\"vertical-align: inherit\">Ce gel contre l&#8217;acn\u00e9 est l&#8217;ajout parfait \u00e0 votre routine de soins de la peau pour pr\u00e9venir et traiter les boutons. <\/span><\/span><\/span><span style=\"vertical-align: inherit\"><span style=\"vertical-align: inherit\"><span style=\"vertical-align: inherit\">Con\u00e7u pour les peaux sujettes \u00e0 l&#8217;acn\u00e9, il \u00e9limine rapidement les \u00e9ruptions cutan\u00e9es et emp\u00eache la formation de nouvelles avant m\u00eame qu&#8217;elles ne deviennent visibles. <\/span><\/span><\/span><span style=\"vertical-align: inherit\"><span style=\"vertical-align: inherit\"><span style=\"vertical-align: inherit\">Ce traitement contre l&#8217;acn\u00e9 de l&#8217;hamam\u00e9lis, un ingr\u00e9dient naturel reconnu pour ses propri\u00e9t\u00e9s apaisantes pour la peau, ainsi que du MicroClear\u00ae, une technologie scientifiquement prouv\u00e9e qui administre l&#8217;acide salicylique jusqu&#8217;\u00e0 la source de l&#8217;acn\u00e9.<\/span><\/span><\/span><\/span><\/p>\n<p><span style=\"vertical-align: inherit\"><span style=\"vertical-align: inherit\"><span style=\"vertical-align: inherit\"><span style=\"vertical-align: inherit\">Ce traitement de l&#8217;acn\u00e9 \u00e0 l&#8217;acide salicylique \u00e0 2% est non com\u00e9dog\u00e8ne, ce qui signifie qu&#8217;il ne bouche pas les pores de votre peau. <\/span><\/span><\/span><span style=\"vertical-align: inherit\"><span style=\"vertical-align: inherit\"><span style=\"vertical-align: inherit\">Pour une utilisation optimale, vous devez bien nettoyer votre peau avant d&#8217;appliquer le produit. <\/span><\/span><\/span><span style=\"vertical-align: inherit\"><span style=\"vertical-align: inherit\"><span style=\"vertical-align: inherit\">Couvrez toute la zone touch\u00e9e avec une fine couche 1 \u00e0 3 fois par jour. <\/span><\/span><\/span><span style=\"vertical-align: inherit\"><span style=\"vertical-align: inherit\"><span style=\"vertical-align: inherit\">Nous vous recommandons de commencer par une application par jour pour \u00e9viter tout dess\u00e8chement excessif de la peau, puis d&#8217;augmenter progressivement jusqu&#8217;\u00e0 deux ou trois fois par jour si n\u00e9cessaire ou selon les directives d&#8217;un m\u00e9decin. <\/span><\/span><\/span><span style=\"vertical-align: inherit\"><span style=\"vertical-align: inherit\"><span style=\"vertical-align: inherit\">Si vous ressentez une s\u00e9cheresse ou une desquamation g\u00eanante, r\u00e9duisez l&#8217;application \u00e0 une fois par jour ou tous les deux jours.<\/span><\/span><\/span><\/span><\/p>\n<p><span style=\"vertical-align: inherit\"><span style=\"vertical-align: inherit\"><span style=\"vertical-align: inherit\"><span style=\"vertical-align: inherit\">Optez pour le traitement de l&#8217;acn\u00e9 \u00e0 l&#8217;acide salicylique avec hamam\u00e9lis de Neutrogena pour une peau plus saine et plus belle.<\/span><\/span><\/span><\/span><\/p>","protected":false},"excerpt":{"rendered":"<p>D\u00e9couvrez le traitement rapide et transparent de l&#8217;acn\u00e9 \u00e0 l&#8217;acide salicylique avec hamam\u00e9lis de la marque Neutrogena. Ce gel contre l&#8217;acn\u00e9 est l&#8217;ajout parfait \u00e0 votre routine de soins de la peau pour pr\u00e9venir et traiter les boutons. Con\u00e7u pour les peaux sujettes \u00e0 l&#8217;acn\u00e9, il \u00e9limine rapidement les \u00e9ruptions cutan\u00e9es et emp\u00eache la formation<span class=\"read-more-faq\"><a href=\"https:\/\/sakaba.mghosteur.com\/en\/product\/neutrogena-rapid-clear-acne-eliminating-spot-gel\/\">Read More<\/a><\/span><\/p>","protected":false},"featured_media":0,"comment_status":"closed","ping_status":"closed","template":"","meta":[],"product_brand":[],"product_cat":[294,451,334],"product_tag":[],"class_list":{"0":"post-24352","1":"product","2":"type-product","3":"status-publish","5":"product_cat-acne","6":"product_cat-aab-soin-du-visage","7":"product_cat-traitement-serum","9":"first","10":"instock","11":"shipping-taxable","12":"product-type-simple"},"jetpack-related-posts":[{"id":30347,"url":"https:\/\/sakaba.mghosteur.com\/en\/product\/neutrogena-oil-free-acne-wash-scrub\/","url_meta":{"origin":24352,"position":0},"title":"NEUTROGENA OIL FREE ACNE WASH SCRUB","author":"admin","date":"May 8, 2023","format":false,"excerpt":"Le Nettoyant Moussant pour le Visage Anti-acn\u00e9 Neutrogena au Pamplemousse Rose est un gommage facial moussant con\u00e7u pour aider \u00e0 traiter les \u00e9ruptions cutan\u00e9es tout en exfoliant en douceur votre peau. Il est formul\u00e9 avec une technologie MicroClear et un m\u00e9dicament contre l'acn\u00e9 \u00e0 l'acide salicylique de force maximale pour\u2026","rel":"","context":"Similar post","block_context":{"text":"Similar post","link":""},"img":{"alt_text":"","src":"","width":0,"height":0},"classes":[]},{"id":24287,"url":"https:\/\/sakaba.mghosteur.com\/en\/product\/neutrogena-oil-free-acne-moisturizer-pink-grapefruit\/","url_meta":{"origin":24352,"position":1},"title":"Neutrogena Oil-Free Acne Moisturizer pink grapefruit","author":"admin","date":"November 9, 2022","format":false,"excerpt":"Description du produit : L'hydratant pour le visage contre l'acn\u00e9 au pamplemousse rose de la marque NEUTROGENA est un produit l\u00e9ger et non com\u00e9dog\u00e8ne qui hydrate et combat les \u00e9ruptions cutan\u00e9es pour obtenir une peau claire et douce. Sa formule sans huile et \u00e0 base d'acide salicylique aide \u00e0 \u00e9liminer\u2026","rel":"","context":"Similar post","block_context":{"text":"Similar post","link":""},"img":{"alt_text":"","src":"","width":0,"height":0},"classes":[]},{"id":24023,"url":"https:\/\/sakaba.mghosteur.com\/en\/product\/neutrogena-stubborn-acne-am\/","url_meta":{"origin":24352,"position":2},"title":"NEUTROGENA STUBBORN ACNE AM","author":"admin","date":"November 9, 2022","format":false,"excerpt":"Produit : Traitement de l'acn\u00e9 tenace le matin de la marque NEUTROGENA Description : Ce traitement anti-acn\u00e9 est con\u00e7u pour r\u00e9duire les boutons et les rougeurs en quelques heures seulement. Il est aliment\u00e9 par du peroxyde de benzoyle micronis\u00e9 \u00e0 2,5 %, recommand\u00e9 par les dermatologues pour p\u00e9n\u00e9trer efficacement dans\u2026","rel":"","context":"Similar post","block_context":{"text":"Similar post","link":""},"img":{"alt_text":"","src":"","width":0,"height":0},"classes":[]},{"id":24566,"url":"https:\/\/sakaba.mghosteur.com\/en\/product\/clean-clear-advantage-acne-spot-treatment\/","url_meta":{"origin":24352,"position":3},"title":"CLEAN &amp; CLEAR ADVANTAGE ACNE SPOT TREATMENT","author":"admin","date":"November 10, 2022","format":false,"excerpt":"Le traitement localis\u00e9 contre l'acn\u00e9 CLEAN and CLEAR ADVANTAGE agit rapidement pour r\u00e9duire les signes visibles de l'acn\u00e9. La taille des boutons, leur gonflement et leurs rougeurs sont r\u00e9duits. Ce traitement cutan\u00e9 est id\u00e9al pour les peaux normales, grasses et mixtes. Il a \u00e9t\u00e9 cliniquement prouv\u00e9 qu'il permet d'obtenir une\u2026","rel":"","context":"Similar post","block_context":{"text":"Similar post","link":""},"img":{"alt_text":"","src":"","width":0,"height":0},"classes":[]},{"id":26904,"url":"https:\/\/sakaba.mghosteur.com\/en\/product\/cosrx-acne-pimple-master-patch\/","url_meta":{"origin":24352,"position":4},"title":"COSRX ACNE PIMPLE MASTER PATCH","author":"admin","date":"November 28, 2022","format":false,"excerpt":"Le Patch Ma\u00eetre des Boutons d'Acn\u00e9 de la marque COSRX est un produit efficace pour traiter les boutons d'acn\u00e9. Chaque pack contient 24 patchs de diff\u00e9rentes tailles, avec 9 gros points, 5 points moyens et 10 petits points. Ces patchs sont con\u00e7us pour gu\u00e9rir rapidement l'acn\u00e9 du jour au lendemain.\u2026","rel":"","context":"Similar post","block_context":{"text":"Similar post","link":""},"img":{"alt_text":"","src":"","width":0,"height":0},"classes":[]},{"id":30411,"url":"https:\/\/sakaba.mghosteur.com\/en\/product\/neutrogenastubborn-marks-pm-treatment\/","url_meta":{"origin":24352,"position":5},"title":"NEUTROGENA STUBBORN MARKS PM TREATMENT","author":"admin","date":"May 10, 2023","format":false,"excerpt":"D\u00e9couvrez le traitement des marques tenaces PM de Neutrogena, un produit dermatologique qui peut r\u00e9duire visiblement les marques d'acn\u00e9 pendant votre sommeil. Ce traitement est inspir\u00e9 d'un r\u00e9gime recommand\u00e9 par les dermatologues pour une peau nette. Pour de meilleurs r\u00e9sultats, nous vous recommandons d'utiliser \u00e9galement le traitement Neutrogena Stubborn Acne\u2026","rel":"","context":"Similar post","block_context":{"text":"Similar post","link":""},"img":{"alt_text":"","src":"","width":0,"height":0},"classes":[]}],"_links":{"self":[{"href":"https:\/\/sakaba.mghosteur.com\/en\/wp-json\/wp\/v2\/product\/24352","targetHints":{"allow":["GET"]}}],"collection":[{"href":"https:\/\/sakaba.mghosteur.com\/en\/wp-json\/wp\/v2\/product"}],"about":[{"href":"https:\/\/sakaba.mghosteur.com\/en\/wp-json\/wp\/v2\/types\/product"}],"replies":[{"embeddable":true,"href":"https:\/\/sakaba.mghosteur.com\/en\/wp-json\/wp\/v2\/comments?post=24352"}],"version-history":[{"count":0,"href":"https:\/\/sakaba.mghosteur.com\/en\/wp-json\/wp\/v2\/product\/24352\/revisions"}],"wp:attachment":[{"href":"https:\/\/sakaba.mghosteur.com\/en\/wp-json\/wp\/v2\/media?parent=24352"}],"wp:term":[{"taxonomy":"product_brand","embeddable":true,"href":"https:\/\/sakaba.mghosteur.com\/en\/wp-json\/wp\/v2\/product_brand?post=24352"},{"taxonomy":"product_cat","embeddable":true,"href":"https:\/\/sakaba.mghosteur.com\/en\/wp-json\/wp\/v2\/product_cat?post=24352"},{"taxonomy":"product_tag","embeddable":true,"href":"https:\/\/sakaba.mghosteur.com\/en\/wp-json\/wp\/v2\/product_tag?post=24352"}],"curies":[{"name":"wp","href":"https:\/\/api.w.org\/{rel}","templated":true}]}}