{"id":24354,"date":"2022-11-10T10:48:38","date_gmt":"2022-11-10T10:48:38","guid":{"rendered":"http:\/\/www.sakababeauty.com\/?post_type=product&#038;p=24354"},"modified":"2024-09-02T04:25:50","modified_gmt":"2024-09-02T04:25:50","slug":"neutrogena-acne-pro-skin-facial-bar","status":"publish","type":"product","link":"https:\/\/sakaba.mghosteur.com\/en\/product\/neutrogena-acne-pro-skin-facial-bar\/","title":{"rendered":"NEUTROGENA ACNE PRO SKIN FACIAL BAR"},"content":{"rendered":"<p>Le Pain de savon \u00e0 la glyc\u00e9rine pour peaux \u00e0 tendance acn\u00e9ique de Neutrogena est un choix id\u00e9al pour ceux qui cherchent un nettoyant doux et efficace pour leur peau sujette aux imperfections. Ce pain de savon sans colorant est sp\u00e9cialement con\u00e7u pour \u00e9liminer les impuret\u00e9s et l&#8217;exc\u00e8s de s\u00e9bum tout en pr\u00e9servant l&#8217;hydratation naturelle de la peau.<\/p>\n<p>Pour l&#8217;utiliser, commencez par mouiller votre visage et vos mains avec de l&#8217;eau ti\u00e8de. Ensuite, faites mousser le savon dans vos mains et massez d\u00e9licatement la mousse sur votre peau avec des mouvements circulaires. Enfin, rincez soigneusement \u00e0 l&#8217;eau ti\u00e8de et s\u00e9chez avec une serviette douce.<\/p>\n<p>La formule non com\u00e9dog\u00e8ne de ce pain de savon en fait un choix s\u00fbr et efficace pour ceux qui souffrent d&#8217;acn\u00e9 et de pores obstru\u00e9s. Utilisez-le r\u00e9guli\u00e8rement pour maintenir une peau propre et saine. Commandez d\u00e8s maintenant le Pain de savon \u00e0 la glyc\u00e9rine pour peaux \u00e0 tendance acn\u00e9ique de Neutrogena pour prendre soin de votre peau.<\/p>","protected":false},"excerpt":{"rendered":"<p>Le Pain de savon \u00e0 la glyc\u00e9rine pour peaux \u00e0 tendance acn\u00e9ique de Neutrogena est un choix id\u00e9al pour ceux qui cherchent un nettoyant doux et efficace pour leur peau sujette aux imperfections. Ce pain de savon sans colorant est sp\u00e9cialement con\u00e7u pour \u00e9liminer les impuret\u00e9s et l&#8217;exc\u00e8s de s\u00e9bum tout en pr\u00e9servant l&#8217;hydratation naturelle<span class=\"read-more-faq\"><a href=\"https:\/\/sakaba.mghosteur.com\/en\/product\/neutrogena-acne-pro-skin-facial-bar\/\">Read More<\/a><\/span><\/p>","protected":false},"featured_media":0,"comment_status":"closed","ping_status":"closed","template":"","meta":[],"product_brand":[],"product_cat":[294,358,447],"product_tag":[],"class_list":{"0":"post-24354","1":"product","2":"type-product","3":"status-publish","5":"product_cat-acne","6":"product_cat-bain-douche","7":"product_cat-aac-bain-et-corps","9":"first","10":"instock","11":"shipping-taxable","12":"product-type-simple"},"jetpack-related-posts":[{"id":24295,"url":"https:\/\/sakaba.mghosteur.com\/en\/product\/neutrogena-ultra-gentle-hydrating-daily-facial-cleanser-for-sensitive-skin\/","url_meta":{"origin":24354,"position":0},"title":"Neutrogena Ultra Gentle Hydrating Daily Facial Cleanser for Sensitive Skin 171ML","author":"admin","date":"November 9, 2022","format":false,"excerpt":"D\u00e9couvrez le Nettoyant quotidien ultra doux Neutrogena, con\u00e7u pour r\u00e9pondre aux besoins des peaux sensibles. Sa formule brevet\u00e9e efficace mais douce nettoie en profondeur sans perturber la barri\u00e8re d'hydratation naturelle de la peau, laisse votre peau fra\u00eeche et propre sans r\u00e9sidu. Ce nettoyant moussant est hypoallerg\u00e9nique, non com\u00e9dog\u00e8ne, sans huile\u2026","rel":"","context":"Similar post","block_context":{"text":"Similar post","link":""},"img":{"alt_text":"","src":"","width":0,"height":0},"classes":[]},{"id":30396,"url":"https:\/\/sakaba.mghosteur.com\/en\/product\/neutrogena-ultra-gentle-hydrating-daily-facial-cleanser-for-sensitive-skin-354-ml\/","url_meta":{"origin":24354,"position":1},"title":"Neutrogena Ultra Gentle Hydrating Daily Facial Cleanser for Sensitive Skin 354 ML","author":"admin","date":"May 10, 2023","format":false,"excerpt":"D\u00e9couvrez le Nettoyant quotidien ultra doux Neutrogena, con\u00e7u pour r\u00e9pondre aux besoins des peaux sensibles. Sa formule brevet\u00e9e efficace mais douce nettoie en profondeur sans perturber la barri\u00e8re d'hydratation naturelle de la peau, laissant votre peau fra\u00eeche et propre sans r\u00e9sidu. Ce nettoyant moussant est hypoallerg\u00e9nique, non com\u00e9dog\u00e8ne, sans huile\u2026","rel":"","context":"Similar post","block_context":{"text":"Similar post","link":""},"img":{"alt_text":"","src":"","width":0,"height":0},"classes":[]},{"id":24009,"url":"https:\/\/sakaba.mghosteur.com\/en\/product\/neutrogena-hydro-boost-hydrating-cleansing-gel\/","url_meta":{"origin":24354,"position":2},"title":"NEUTROGENA HYDRO BOOST HYDRATING CLEANSING GEL","author":"admin","date":"November 9, 2022","format":false,"excerpt":"D\u00e9couvrez le Gel Nettoyant et D\u00e9maquillant sans Huile de Neutrogena, le compagnon parfait pour une peau d'apparence saine et hydrat\u00e9e. Ce nettoyant pour le visage l\u00e9ger est formul\u00e9 avec de l'acide hyaluronique, offrant une hydratation en profondeur pour une peau douce et \u00e9clatante. Il \u00e9limine efficacement les impuret\u00e9s, l'exc\u00e8s de\u2026","rel":"","context":"Similar post","block_context":{"text":"Similar post","link":""},"img":{"alt_text":"","src":"","width":0,"height":0},"classes":[]},{"id":30379,"url":"https:\/\/sakaba.mghosteur.com\/en\/product\/neutrogena-skin-balancing-2-polyhydroxy-acid\/","url_meta":{"origin":24354,"position":3},"title":"NEUTROGENA SKIN BALANCING 2% POLYHYDROXY ACID","author":"admin","date":"May 9, 2023","format":false,"excerpt":"Optez pour le Gel nettoyant \u00e9quilibrant pour la peau pour peaux mixtes de Neutrogena, une formule douce et efficace qui nettoie, exfolie et revitalise votre peau en une seule \u00e9tape. Avec sa formule hypoallerg\u00e9nique d\u00e9velopp\u00e9e avec des dermatologues, ce gel nettoyant respecte le pH naturel de votre peau, la laissant\u2026","rel":"","context":"Similar post","block_context":{"text":"Similar post","link":""},"img":{"alt_text":"","src":"","width":0,"height":0},"classes":[]},{"id":29659,"url":"https:\/\/sakaba.mghosteur.com\/en\/product\/palmers-cocoa-butter-formula-cream-soap-bar\/","url_meta":{"origin":24354,"position":4},"title":"Palmers Cocoa Butter Formula Cream Soap Bar","author":"admin","date":"April 12, 2023","format":false,"excerpt":"D\u00e9couvrez le savon cr\u00e8me Palmer's, un produit exceptionnel pour prendre soin de votre peau en profondeur. Ce savon en barre hydratant est parfait pour une utilisation quotidienne sur tout le corps et le visage. Sa formule au beurre de cacao riche et moussante nettoie efficacement la peau sans la d\u00e9caper,\u2026","rel":"","context":"Similar post","block_context":{"text":"Similar post","link":""},"img":{"alt_text":"","src":"","width":0,"height":0},"classes":[]},{"id":27353,"url":"https:\/\/sakaba.mghosteur.com\/en\/product\/good-molecules-clarify-cleanser-bar\/","url_meta":{"origin":24354,"position":5},"title":"GOOD MOLECULES CLARIFY &#038;CLEANSER BAR","author":"admin","date":"November 29, 2022","format":false,"excerpt":"La Barre Clarifier & Nettoyer est un pain nettoyant ultra doux qui d\u00e9toxifie la peau sans la d\u00e9caper pour un nettoyage confortable. Ce produit est formul\u00e9 avec un m\u00e9lange au pH \u00e9quilibr\u00e9 d'ingr\u00e9dients nettoyants et apaisants, qui \u00e9limine les impuret\u00e9s du visage et du corps pour laisser la peau claire\u2026","rel":"","context":"Similar post","block_context":{"text":"Similar post","link":""},"img":{"alt_text":"","src":"","width":0,"height":0},"classes":[]}],"_links":{"self":[{"href":"https:\/\/sakaba.mghosteur.com\/en\/wp-json\/wp\/v2\/product\/24354","targetHints":{"allow":["GET"]}}],"collection":[{"href":"https:\/\/sakaba.mghosteur.com\/en\/wp-json\/wp\/v2\/product"}],"about":[{"href":"https:\/\/sakaba.mghosteur.com\/en\/wp-json\/wp\/v2\/types\/product"}],"replies":[{"embeddable":true,"href":"https:\/\/sakaba.mghosteur.com\/en\/wp-json\/wp\/v2\/comments?post=24354"}],"version-history":[{"count":0,"href":"https:\/\/sakaba.mghosteur.com\/en\/wp-json\/wp\/v2\/product\/24354\/revisions"}],"wp:attachment":[{"href":"https:\/\/sakaba.mghosteur.com\/en\/wp-json\/wp\/v2\/media?parent=24354"}],"wp:term":[{"taxonomy":"product_brand","embeddable":true,"href":"https:\/\/sakaba.mghosteur.com\/en\/wp-json\/wp\/v2\/product_brand?post=24354"},{"taxonomy":"product_cat","embeddable":true,"href":"https:\/\/sakaba.mghosteur.com\/en\/wp-json\/wp\/v2\/product_cat?post=24354"},{"taxonomy":"product_tag","embeddable":true,"href":"https:\/\/sakaba.mghosteur.com\/en\/wp-json\/wp\/v2\/product_tag?post=24354"}],"curies":[{"name":"wp","href":"https:\/\/api.w.org\/{rel}","templated":true}]}}