{"id":24364,"date":"2022-11-10T10:58:20","date_gmt":"2022-11-10T10:58:20","guid":{"rendered":"http:\/\/www.sakababeauty.com\/?post_type=product&#038;p=24364"},"modified":"2022-11-10T10:58:20","modified_gmt":"2022-11-10T10:58:20","slug":"topiclear-3-in-1-creme-cocoa-butter-carrot-butter","status":"publish","type":"product","link":"https:\/\/sakaba.mghosteur.com\/en\/product\/topiclear-3-in-1-creme-cocoa-butter-carrot-butter\/","title":{"rendered":"TOPICLEAR : 3 IN 1 CREME COCOA BUTTER &#038;CARROT BUTTER"},"content":{"rendered":"","protected":false},"excerpt":{"rendered":"","protected":false},"featured_media":0,"comment_status":"closed","ping_status":"closed","template":"","meta":[],"product_brand":[],"product_cat":[355],"product_tag":[],"class_list":{"0":"post-24364","1":"product","2":"type-product","3":"status-publish","5":"product_cat-hydratant-corps","7":"first","8":"instock","9":"shipping-taxable","10":"product-type-simple"},"jetpack-related-posts":[{"id":24404,"url":"https:\/\/sakaba.mghosteur.com\/en\/product\/palmers-cocoa-butter-moisture-night-cream\/","url_meta":{"origin":24364,"position":0},"title":"PALMERS COCOA BUTTER MOISTURE NIGHT CREAM","author":"admin","date":"November 10, 2022","format":false,"excerpt":"De plus, cette cr\u00e8me de nuit hydratante riche de Palmer's est non com\u00e9dog\u00e8ne, ce qui signifie qu'elle n'obstrue pas les pores et est donc sans danger pour les peaux sensibles. Cette cr\u00e8me a \u00e9galement \u00e9t\u00e9 test\u00e9e dermatologiquement, vous pouvez donc \u00eatre s\u00fbr que votre peau est entre de bonnes mains.\u2026","rel":"","context":"Similar post","block_context":{"text":"Similar post","link":""},"img":{"alt_text":"","src":"","width":0,"height":0},"classes":[]},{"id":29659,"url":"https:\/\/sakaba.mghosteur.com\/en\/product\/palmers-cocoa-butter-formula-cream-soap-bar\/","url_meta":{"origin":24364,"position":1},"title":"Palmers Cocoa Butter Formula Cream Soap Bar","author":"admin","date":"April 12, 2023","format":false,"excerpt":"D\u00e9couvrez le savon cr\u00e8me Palmer's, un produit exceptionnel pour prendre soin de votre peau en profondeur. Ce savon en barre hydratant est parfait pour une utilisation quotidienne sur tout le corps et le visage. Sa formule au beurre de cacao riche et moussante nettoie efficacement la peau sans la d\u00e9caper,\u2026","rel":"","context":"Similar post","block_context":{"text":"Similar post","link":""},"img":{"alt_text":"","src":"","width":0,"height":0},"classes":[]},{"id":25744,"url":"https:\/\/sakaba.mghosteur.com\/en\/product\/aunt-jackies-butter-creme-intense-moisture-seasant\/","url_meta":{"origin":24364,"position":2},"title":"AUNT JACKIE&#8217;S BUTTER CREME  INTENSE MOISTURE SEASANT","author":"admin","date":"November 22, 2022","format":false,"excerpt":"Le soin hydratant intensif Butter Creme de Aunt Jackie est un soin revitalisant sans rin\u00e7age con\u00e7u pour les cheveux chroniquement secs. Il est compos\u00e9 d'huile de coco et de ricin, ainsi que de beurre de karit\u00e9, de mono\u00ef et d'extrait de romarin. Il est sans sulfate, sans parab\u00e8ne et ne\u2026","rel":"","context":"Similar post","block_context":{"text":"Similar post","link":""},"img":{"alt_text":"","src":"","width":0,"height":0},"classes":[]},{"id":24399,"url":"https:\/\/sakaba.mghosteur.com\/en\/product\/palmers-cocoa-butter-eventone-fade-cream\/","url_meta":{"origin":24364,"position":3},"title":"PALMERS COCOA BUTTER EVENTONE FADE CREAM","author":"admin","date":"November 10, 2022","format":false,"excerpt":"D\u00e9couvrez la Cr\u00e8me fondue Eventone de Palmer's, un hydratant quotidien pour tous les types de peau qui cible les taches brunes, les taches de vieillesse et le teint irr\u00e9gulier pour une peau plus lumineuse et plus \u00e9clatante. En seulement 2 \u00e0 6 semaines, vous remarquerez une am\u00e9lioration visible de la\u2026","rel":"","context":"Similar post","block_context":{"text":"Similar post","link":""},"img":{"alt_text":"","src":"","width":0,"height":0},"classes":[]},{"id":29936,"url":"https:\/\/sakaba.mghosteur.com\/en\/product\/vaseline-intensive-care-cocoa-body-butter\/","url_meta":{"origin":24364,"position":4},"title":"VASELINE INTENSIVE CARE COCOA BODY BUTTER","author":"admin","date":"April 28, 2023","format":false,"excerpt":"La lotion pour le corps Vaseline Intensive Care Cocoa Body Butter est une formule riche \u00e0 base de beurre de cacao et de beurre de karit\u00e9, combin\u00e9e \u00e0 un m\u00e9lange sp\u00e9cial de micro-gouttelettes de gel\u00e9e de vaseline et d'humectants pour hydrater et aider \u00e0 gu\u00e9rir la peau s\u00e8che. Cette cr\u00e8me\u2026","rel":"","context":"Similar post","block_context":{"text":"Similar post","link":""},"img":{"alt_text":"","src":"","width":0,"height":0},"classes":[]},{"id":28366,"url":"https:\/\/sakaba.mghosteur.com\/en\/product\/palmers-cocoa-butter-formula-baby-butter-with-cocao-butter-aloe\/","url_meta":{"origin":24364,"position":5},"title":"Palmers Cocoa Butter Formula Baby Butter with cocao butter &#038; aloe","author":"admin","date":"November 30, 2022","format":false,"excerpt":"D\u00e9couvrez le Palmer's Cocoa Butter Formula Baby Butter, une lotion douce quotidienne con\u00e7ue pour hydrater, adoucir et apaiser la peau d\u00e9licate de b\u00e9b\u00e9. Cette formule unique associe le beurre de cacao pur, la vitamine E, l'alo\u00e8s et des \u00e9mollients riches pour offrir une hydratation sup\u00e9rieure et aider \u00e0 pr\u00e9server la\u2026","rel":"","context":"Similar post","block_context":{"text":"Similar post","link":""},"img":{"alt_text":"","src":"","width":0,"height":0},"classes":[]}],"_links":{"self":[{"href":"https:\/\/sakaba.mghosteur.com\/en\/wp-json\/wp\/v2\/product\/24364","targetHints":{"allow":["GET"]}}],"collection":[{"href":"https:\/\/sakaba.mghosteur.com\/en\/wp-json\/wp\/v2\/product"}],"about":[{"href":"https:\/\/sakaba.mghosteur.com\/en\/wp-json\/wp\/v2\/types\/product"}],"replies":[{"embeddable":true,"href":"https:\/\/sakaba.mghosteur.com\/en\/wp-json\/wp\/v2\/comments?post=24364"}],"version-history":[{"count":0,"href":"https:\/\/sakaba.mghosteur.com\/en\/wp-json\/wp\/v2\/product\/24364\/revisions"}],"wp:attachment":[{"href":"https:\/\/sakaba.mghosteur.com\/en\/wp-json\/wp\/v2\/media?parent=24364"}],"wp:term":[{"taxonomy":"product_brand","embeddable":true,"href":"https:\/\/sakaba.mghosteur.com\/en\/wp-json\/wp\/v2\/product_brand?post=24364"},{"taxonomy":"product_cat","embeddable":true,"href":"https:\/\/sakaba.mghosteur.com\/en\/wp-json\/wp\/v2\/product_cat?post=24364"},{"taxonomy":"product_tag","embeddable":true,"href":"https:\/\/sakaba.mghosteur.com\/en\/wp-json\/wp\/v2\/product_tag?post=24364"}],"curies":[{"name":"wp","href":"https:\/\/api.w.org\/{rel}","templated":true}]}}