{"id":24374,"date":"2022-11-10T11:04:18","date_gmt":"2022-11-10T11:04:18","guid":{"rendered":"http:\/\/www.sakababeauty.com\/?post_type=product&#038;p=24374"},"modified":"2024-08-08T13:18:56","modified_gmt":"2024-08-08T13:18:56","slug":"mac-cils","status":"publish","type":"product","link":"https:\/\/sakaba.mghosteur.com\/en\/product\/mac-cils\/","title":{"rendered":"MAC CILS"},"content":{"rendered":"","protected":false},"excerpt":{"rendered":"","protected":false},"featured_media":0,"comment_status":"closed","ping_status":"closed","template":"","meta":[],"product_brand":[],"product_cat":[301,297],"product_tag":[],"class_list":{"0":"post-24374","1":"product","2":"type-product","3":"status-publish","5":"product_cat-faux-cils","6":"product_cat-yeux","8":"first","9":"instock","10":"shipping-taxable","11":"product-type-simple"},"jetpack-related-posts":[{"id":33451,"url":"https:\/\/sakaba.mghosteur.com\/en\/product\/mac-cils-smhx\/","url_meta":{"origin":24374,"position":0},"title":"MAC CILS SMHX","author":"admin","date":"May 21, 2024","format":false,"excerpt":"","rel":"","context":"Similar post","block_context":{"text":"Similar post","link":""},"img":{"alt_text":"","src":"","width":0,"height":0},"classes":[]},{"id":24514,"url":"https:\/\/sakaba.mghosteur.com\/en\/product\/voluminous-original-5x-fuller-lashes-cils\/","url_meta":{"origin":24374,"position":1},"title":"VOLUMINOUS ORIGINAL 5X FULLER LASHES CILS","author":"admin","date":"November 10, 2022","format":false,"excerpt":"","rel":"","context":"Similar post","block_context":{"text":"Similar post","link":""},"img":{"alt_text":"","src":"","width":0,"height":0},"classes":[]},{"id":32059,"url":"https:\/\/sakaba.mghosteur.com\/en\/product\/sephora-mascara-01-ultra-black-size-up\/","url_meta":{"origin":24374,"position":2},"title":"SEPHORA MASCARA 01 ULTRA BLACK SIZE UP","author":"admin","date":"May 13, 2024","format":false,"excerpt":"Description du produit Ce mascara Sephora Collection offre un volume instantan\u00e9 extra large et allonge et bouclera les cils pour des r\u00e9sultats spectaculaires en un seul geste. Quel type de maquillage ressemble \u00e0 un maquillage quotidien. Les cils ne peuvent jamais \u00eatre trop grands : plus de volume, veuillez vous\u2026","rel":"","context":"Similar post","block_context":{"text":"Similar post","link":""},"img":{"alt_text":"","src":"","width":0,"height":0},"classes":[]},{"id":24285,"url":"https:\/\/sakaba.mghosteur.com\/en\/product\/the-ordinary-hair-care-multi-peptide-serum\/","url_meta":{"origin":24374,"position":3},"title":"THE ORDINARY LASH AND BROW SERUM","author":"admin","date":"November 9, 2022","format":false,"excerpt":"Obtenez des cils et des sourcils plus \u00e9pais et plus sains avec le s\u00e9rum multi-peptide pour les cils et les sourcils de The Ordinary. Cette formule l\u00e9g\u00e8re et non grasse contient 11 ingr\u00e9dients actifs, dont quatre complexes peptidiques et une s\u00e9rie d'extraits naturels, pour aider \u00e0 nourrir et \u00e0 prot\u00e9ger\u2026","rel":"","context":"Similar post","block_context":{"text":"Similar post","link":""},"img":{"alt_text":"","src":"","width":0,"height":0},"classes":[]},{"id":34487,"url":"https:\/\/sakaba.mghosteur.com\/en\/product\/fenty-beauty-mascara-volumateur-hella-thicc\/","url_meta":{"origin":24374,"position":4},"title":"FENTY BEAUTY MASCARA VOLUMATEUR HELLA THICC","author":"admin","date":"May 29, 2024","format":false,"excerpt":"Obtenez des cils \u00e9pais et rehauss\u00e9s avec ce mascara longue tenue. La formule noire ultra-cr\u00e9meuse est dot\u00e9e d'une brosse qui recouvre chaque cil pour un effet extravagant.","rel":"","context":"Similar post","block_context":{"text":"Similar post","link":""},"img":{"alt_text":"","src":"","width":0,"height":0},"classes":[]},{"id":33531,"url":"https:\/\/sakaba.mghosteur.com\/en\/product\/cala-3d-faux-mink-pixie\/","url_meta":{"origin":24374,"position":5},"title":"CALA 3D FAUX MINK PIXIE","author":"admin","date":"May 22, 2024","format":false,"excerpt":"Ajoutez une profondeur de volume subtile \u00e0 n'importe quel regard avec ces faux cils 3D en vison l\u00e9gers. Le motif crois\u00e9 unique imite la formation de vos cils naturels, vous laissant avec une finition sans effort.","rel":"","context":"Similar post","block_context":{"text":"Similar post","link":""},"img":{"alt_text":"","src":"","width":0,"height":0},"classes":[]}],"_links":{"self":[{"href":"https:\/\/sakaba.mghosteur.com\/en\/wp-json\/wp\/v2\/product\/24374","targetHints":{"allow":["GET"]}}],"collection":[{"href":"https:\/\/sakaba.mghosteur.com\/en\/wp-json\/wp\/v2\/product"}],"about":[{"href":"https:\/\/sakaba.mghosteur.com\/en\/wp-json\/wp\/v2\/types\/product"}],"replies":[{"embeddable":true,"href":"https:\/\/sakaba.mghosteur.com\/en\/wp-json\/wp\/v2\/comments?post=24374"}],"version-history":[{"count":0,"href":"https:\/\/sakaba.mghosteur.com\/en\/wp-json\/wp\/v2\/product\/24374\/revisions"}],"wp:attachment":[{"href":"https:\/\/sakaba.mghosteur.com\/en\/wp-json\/wp\/v2\/media?parent=24374"}],"wp:term":[{"taxonomy":"product_brand","embeddable":true,"href":"https:\/\/sakaba.mghosteur.com\/en\/wp-json\/wp\/v2\/product_brand?post=24374"},{"taxonomy":"product_cat","embeddable":true,"href":"https:\/\/sakaba.mghosteur.com\/en\/wp-json\/wp\/v2\/product_cat?post=24374"},{"taxonomy":"product_tag","embeddable":true,"href":"https:\/\/sakaba.mghosteur.com\/en\/wp-json\/wp\/v2\/product_tag?post=24374"}],"curies":[{"name":"wp","href":"https:\/\/api.w.org\/{rel}","templated":true}]}}