{"id":24397,"date":"2022-11-10T11:18:21","date_gmt":"2022-11-10T11:18:21","guid":{"rendered":"http:\/\/www.sakababeauty.com\/?post_type=product&#038;p=24397"},"modified":"2023-04-18T15:09:28","modified_gmt":"2023-04-18T15:09:28","slug":"palmers-skin-therapy-cleansing-oil-face","status":"publish","type":"product","link":"https:\/\/sakaba.mghosteur.com\/en\/product\/palmers-skin-therapy-cleansing-oil-face\/","title":{"rendered":"PALMERS SKIN THERAPY CLEANSING OIL FACE"},"content":{"rendered":"<p>Introducing Skin Therapy Huile Nettoyante Visage by Palmer&#8217;s &#8211; une huile nettoyante douce pour le visage qui nettoie en profondeur votre peau sans la d\u00e9caper. Cette huile est con\u00e7ue pour enlever efficacement le maquillage, le maquillage des yeux et les impuret\u00e9s, tout en \u00e9tant non-com\u00e9dog\u00e8ne et n&#8217;obstrue pas les pores.<\/p>\n<p>Skin Therapy Huile Nettoyante Visage est formul\u00e9e sans huile min\u00e9rale, parab\u00e8nes, phtalates et sulfates, et a \u00e9t\u00e9 test\u00e9e par des dermatologues et approuv\u00e9e par des ophtalmologistes. Elle utilise le pouvoir des huiles nettoyantes pures, du beurre de cacao et de la vitamine C pour nettoyer en profondeur et purifier votre teint.<\/p>\n<p>Cette huile convient \u00e0 tous les types de peau et est id\u00e9ale pour une utilisation quotidienne matin et soir. Pour l&#8217;utiliser, il suffit d&#8217;appliquer sur la peau s\u00e8che avec les mains humides, de masser doucement et d&#8217;\u00e9mulsionner avec de l&#8217;eau. Elle se rince facilement sans laisser de r\u00e9sidus, laissant votre peau nette, douce et lumineuse.<\/p>\n<p>Skin Therapy Huile Nettoyante Visage est le choix parfait pour ceux qui cherchent une huile nettoyante douce et efficace pour leur routine de soin de la peau. Commandez maintenant pour une exp\u00e9rience de nettoyage en profondeur pour votre peau.<\/p>","protected":false},"excerpt":{"rendered":"<p>Introducing Skin Therapy Huile Nettoyante Visage by Palmer&#8217;s &#8211; une huile nettoyante douce pour le visage qui nettoie en profondeur votre peau sans la d\u00e9caper. Cette huile est con\u00e7ue pour enlever efficacement le maquillage, le maquillage des yeux et les impuret\u00e9s, tout en \u00e9tant non-com\u00e9dog\u00e8ne et n&#8217;obstrue pas les pores. Skin Therapy Huile Nettoyante Visage<span class=\"read-more-faq\"><a href=\"https:\/\/sakaba.mghosteur.com\/en\/product\/palmers-skin-therapy-cleansing-oil-face\/\">Read More<\/a><\/span><\/p>","protected":false},"featured_media":0,"comment_status":"closed","ping_status":"closed","template":"","meta":[],"product_brand":[],"product_cat":[446],"product_tag":[],"class_list":{"0":"post-24397","1":"product","2":"type-product","3":"status-publish","5":"product_cat-nettoyant","7":"first","8":"instock","9":"shipping-taxable","10":"product-type-simple"},"jetpack-related-posts":[{"id":33866,"url":"https:\/\/sakaba.mghosteur.com\/en\/product\/nars-soft-velvet-loose-powder\/","url_meta":{"origin":24397,"position":0},"title":"NARS SOFT VELVET LOOSE POWDER","author":"admin","date":"May 23, 2024","format":false,"excerpt":"Prolong the wear time of your foundation with the NARS Cosmetics Soft Velvet Loose Powder. The powder works to seal your foundation as well as controlling the production of oil in the skin. Perfect for covering up any fine lines, wrinkles and pores with a smooth finish. The NARS Cosmetics\u2026","rel":"","context":"Similar post","block_context":{"text":"Similar post","link":""},"img":{"alt_text":"","src":"","width":0,"height":0},"classes":[]}],"_links":{"self":[{"href":"https:\/\/sakaba.mghosteur.com\/en\/wp-json\/wp\/v2\/product\/24397","targetHints":{"allow":["GET"]}}],"collection":[{"href":"https:\/\/sakaba.mghosteur.com\/en\/wp-json\/wp\/v2\/product"}],"about":[{"href":"https:\/\/sakaba.mghosteur.com\/en\/wp-json\/wp\/v2\/types\/product"}],"replies":[{"embeddable":true,"href":"https:\/\/sakaba.mghosteur.com\/en\/wp-json\/wp\/v2\/comments?post=24397"}],"version-history":[{"count":0,"href":"https:\/\/sakaba.mghosteur.com\/en\/wp-json\/wp\/v2\/product\/24397\/revisions"}],"wp:attachment":[{"href":"https:\/\/sakaba.mghosteur.com\/en\/wp-json\/wp\/v2\/media?parent=24397"}],"wp:term":[{"taxonomy":"product_brand","embeddable":true,"href":"https:\/\/sakaba.mghosteur.com\/en\/wp-json\/wp\/v2\/product_brand?post=24397"},{"taxonomy":"product_cat","embeddable":true,"href":"https:\/\/sakaba.mghosteur.com\/en\/wp-json\/wp\/v2\/product_cat?post=24397"},{"taxonomy":"product_tag","embeddable":true,"href":"https:\/\/sakaba.mghosteur.com\/en\/wp-json\/wp\/v2\/product_tag?post=24397"}],"curies":[{"name":"wp","href":"https:\/\/api.w.org\/{rel}","templated":true}]}}