{"id":24408,"date":"2022-11-10T11:24:29","date_gmt":"2022-11-10T11:24:29","guid":{"rendered":"http:\/\/www.sakababeauty.com\/?post_type=product&#038;p=24408"},"modified":"2023-04-13T11:34:50","modified_gmt":"2023-04-13T11:34:50","slug":"palmers-coconut-water-facial-moisturizer","status":"publish","type":"product","link":"https:\/\/sakaba.mghosteur.com\/en\/product\/palmers-coconut-water-facial-moisturizer\/","title":{"rendered":"PALMERS coconut water facial moisturizer"},"content":{"rendered":"<p>Cet hydratant pour le visage \u00e0 la noix de coco de la marque Palmer&#8217;s est un produit de soin de la peau de haute qualit\u00e9. Il hydrate naturellement et impr\u00e8gne la peau d&#8217;antioxydants pour aider \u00e0 r\u00e9duire les signes du vieillissement. De plus, il est non com\u00e9dog\u00e8ne, hypoallerg\u00e9nique et test\u00e9 dermatologiquement, ce qui en fait un choix id\u00e9al pour tous les types de peau.<\/p>\n<p>Les ingr\u00e9dients d&#8217;origine \u00e9thique et durable font de ce produit un choix respectueux de l&#8217;environnement. Il est sans parab\u00e8nes, phtalates, huiles min\u00e9rales et colorants, ce qui garantit que vous n&#8217;appliquez rien d&#8217;ind\u00e9sirable sur votre peau. De plus, cet hydratant n&#8217;a pas \u00e9t\u00e9 test\u00e9 sur les animaux, ce qui en fait un choix \u00e9thique et responsable.<\/p>\n<p>L&#8217;huile de noix de coco extra vierge biologique certifi\u00e9e \u00e9quitable contenu dans cet hydratant est un ingr\u00e9dient cl\u00e9 qui permet \u00e0 la peau de rester hydrat\u00e9e et douce. Associ\u00e9 \u00e0 de l&#8217;acide hyaluronique et des enzymes de papaye, il revitalise et r\u00e9g\u00e9n\u00e8re la peau pour un teint frais et d&#8217;apparence saine.<\/p>\n<p>Offrez \u00e0 votre peau les avantages naturels de cet hydratant pour le visage \u00e0 la noix de coco Palmer&#8217;s pour obtenir une peau hydrat\u00e9e, douce et \u00e9clatante.<\/p>","protected":false},"excerpt":{"rendered":"<p>Cet hydratant pour le visage \u00e0 la noix de coco de la marque Palmer&#8217;s est un produit de soin de la peau de haute qualit\u00e9. Il hydrate naturellement et impr\u00e8gne la peau d&#8217;antioxydants pour aider \u00e0 r\u00e9duire les signes du vieillissement. De plus, il est non com\u00e9dog\u00e8ne, hypoallerg\u00e9nique et test\u00e9 dermatologiquement, ce qui en fait<span class=\"read-more-faq\"><a href=\"https:\/\/sakaba.mghosteur.com\/en\/product\/palmers-coconut-water-facial-moisturizer\/\">Read More<\/a><\/span><\/p>","protected":false},"featured_media":0,"comment_status":"closed","ping_status":"closed","template":"","meta":[],"product_brand":[],"product_cat":[377],"product_tag":[],"class_list":{"0":"post-24408","1":"product","2":"type-product","3":"status-publish","5":"product_cat-bath-body-works","7":"first","8":"instock","9":"shipping-taxable","10":"product-type-simple"},"jetpack-related-posts":[{"id":29669,"url":"https:\/\/sakaba.mghosteur.com\/en\/product\/palmers-coconut-oil-formula-body-lotion\/","url_meta":{"origin":24408,"position":0},"title":"Palmer&#8217;s Coconut Oil Formula Body lotion","author":"admin","date":"April 13, 2023","format":false,"excerpt":"La lotion pour le corps \u00e0 la noix de coco de la marque Palmer's est le choix parfait pour une peau hydrat\u00e9e et r\u00e9g\u00e9n\u00e9r\u00e9e. Cette lotion est formul\u00e9e avec de l'huile de noix de coco extra vierge biologique certifi\u00e9e \u00e9quitable et de l'extrait de caf\u00e9 vert pour vous offrir une\u2026","rel":"","context":"Similar post","block_context":{"text":"Similar post","link":""},"img":{"alt_text":"","src":"","width":0,"height":0},"classes":[]},{"id":24412,"url":"https:\/\/sakaba.mghosteur.com\/en\/product\/palmers-coconut-sugar-facial-scrub\/","url_meta":{"origin":24408,"position":1},"title":"PALMERS COCONUT SUGAR FACIAL SCRUB","author":"admin","date":"November 10, 2022","format":false,"excerpt":"D\u00e9couvrez l'huile pour le visage \u00e0 la noix de coco Palmer's, un produit qui peut faire des merveilles pour votre peau. Cette huile est con\u00e7ue pour polir, exfolier et adoucir votre peau, tout en resurfa\u00e7ant sa texture pour un teint plus lumineux et plus frais. Il est suffisamment doux pour\u2026","rel":"","context":"Similar post","block_context":{"text":"Similar post","link":""},"img":{"alt_text":"","src":"","width":0,"height":0},"classes":[]},{"id":29666,"url":"https:\/\/sakaba.mghosteur.com\/en\/product\/palmers-coconut-hydrate-body-oil\/","url_meta":{"origin":24408,"position":2},"title":"PALMERS COCONUT HYDRATE BODY OIL","author":"admin","date":"April 13, 2023","format":false,"excerpt":"L'huile corporelle hydratante \u00e0 la noix de coco de Palmer's est une formule de qualit\u00e9 sup\u00e9rieure qui hydrate intens\u00e9ment votre peau pendant 48 heures. Cette huile est enrichie en huile de noix de coco extra vierge biologique certifi\u00e9e \u00e9quitable, reconnue pour ses propri\u00e9t\u00e9s nourrissantes et r\u00e9g\u00e9n\u00e9rantes. De plus, elle contient\u2026","rel":"","context":"Similar post","block_context":{"text":"Similar post","link":""},"img":{"alt_text":"","src":"","width":0,"height":0},"classes":[]},{"id":30035,"url":"https:\/\/sakaba.mghosteur.com\/en\/product\/jergens-hydrating-coconut-moisturizer-for-dry-skin-21-oz\/","url_meta":{"origin":24408,"position":3},"title":"Jergens Hydrating Coconut Moisturizer for Dry Skin, 21 oz","author":"admin","date":"May 2, 2023","format":false,"excerpt":"D\u00e9couvrez l'hydratant \u00e0 la noix de coco Jergens, un v\u00e9ritable paradis tropical pour votre peau. Ce hydratant pour le corps de 21 fl oz est formul\u00e9 avec un m\u00e9lange d'huiles nourrissantes, d'huile de noix de coco et d'eau de noix de coco pour apporter une hydratation profonde et durable pendant\u2026","rel":"","context":"Similar post","block_context":{"text":"Similar post","link":""},"img":{"alt_text":"","src":"","width":0,"height":0},"classes":[]},{"id":30040,"url":"https:\/\/sakaba.mghosteur.com\/en\/product\/jergens-oil-infused-skin-firming\/","url_meta":{"origin":24408,"position":4},"title":"JERGENS OIL INFUSED SKIN FIRMING","author":"admin","date":"May 2, 2023","format":false,"excerpt":"D\u00e9couvrez la Lotion pour le corps raffermissante de Jergens, con\u00e7ue pour les peaux s\u00e8ches et test\u00e9e par des dermatologues. Cette lotion est enrichie en collag\u00e8ne et \u00e9lastine pour aider \u00e0 raffermir la peau et lui donner une apparence plus lisse et tonique. Offrez \u00e0 votre peau une hydratation exceptionnelle avec\u2026","rel":"","context":"Similar post","block_context":{"text":"Similar post","link":""},"img":{"alt_text":"","src":"","width":0,"height":0},"classes":[]},{"id":26548,"url":"https:\/\/sakaba.mghosteur.com\/en\/product\/skin-success-body-lotion-glow\/","url_meta":{"origin":24408,"position":5},"title":"SKIN SUCCESS BODY LOTION GLOW","author":"admin","date":"November 25, 2022","format":false,"excerpt":"La lotion pour les mains et le corps Palmer's Skin Success GLOW Water Lily est un produit parfait pour celles et ceux qui recherchent une peau radieuse et \u00e9quilibr\u00e9e. Avec des ingr\u00e9dients naturels tels que le Lys Blanc, le Champignon Songyi, la Vitamine C et la R\u00e9glisse, cette lotion nourrit\u2026","rel":"","context":"Similar post","block_context":{"text":"Similar post","link":""},"img":{"alt_text":"","src":"","width":0,"height":0},"classes":[]}],"_links":{"self":[{"href":"https:\/\/sakaba.mghosteur.com\/en\/wp-json\/wp\/v2\/product\/24408","targetHints":{"allow":["GET"]}}],"collection":[{"href":"https:\/\/sakaba.mghosteur.com\/en\/wp-json\/wp\/v2\/product"}],"about":[{"href":"https:\/\/sakaba.mghosteur.com\/en\/wp-json\/wp\/v2\/types\/product"}],"replies":[{"embeddable":true,"href":"https:\/\/sakaba.mghosteur.com\/en\/wp-json\/wp\/v2\/comments?post=24408"}],"version-history":[{"count":0,"href":"https:\/\/sakaba.mghosteur.com\/en\/wp-json\/wp\/v2\/product\/24408\/revisions"}],"wp:attachment":[{"href":"https:\/\/sakaba.mghosteur.com\/en\/wp-json\/wp\/v2\/media?parent=24408"}],"wp:term":[{"taxonomy":"product_brand","embeddable":true,"href":"https:\/\/sakaba.mghosteur.com\/en\/wp-json\/wp\/v2\/product_brand?post=24408"},{"taxonomy":"product_cat","embeddable":true,"href":"https:\/\/sakaba.mghosteur.com\/en\/wp-json\/wp\/v2\/product_cat?post=24408"},{"taxonomy":"product_tag","embeddable":true,"href":"https:\/\/sakaba.mghosteur.com\/en\/wp-json\/wp\/v2\/product_tag?post=24408"}],"curies":[{"name":"wp","href":"https:\/\/api.w.org\/{rel}","templated":true}]}}