{"id":24412,"date":"2022-11-10T11:26:54","date_gmt":"2022-11-10T11:26:54","guid":{"rendered":"http:\/\/www.sakababeauty.com\/?post_type=product&#038;p=24412"},"modified":"2023-04-11T15:50:31","modified_gmt":"2023-04-11T15:50:31","slug":"palmers-coconut-sugar-facial-scrub","status":"publish","type":"product","link":"https:\/\/sakaba.mghosteur.com\/en\/product\/palmers-coconut-sugar-facial-scrub\/","title":{"rendered":"PALMERS COCONUT SUGAR FACIAL SCRUB"},"content":{"rendered":"<p>D\u00e9couvrez l&#8217;huile pour le visage \u00e0 la noix de coco Palmer&#8217;s, un produit qui peut faire des merveilles pour votre peau. Cette huile est con\u00e7ue pour polir, exfolier et adoucir votre peau, tout en resurfa\u00e7ant sa texture pour un teint plus lumineux et plus frais. Il est suffisamment doux pour un usage quotidien et facile \u00e0 distribuer gr\u00e2ce \u00e0 son bouchon pivotant. De plus, cette huile est non com\u00e9dog\u00e8ne, hypoallerg\u00e9nique et test\u00e9e dermatologiquement, ce qui la rend parfaitement s\u00fbre pour tous les types de peau.<\/p>\n<p>Fabriqu\u00e9e \u00e0 partir d&#8217;huile de noix de coco extra vierge biologique certifi\u00e9e \u00e9quitable et d&#8217;ingr\u00e9dients d&#8217;origine \u00e9thique et durable, cette huile est \u00e9galement non test\u00e9e sur les animaux. Elle est exempte de sulfates, perles artificielles, parab\u00e8nes, huiles min\u00e9rales et colorants, ce qui en fait un choix id\u00e9al pour les personnes soucieuses de l&#8217;environnement.<\/p>\n<p>Le gommage facial au sucre de noix de coco brut de Palmer&#8217;s est un autre produit que vous pouvez associer \u00e0 l&#8217;huile pour le visage \u00e0 la noix de coco pour une routine de soins de la peau compl\u00e8te. Ce gommage utilise du sucre de noix de coco exfoliant naturel pour polir et polir en douceur la salet\u00e9 et les cellules mortes de la peau, r\u00e9v\u00e9lant un teint plus lumineux, plus frais et purifi\u00e9. Le sucre de coco est l&#8217;exfoliant parfait car il est naturel et se dissout facilement avec de l&#8217;eau, \u00e9vitant ainsi toute abrasion dure ou r\u00e9sidus sur la peau. Essayez l&#8217;huile pour le visage \u00e0 la noix de coco et le gommage facial au sucre de noix de coco brut de Palmer&#8217;s pour une peau plus douce et plus radieuse d\u00e8s aujourd&#8217;hui !<\/p>","protected":false},"excerpt":{"rendered":"<p>D\u00e9couvrez l&#8217;huile pour le visage \u00e0 la noix de coco Palmer&#8217;s, un produit qui peut faire des merveilles pour votre peau. Cette huile est con\u00e7ue pour polir, exfolier et adoucir votre peau, tout en resurfa\u00e7ant sa texture pour un teint plus lumineux et plus frais. Il est suffisamment doux pour un usage quotidien et facile<span class=\"read-more-faq\"><a href=\"https:\/\/sakaba.mghosteur.com\/en\/product\/palmers-coconut-sugar-facial-scrub\/\">Read More<\/a><\/span><\/p>","protected":false},"featured_media":0,"comment_status":"closed","ping_status":"closed","template":"","meta":[],"product_brand":[],"product_cat":[377],"product_tag":[],"class_list":{"0":"post-24412","1":"product","2":"type-product","3":"status-publish","5":"product_cat-bath-body-works","7":"first","8":"instock","9":"shipping-taxable","10":"product-type-simple"},"jetpack-related-posts":[{"id":29632,"url":"https:\/\/sakaba.mghosteur.com\/en\/product\/coconut-monoi-luminous-hydration-facial-oil\/","url_meta":{"origin":24412,"position":0},"title":"COCONUT MONOI LUMINOUS HYDRATION FACIAL OIL","author":"admin","date":"April 11, 2023","format":false,"excerpt":"D\u00e9couvrez l'huile pour le visage \u00e0 la noix de coco de Palmer's, qui apporte \u00e0 votre peau un \u00e9clat sain et radieux tout en la maintenant hydrat\u00e9e pendant 48 heures. Cette huile est fabriqu\u00e9e \u00e0 partir d'huile de noix de coco extra vierge biologique certifi\u00e9e \u00e9quitable et d'autres huiles pr\u00e9cieuses\u2026","rel":"","context":"Similar post","block_context":{"text":"Similar post","link":""},"img":{"alt_text":"","src":"","width":0,"height":0},"classes":[]},{"id":30040,"url":"https:\/\/sakaba.mghosteur.com\/en\/product\/jergens-oil-infused-skin-firming\/","url_meta":{"origin":24412,"position":1},"title":"JERGENS OIL INFUSED SKIN FIRMING","author":"admin","date":"May 2, 2023","format":false,"excerpt":"D\u00e9couvrez la Lotion pour le corps raffermissante de Jergens, con\u00e7ue pour les peaux s\u00e8ches et test\u00e9e par des dermatologues. Cette lotion est enrichie en collag\u00e8ne et \u00e9lastine pour aider \u00e0 raffermir la peau et lui donner une apparence plus lisse et tonique. Offrez \u00e0 votre peau une hydratation exceptionnelle avec\u2026","rel":"","context":"Similar post","block_context":{"text":"Similar post","link":""},"img":{"alt_text":"","src":"","width":0,"height":0},"classes":[]},{"id":26526,"url":"https:\/\/sakaba.mghosteur.com\/en\/product\/palmers-dark-spot-corrector\/","url_meta":{"origin":24412,"position":2},"title":"PALMERS DARK SPOT CORRECTOR","author":"admin","date":"November 25, 2022","format":false,"excerpt":"D\u00e9couvrez l'huile pour le visage \u00e0 la noix de coco de la marque Palmer's, sp\u00e9cialement formul\u00e9e pour cibler les taches brunes, les taches de vieillesse et le teint irr\u00e9gulier. Cette huile \u00e9quilibre votre teint et am\u00e9liore l'\u00e9lasticit\u00e9 de votre peau, tout en minimisant l'apparence des ridules et des rides. Elle\u2026","rel":"","context":"Similar post","block_context":{"text":"Similar post","link":""},"img":{"alt_text":"","src":"","width":0,"height":0},"classes":[]},{"id":29666,"url":"https:\/\/sakaba.mghosteur.com\/en\/product\/palmers-coconut-hydrate-body-oil\/","url_meta":{"origin":24412,"position":3},"title":"PALMERS COCONUT HYDRATE BODY OIL","author":"admin","date":"April 13, 2023","format":false,"excerpt":"L'huile corporelle hydratante \u00e0 la noix de coco de Palmer's est une formule de qualit\u00e9 sup\u00e9rieure qui hydrate intens\u00e9ment votre peau pendant 48 heures. Cette huile est enrichie en huile de noix de coco extra vierge biologique certifi\u00e9e \u00e9quitable, reconnue pour ses propri\u00e9t\u00e9s nourrissantes et r\u00e9g\u00e9n\u00e9rantes. De plus, elle contient\u2026","rel":"","context":"Similar post","block_context":{"text":"Similar post","link":""},"img":{"alt_text":"","src":"","width":0,"height":0},"classes":[]},{"id":29669,"url":"https:\/\/sakaba.mghosteur.com\/en\/product\/palmers-coconut-oil-formula-body-lotion\/","url_meta":{"origin":24412,"position":4},"title":"Palmer&#8217;s Coconut Oil Formula Body lotion","author":"admin","date":"April 13, 2023","format":false,"excerpt":"La lotion pour le corps \u00e0 la noix de coco de la marque Palmer's est le choix parfait pour une peau hydrat\u00e9e et r\u00e9g\u00e9n\u00e9r\u00e9e. Cette lotion est formul\u00e9e avec de l'huile de noix de coco extra vierge biologique certifi\u00e9e \u00e9quitable et de l'extrait de caf\u00e9 vert pour vous offrir une\u2026","rel":"","context":"Similar post","block_context":{"text":"Similar post","link":""},"img":{"alt_text":"","src":"","width":0,"height":0},"classes":[]},{"id":24390,"url":"https:\/\/sakaba.mghosteur.com\/en\/product\/palmers-cocoa-butter-skin-therapy-oil\/","url_meta":{"origin":24412,"position":5},"title":"Palmers Cocoa Butter Skin Therapy Oil","author":"admin","date":"November 10, 2022","format":false,"excerpt":"D\u00e9couvrez l'huile de soin pour la peau au beurre de cacao avec vitamine E de Palmer's, un produit parfait pour tous les types de peau. Cette huile de beaut\u00e9 polyvalente pour le corps et le visage est formul\u00e9e pour aider \u00e0 am\u00e9liorer l'apparence des cicatrices, des vergetures, de la peau\u2026","rel":"","context":"Similar post","block_context":{"text":"Similar post","link":""},"img":{"alt_text":"","src":"","width":0,"height":0},"classes":[]}],"_links":{"self":[{"href":"https:\/\/sakaba.mghosteur.com\/en\/wp-json\/wp\/v2\/product\/24412","targetHints":{"allow":["GET"]}}],"collection":[{"href":"https:\/\/sakaba.mghosteur.com\/en\/wp-json\/wp\/v2\/product"}],"about":[{"href":"https:\/\/sakaba.mghosteur.com\/en\/wp-json\/wp\/v2\/types\/product"}],"replies":[{"embeddable":true,"href":"https:\/\/sakaba.mghosteur.com\/en\/wp-json\/wp\/v2\/comments?post=24412"}],"version-history":[{"count":0,"href":"https:\/\/sakaba.mghosteur.com\/en\/wp-json\/wp\/v2\/product\/24412\/revisions"}],"wp:attachment":[{"href":"https:\/\/sakaba.mghosteur.com\/en\/wp-json\/wp\/v2\/media?parent=24412"}],"wp:term":[{"taxonomy":"product_brand","embeddable":true,"href":"https:\/\/sakaba.mghosteur.com\/en\/wp-json\/wp\/v2\/product_brand?post=24412"},{"taxonomy":"product_cat","embeddable":true,"href":"https:\/\/sakaba.mghosteur.com\/en\/wp-json\/wp\/v2\/product_cat?post=24412"},{"taxonomy":"product_tag","embeddable":true,"href":"https:\/\/sakaba.mghosteur.com\/en\/wp-json\/wp\/v2\/product_tag?post=24412"}],"curies":[{"name":"wp","href":"https:\/\/api.w.org\/{rel}","templated":true}]}}