{"id":24414,"date":"2022-11-10T11:28:22","date_gmt":"2022-11-10T11:28:22","guid":{"rendered":"http:\/\/www.sakababeauty.com\/?post_type=product&#038;p=24414"},"modified":"2023-04-11T16:56:57","modified_gmt":"2023-04-11T16:56:57","slug":"palmers-cocoa-butter-formula-with-vitamin-e-heals-softens","status":"publish","type":"product","link":"https:\/\/sakaba.mghosteur.com\/en\/product\/palmers-cocoa-butter-formula-with-vitamin-e-heals-softens\/","title":{"rendered":"Palmers Cocoa Butter Daily Skin Therapy"},"content":{"rendered":"<p>La lotion corporelle Daily Skin Therapy de Palmer&#8217;s est le produit parfait pour prendre soin de votre peau s\u00e8che et rugueuse. Elle contient du beurre de cacao naturel et de la vitamine E, deux ingr\u00e9dients intens\u00e9ment hydratants qui gu\u00e9rissent et adoucissent votre peau pour lui donner une apparence plus saine.<\/p>\n<p>Cette lotion offre 48 heures d&#8217;humidit\u00e9 pour une hydratation en profondeur de votre peau. De plus, elle est respectueuse des v\u00e9g\u00e9taliens car elle ne contient aucun ingr\u00e9dient ni test d&#8217;origine animale. Elle est \u00e9galement recommand\u00e9e par les dermatologues et convient parfaitement aux peaux sujettes \u00e0 l&#8217;ecz\u00e9ma.<\/p>\n<p>Vous pouvez faire confiance \u00e0 Palmer&#8217;s, la marque de beurre de cacao n\u00b01 en Am\u00e9rique, pour prendre soin de votre peau. Cette marque utilise des ingr\u00e9dients naturels de la plus haute qualit\u00e9 pour une hydratation sup\u00e9rieure de la t\u00eate aux pieds. En outre, 3 dermatologues sur 4 recommandent Palmer&#8217;s.<\/p>\n<p>La lotion corporelle Daily Skin Therapy fonctionne bien avec l&#8217;huile corporelle au beurre de cacao de Palmer et la formule solide originale. Essayez-la d\u00e8s maintenant pour une peau douce et hydrat\u00e9e tout au long de la journ\u00e9e !<\/p>","protected":false},"excerpt":{"rendered":"<p>La lotion corporelle Daily Skin Therapy de Palmer&#8217;s est le produit parfait pour prendre soin de votre peau s\u00e8che et rugueuse. Elle contient du beurre de cacao naturel et de la vitamine E, deux ingr\u00e9dients intens\u00e9ment hydratants qui gu\u00e9rissent et adoucissent votre peau pour lui donner une apparence plus saine. Cette lotion offre 48 heures<span class=\"read-more-faq\"><a href=\"https:\/\/sakaba.mghosteur.com\/en\/product\/palmers-cocoa-butter-formula-with-vitamin-e-heals-softens\/\">Read More<\/a><\/span><\/p>","protected":false},"featured_media":0,"comment_status":"closed","ping_status":"closed","template":"","meta":[],"product_brand":[],"product_cat":[355],"product_tag":[],"class_list":{"0":"post-24414","1":"product","2":"type-product","3":"status-publish","5":"product_cat-hydratant-corps","7":"first","8":"instock","9":"shipping-taxable","10":"product-type-simple"},"jetpack-related-posts":[{"id":33409,"url":"https:\/\/sakaba.mghosteur.com\/en\/product\/sctch-porter-hydrate-nourish-beard-conditioner\/","url_meta":{"origin":24414,"position":0},"title":"SCOTCH PORTER HYDRATE &amp; NOURISH BEARD CONDITIONER","author":"admin","date":"May 21, 2024","format":false,"excerpt":"Scotch Porter Hydrate & Nourish Beard Conditioner is a sulfate-free, paraben-free, organic, and cruelty-free conditioner that is designed to hydrate and nourish beards while strengthening facial hair.\u00a0It contains coconut, biotin, and shea butter.\u00a0The conditioner is gentle on the skin and uses natural ingredients like biotin liposome and marshmallow root to\u2026","rel":"","context":"Similar post","block_context":{"text":"Similar post","link":""},"img":{"alt_text":"","src":"","width":0,"height":0},"classes":[]}],"_links":{"self":[{"href":"https:\/\/sakaba.mghosteur.com\/en\/wp-json\/wp\/v2\/product\/24414","targetHints":{"allow":["GET"]}}],"collection":[{"href":"https:\/\/sakaba.mghosteur.com\/en\/wp-json\/wp\/v2\/product"}],"about":[{"href":"https:\/\/sakaba.mghosteur.com\/en\/wp-json\/wp\/v2\/types\/product"}],"replies":[{"embeddable":true,"href":"https:\/\/sakaba.mghosteur.com\/en\/wp-json\/wp\/v2\/comments?post=24414"}],"version-history":[{"count":0,"href":"https:\/\/sakaba.mghosteur.com\/en\/wp-json\/wp\/v2\/product\/24414\/revisions"}],"wp:attachment":[{"href":"https:\/\/sakaba.mghosteur.com\/en\/wp-json\/wp\/v2\/media?parent=24414"}],"wp:term":[{"taxonomy":"product_brand","embeddable":true,"href":"https:\/\/sakaba.mghosteur.com\/en\/wp-json\/wp\/v2\/product_brand?post=24414"},{"taxonomy":"product_cat","embeddable":true,"href":"https:\/\/sakaba.mghosteur.com\/en\/wp-json\/wp\/v2\/product_cat?post=24414"},{"taxonomy":"product_tag","embeddable":true,"href":"https:\/\/sakaba.mghosteur.com\/en\/wp-json\/wp\/v2\/product_tag?post=24414"}],"curies":[{"name":"wp","href":"https:\/\/api.w.org\/{rel}","templated":true}]}}