{"id":24422,"date":"2022-11-10T11:44:07","date_gmt":"2022-11-10T11:44:07","guid":{"rendered":"http:\/\/www.sakababeauty.com\/?post_type=product&#038;p=24422"},"modified":"2023-04-14T11:20:34","modified_gmt":"2023-04-14T11:20:34","slug":"palmers-heals-softens-daily-skin-therapy","status":"publish","type":"product","link":"https:\/\/sakaba.mghosteur.com\/en\/product\/palmers-heals-softens-daily-skin-therapy\/","title":{"rendered":"PALMERS HEALS SOFTENS DAILY SKIN THERAPY"},"content":{"rendered":"<p>Dites adieu \u00e0 la peau s\u00e8che et rugueuse avec la Th\u00e9rapie quotidienne de la peau de Palmer&#8217;s. Cette lotion corporelle est formul\u00e9e avec du beurre de cacao naturel et de la vitamine E pour hydrater intens\u00e9ment votre peau, la laissant d&#8217;apparence plus saine en seulement 48 heures.<\/p>\n<p>Notre produit est respectueux des v\u00e9g\u00e9taliens, ne contenant aucun ingr\u00e9dient ni test d&#8217;origine animale. De plus, il est recommand\u00e9 par les dermatologues et convient aux peaux sujettes \u00e0 l&#8217;ecz\u00e9ma. Vous pouvez \u00eatre s\u00fbr(e) que notre formule ne contient pas de parab\u00e8nes ni de phtalates.<\/p>\n<p>Palmer&#8217;s est la marque de beurre de cacao n\u00b01 en Am\u00e9rique, et 3 dermatologues sur 4 recommandent notre produit. Nous sommes fiers de fabriquer notre Th\u00e9rapie quotidienne de la peau aux \u00c9tats-Unis depuis plus de 180 ans, en utilisant des ingr\u00e9dients naturels de la plus haute qualit\u00e9 pour une hydratation sup\u00e9rieure.<\/p>\n<p>Pour des r\u00e9sultats optimaux, utilisez notre lotion en combinaison avec l&#8217;huile corporelle au beurre de cacao de Palmer et la formule solide originale. Commandez d\u00e8s maintenant votre Th\u00e9rapie quotidienne de la peau Palmer&#8217;s pour une peau douce et hydrat\u00e9e en tout temps.<\/p>","protected":false},"excerpt":{"rendered":"<p>Dites adieu \u00e0 la peau s\u00e8che et rugueuse avec la Th\u00e9rapie quotidienne de la peau de Palmer&#8217;s. Cette lotion corporelle est formul\u00e9e avec du beurre de cacao naturel et de la vitamine E pour hydrater intens\u00e9ment votre peau, la laissant d&#8217;apparence plus saine en seulement 48 heures. Notre produit est respectueux des v\u00e9g\u00e9taliens, ne contenant<span class=\"read-more-faq\"><a href=\"https:\/\/sakaba.mghosteur.com\/en\/product\/palmers-heals-softens-daily-skin-therapy\/\">Read More<\/a><\/span><\/p>","protected":false},"featured_media":0,"comment_status":"closed","ping_status":"closed","template":"","meta":[],"product_brand":[],"product_cat":[355],"product_tag":[],"class_list":{"0":"post-24422","1":"product","2":"type-product","3":"status-publish","5":"product_cat-hydratant-corps","7":"first","8":"instock","9":"shipping-taxable","10":"product-type-simple"},"jetpack-related-posts":[],"_links":{"self":[{"href":"https:\/\/sakaba.mghosteur.com\/en\/wp-json\/wp\/v2\/product\/24422","targetHints":{"allow":["GET"]}}],"collection":[{"href":"https:\/\/sakaba.mghosteur.com\/en\/wp-json\/wp\/v2\/product"}],"about":[{"href":"https:\/\/sakaba.mghosteur.com\/en\/wp-json\/wp\/v2\/types\/product"}],"replies":[{"embeddable":true,"href":"https:\/\/sakaba.mghosteur.com\/en\/wp-json\/wp\/v2\/comments?post=24422"}],"version-history":[{"count":0,"href":"https:\/\/sakaba.mghosteur.com\/en\/wp-json\/wp\/v2\/product\/24422\/revisions"}],"wp:attachment":[{"href":"https:\/\/sakaba.mghosteur.com\/en\/wp-json\/wp\/v2\/media?parent=24422"}],"wp:term":[{"taxonomy":"product_brand","embeddable":true,"href":"https:\/\/sakaba.mghosteur.com\/en\/wp-json\/wp\/v2\/product_brand?post=24422"},{"taxonomy":"product_cat","embeddable":true,"href":"https:\/\/sakaba.mghosteur.com\/en\/wp-json\/wp\/v2\/product_cat?post=24422"},{"taxonomy":"product_tag","embeddable":true,"href":"https:\/\/sakaba.mghosteur.com\/en\/wp-json\/wp\/v2\/product_tag?post=24422"}],"curies":[{"name":"wp","href":"https:\/\/api.w.org\/{rel}","templated":true}]}}