{"id":24424,"date":"2022-11-10T11:45:21","date_gmt":"2022-11-10T11:45:21","guid":{"rendered":"http:\/\/www.sakababeauty.com\/?post_type=product&#038;p=24424"},"modified":"2023-04-14T10:49:52","modified_gmt":"2023-04-14T10:49:52","slug":"palmers-heals-softens-18-7-oz","status":"publish","type":"product","link":"https:\/\/sakaba.mghosteur.com\/en\/product\/palmers-heals-softens-18-7-oz\/","title":{"rendered":"PALMERS HEALS SOFTENS 18.7 OZ"},"content":{"rendered":"<p>D\u00e9couvrez le beurre de cacao de la marque Palmer&#8217;s, un soin de qualit\u00e9 pour les peaux rugueuses et s\u00e8ches. Le beurre de cacao est une substance naturelle issue de la graine de cacao, qui retient l&#8217;humidit\u00e9 entre les couches de la peau, pr\u00e9venant ainsi la d\u00e9shydratation. La vitamine E contenue dans notre produit poss\u00e8de des propri\u00e9t\u00e9s antioxydantes qui aident \u00e0 lutter contre les signes de vieillissement. Le beurre de cacao adoucit la peau et \u00e9limine les marques cutan\u00e9es avec une utilisation r\u00e9guli\u00e8re, laissant votre peau saine et radieuse.<\/p>\n<p>Le beurre de cacao Palmer&#8217;s contient 100% de pur beurre de cacao et de la vitamine E, pour nourrir en profondeur les peaux s\u00e8ches et rugueuses. Il fond \u00e0 la temp\u00e9rature du corps pour une absorption rapide et profonde, lissant les marques et cicatrices pour tonifier la peau. Il favorise \u00e9galement la cicatrisation et prot\u00e8ge contre les effets du vieillissement caus\u00e9s par le soleil. Offrez \u00e0 votre peau un soin de qualit\u00e9 avec le beurre de cacao Palmer&#8217;s pour gu\u00e9rir et nourrir en profondeur la peau s\u00e8che.<\/p>","protected":false},"excerpt":{"rendered":"<p>D\u00e9couvrez le beurre de cacao de la marque Palmer&#8217;s, un soin de qualit\u00e9 pour les peaux rugueuses et s\u00e8ches. Le beurre de cacao est une substance naturelle issue de la graine de cacao, qui retient l&#8217;humidit\u00e9 entre les couches de la peau, pr\u00e9venant ainsi la d\u00e9shydratation. La vitamine E contenue dans notre produit poss\u00e8de des<span class=\"read-more-faq\"><a href=\"https:\/\/sakaba.mghosteur.com\/en\/product\/palmers-heals-softens-18-7-oz\/\">Read More<\/a><\/span><\/p>","protected":false},"featured_media":0,"comment_status":"closed","ping_status":"closed","template":"","meta":[],"product_brand":[],"product_cat":[355],"product_tag":[],"class_list":{"0":"post-24424","1":"product","2":"type-product","3":"status-publish","5":"product_cat-hydratant-corps","7":"first","8":"instock","9":"shipping-taxable","10":"product-type-simple"},"jetpack-related-posts":[{"id":34745,"url":"https:\/\/sakaba.mghosteur.com\/en\/product\/jamaican-black-castor-oil-gm\/","url_meta":{"origin":24424,"position":0},"title":"SUNNY ISLE JAMAICAN BLACK CASTOR OIL GM","author":"admin","date":"May 31, 2024","format":false,"excerpt":"Sunny Isle The Original Jamaican Black Castor Oil is a hair oil that is made from pure Jamaican black castor seeds.\u00a0It is rich in nutrients such as omega fatty acids, vitamin E, and minerals, and is designed to moisturize dry hair, reduce breakage, and help repair damaged strands.\u00a0It has a\u2026","rel":"","context":"Similar post","block_context":{"text":"Similar post","link":""},"img":{"alt_text":"","src":"","width":0,"height":0},"classes":[]}],"_links":{"self":[{"href":"https:\/\/sakaba.mghosteur.com\/en\/wp-json\/wp\/v2\/product\/24424","targetHints":{"allow":["GET"]}}],"collection":[{"href":"https:\/\/sakaba.mghosteur.com\/en\/wp-json\/wp\/v2\/product"}],"about":[{"href":"https:\/\/sakaba.mghosteur.com\/en\/wp-json\/wp\/v2\/types\/product"}],"replies":[{"embeddable":true,"href":"https:\/\/sakaba.mghosteur.com\/en\/wp-json\/wp\/v2\/comments?post=24424"}],"version-history":[{"count":0,"href":"https:\/\/sakaba.mghosteur.com\/en\/wp-json\/wp\/v2\/product\/24424\/revisions"}],"wp:attachment":[{"href":"https:\/\/sakaba.mghosteur.com\/en\/wp-json\/wp\/v2\/media?parent=24424"}],"wp:term":[{"taxonomy":"product_brand","embeddable":true,"href":"https:\/\/sakaba.mghosteur.com\/en\/wp-json\/wp\/v2\/product_brand?post=24424"},{"taxonomy":"product_cat","embeddable":true,"href":"https:\/\/sakaba.mghosteur.com\/en\/wp-json\/wp\/v2\/product_cat?post=24424"},{"taxonomy":"product_tag","embeddable":true,"href":"https:\/\/sakaba.mghosteur.com\/en\/wp-json\/wp\/v2\/product_tag?post=24424"}],"curies":[{"name":"wp","href":"https:\/\/api.w.org\/{rel}","templated":true}]}}