{"id":24429,"date":"2022-11-10T11:50:11","date_gmt":"2022-11-10T11:50:11","guid":{"rendered":"http:\/\/www.sakababeauty.com\/?post_type=product&#038;p=24429"},"modified":"2023-04-13T12:42:51","modified_gmt":"2023-04-13T12:42:51","slug":"palmers-daily-skin-therapy-value-size-33-8-oz","status":"publish","type":"product","link":"https:\/\/sakaba.mghosteur.com\/en\/product\/palmers-daily-skin-therapy-value-size-33-8-oz\/","title":{"rendered":"Palmers Daily Skin Therapy, Value Size, 33.8 OZ"},"content":{"rendered":"<p>D\u00e9couvrez la lotion th\u00e9rapeutique quotidienne au beurre de cacao pur et \u00e0 la vitamine E de Palmer&#8217;s, un must-have pour tous les types de peau. Avec une capacit\u00e9 de 33,8 fl. oz. dans un lot de 2, cette lotion \u00e0 absorption rapide offre une hydratation durable pendant 24 heures, prouv\u00e9e pour gu\u00e9rir la peau s\u00e8che. Cette lotion convient \u00e9galement aux peaux sujettes \u00e0 l&#8217;ecz\u00e9ma et est exempte de parab\u00e8nes, de phtalates, d&#8217;huiles min\u00e9rales, de sulfates de gluten et de colorants nocifs. Vous pouvez avoir confiance en la qualit\u00e9 de ce produit de la marque Palmer&#8217;s, qui utilise des ingr\u00e9dients de haute qualit\u00e9 pour prendre soin de votre peau. Avant d&#8217;utiliser ce produit, assurez-vous de consulter les informations nutritionnelles et les allerg\u00e8nes ainsi que les instructions pour une utilisation appropri\u00e9e.<\/p>","protected":false},"excerpt":{"rendered":"<p>D\u00e9couvrez la lotion th\u00e9rapeutique quotidienne au beurre de cacao pur et \u00e0 la vitamine E de Palmer&#8217;s, un must-have pour tous les types de peau. Avec une capacit\u00e9 de 33,8 fl. oz. dans un lot de 2, cette lotion \u00e0 absorption rapide offre une hydratation durable pendant 24 heures, prouv\u00e9e pour gu\u00e9rir la peau s\u00e8che.<span class=\"read-more-faq\"><a href=\"https:\/\/sakaba.mghosteur.com\/en\/product\/palmers-daily-skin-therapy-value-size-33-8-oz\/\">Read More<\/a><\/span><\/p>","protected":false},"featured_media":0,"comment_status":"closed","ping_status":"closed","template":"","meta":[],"product_brand":[],"product_cat":[355],"product_tag":[],"class_list":{"0":"post-24429","1":"product","2":"type-product","3":"status-publish","5":"product_cat-hydratant-corps","7":"first","8":"instock","9":"shipping-taxable","10":"product-type-simple"},"jetpack-related-posts":[{"id":29752,"url":"https:\/\/sakaba.mghosteur.com\/en\/product\/skin-success-moisturizing-lotion\/","url_meta":{"origin":24429,"position":0},"title":"SKIN SUCCESS MOISTURIZING LOTION","author":"admin","date":"April 19, 2023","format":false,"excerpt":"D\u00e9couvrez la lotion hydratante anti-taches sombres de Palmer's Skin Success. Cette lotion pour le corps est riche en ingr\u00e9dients naturels tels que le beurre de cacao, la vitamine E et le soja pour une peau douce et soyeuse. Elle est absorb\u00e9e rapidement et ne laisse pas d'effet gras, ce qui\u2026","rel":"","context":"Similar post","block_context":{"text":"Similar post","link":""},"img":{"alt_text":"","src":"","width":0,"height":0},"classes":[]},{"id":29669,"url":"https:\/\/sakaba.mghosteur.com\/en\/product\/palmers-coconut-oil-formula-body-lotion\/","url_meta":{"origin":24429,"position":1},"title":"Palmer&#8217;s Coconut Oil Formula Body lotion","author":"admin","date":"April 13, 2023","format":false,"excerpt":"La lotion pour le corps \u00e0 la noix de coco de la marque Palmer's est le choix parfait pour une peau hydrat\u00e9e et r\u00e9g\u00e9n\u00e9r\u00e9e. Cette lotion est formul\u00e9e avec de l'huile de noix de coco extra vierge biologique certifi\u00e9e \u00e9quitable et de l'extrait de caf\u00e9 vert pour vous offrir une\u2026","rel":"","context":"Similar post","block_context":{"text":"Similar post","link":""},"img":{"alt_text":"","src":"","width":0,"height":0},"classes":[]},{"id":24424,"url":"https:\/\/sakaba.mghosteur.com\/en\/product\/palmers-heals-softens-18-7-oz\/","url_meta":{"origin":24429,"position":2},"title":"PALMERS HEALS SOFTENS 18.7 OZ","author":"admin","date":"November 10, 2022","format":false,"excerpt":"D\u00e9couvrez le beurre de cacao de la marque Palmer's, un soin de qualit\u00e9 pour les peaux rugueuses et s\u00e8ches. Le beurre de cacao est une substance naturelle issue de la graine de cacao, qui retient l'humidit\u00e9 entre les couches de la peau, pr\u00e9venant ainsi la d\u00e9shydratation. La vitamine E contenue\u2026","rel":"","context":"Similar post","block_context":{"text":"Similar post","link":""},"img":{"alt_text":"","src":"","width":0,"height":0},"classes":[]},{"id":24422,"url":"https:\/\/sakaba.mghosteur.com\/en\/product\/palmers-heals-softens-daily-skin-therapy\/","url_meta":{"origin":24429,"position":3},"title":"PALMERS HEALS SOFTENS DAILY SKIN THERAPY","author":"admin","date":"November 10, 2022","format":false,"excerpt":"Dites adieu \u00e0 la peau s\u00e8che et rugueuse avec la Th\u00e9rapie quotidienne de la peau de Palmer's. Cette lotion corporelle est formul\u00e9e avec du beurre de cacao naturel et de la vitamine E pour hydrater intens\u00e9ment votre peau, la laissant d'apparence plus saine en seulement 48 heures. Notre produit est\u2026","rel":"","context":"Similar post","block_context":{"text":"Similar post","link":""},"img":{"alt_text":"","src":"","width":0,"height":0},"classes":[]},{"id":24414,"url":"https:\/\/sakaba.mghosteur.com\/en\/product\/palmers-cocoa-butter-formula-with-vitamin-e-heals-softens\/","url_meta":{"origin":24429,"position":4},"title":"Palmers Cocoa Butter Daily Skin Therapy","author":"admin","date":"November 10, 2022","format":false,"excerpt":"La lotion corporelle Daily Skin Therapy de Palmer's est le produit parfait pour prendre soin de votre peau s\u00e8che et rugueuse. Elle contient du beurre de cacao naturel et de la vitamine E, deux ingr\u00e9dients intens\u00e9ment hydratants qui gu\u00e9rissent et adoucissent votre peau pour lui donner une apparence plus saine.\u2026","rel":"","context":"Similar post","block_context":{"text":"Similar post","link":""},"img":{"alt_text":"","src":"","width":0,"height":0},"classes":[]},{"id":29681,"url":"https:\/\/sakaba.mghosteur.com\/en\/product\/palmers-firm-tones-firming-body-lotion\/","url_meta":{"origin":24429,"position":5},"title":"PALMERS FIRM TONES FIRMING BODY LOTION","author":"admin","date":"April 13, 2023","format":false,"excerpt":"Le lait corporel raffermissant Palmer's est un produit de soin de la peau qui utilise du beurre de cacao naturel, du collag\u00e8ne, de l'\u00e9lastine, du Q10 et de la vitamine E pour tonifier et raffermir visiblement la peau. Ce produit offre 48 heures d'humidit\u00e9 et est respectueux des v\u00e9g\u00e9taliens, sans\u2026","rel":"","context":"Similar post","block_context":{"text":"Similar post","link":""},"img":{"alt_text":"","src":"","width":0,"height":0},"classes":[]}],"_links":{"self":[{"href":"https:\/\/sakaba.mghosteur.com\/en\/wp-json\/wp\/v2\/product\/24429","targetHints":{"allow":["GET"]}}],"collection":[{"href":"https:\/\/sakaba.mghosteur.com\/en\/wp-json\/wp\/v2\/product"}],"about":[{"href":"https:\/\/sakaba.mghosteur.com\/en\/wp-json\/wp\/v2\/types\/product"}],"replies":[{"embeddable":true,"href":"https:\/\/sakaba.mghosteur.com\/en\/wp-json\/wp\/v2\/comments?post=24429"}],"version-history":[{"count":0,"href":"https:\/\/sakaba.mghosteur.com\/en\/wp-json\/wp\/v2\/product\/24429\/revisions"}],"wp:attachment":[{"href":"https:\/\/sakaba.mghosteur.com\/en\/wp-json\/wp\/v2\/media?parent=24429"}],"wp:term":[{"taxonomy":"product_brand","embeddable":true,"href":"https:\/\/sakaba.mghosteur.com\/en\/wp-json\/wp\/v2\/product_brand?post=24429"},{"taxonomy":"product_cat","embeddable":true,"href":"https:\/\/sakaba.mghosteur.com\/en\/wp-json\/wp\/v2\/product_cat?post=24429"},{"taxonomy":"product_tag","embeddable":true,"href":"https:\/\/sakaba.mghosteur.com\/en\/wp-json\/wp\/v2\/product_tag?post=24429"}],"curies":[{"name":"wp","href":"https:\/\/api.w.org\/{rel}","templated":true}]}}